{"id":13964,"date":"2023-12-05T17:08:41","date_gmt":"2023-12-05T22:08:41","guid":{"rendered":"https:\/\/kmedia.co\/?page_id=13964"},"modified":"2023-12-05T17:08:41","modified_gmt":"2023-12-05T22:08:41","slug":"plan-lider-digital","status":"publish","type":"page","link":"https:\/\/kmedia.co\/pt\/transformacion-digital\/pymes\/plan-lider-digital\/","title":{"rendered":"Plano L\u00edder Digital"},"content":{"rendered":"<div data-elementor-type=\"wp-page\" data-elementor-id=\"13964\" class=\"elementor elementor-13964\" data-elementor-post-type=\"page\">\n\t\t\t\t\t\t<section class=\"elementor-section elementor-top-section elementor-element elementor-element-b503208 elementor-section-content-middle elementor-section-boxed elementor-section-height-default elementor-section-height-default\" data-id=\"b503208\" data-element_type=\"section\">\n\t\t\t\t\t\t<div class=\"elementor-container elementor-column-gap-extended\">\n\t\t\t\t\t<div class=\"elementor-column elementor-col-100 elementor-top-column elementor-element elementor-element-1178744d ot-flex-column-vertical\" data-id=\"1178744d\" data-element_type=\"column\">\n\t\t\t<div class=\"elementor-widget-wrap\">\n\t\t\t\t\t\t\t<\/div>\n\t\t<\/div>\n\t\t\t\t\t<\/div>\n\t\t<\/section>\n\t\t\t\t<section class=\"elementor-section elementor-top-section elementor-element elementor-element-3d5fa3f elementor-section-boxed elementor-section-height-default elementor-section-height-default\" data-id=\"3d5fa3f\" data-element_type=\"section\" id=\"planes\">\n\t\t\t\t\t\t<div class=\"elementor-container elementor-column-gap-default\">\n\t\t\t\t\t<div class=\"elementor-column elementor-col-100 elementor-top-column elementor-element elementor-element-d4952c2 ot-flex-column-vertical\" data-id=\"d4952c2\" data-element_type=\"column\">\n\t\t\t<div class=\"elementor-widget-wrap elementor-element-populated\">\n\t\t\t\t\t\t<section class=\"elementor-section elementor-inner-section elementor-element elementor-element-bf832ca elementor-section-full_width elementor-section-height-default elementor-section-height-default\" data-id=\"bf832ca\" data-element_type=\"section\">\n\t\t\t\t\t\t<div class=\"elementor-container elementor-column-gap-extended\">\n\t\t\t\t\t<div class=\"elementor-column elementor-col-100 elementor-inner-column elementor-element elementor-element-3c9584a ot-flex-column-vertical\" data-id=\"3c9584a\" data-element_type=\"column\">\n\t\t\t<div class=\"elementor-widget-wrap elementor-element-populated\">\n\t\t\t\t\t\t<div class=\"elementor-element elementor-element-e31adec elementor-widget elementor-widget-iheading\" data-id=\"e31adec\" data-element_type=\"widget\" data-widget_type=\"iheading.default\">\n\t\t\t\t<div class=\"elementor-widget-container\">\n\t\t\t\t\t\t\t<div class=\"ot-heading center-align\">\r\n\t\t\t\r\n\t\t\t\t\r\n\r\n\t        \t            <h6 class=\"sub-heading\"><span>Transforma\u00e7\u00e3o Digital<\/span><\/h6>\r\n\t         \r\n\r\n\t        \t        \t<h2 class=\"main-heading\">Plano L\u00edder Digital<\/h2>\r\n\t        \t    <\/div>\r\n\t    \t\t\t\t<\/div>\n\t\t\t\t<\/div>\n\t\t\t\t\t<\/div>\n\t\t<\/div>\n\t\t\t\t\t<\/div>\n\t\t<\/section>\n\t\t\t\t\t<\/div>\n\t\t<\/div>\n\t\t\t\t\t<\/div>\n\t\t<\/section>\n\t\t\t\t<section class=\"elementor-section elementor-top-section elementor-element elementor-element-85c6ed3 elementor-section-boxed elementor-section-height-default elementor-section-height-default\" data-id=\"85c6ed3\" data-element_type=\"section\">\n\t\t\t\t\t\t<div class=\"elementor-container elementor-column-gap-default\">\n\t\t\t\t\t<div class=\"elementor-column elementor-col-50 elementor-top-column elementor-element elementor-element-ed04e45 ot-column-items-top ot-flex-column-vertical\" data-id=\"ed04e45\" data-element_type=\"column\">\n\t\t\t<div class=\"elementor-widget-wrap\">\n\t\t\t\t\t\t\t<\/div>\n\t\t<\/div>\n\t\t\t\t<div class=\"elementor-column elementor-col-50 elementor-top-column elementor-element elementor-element-86c4de0 ot-flex-column-vertical\" data-id=\"86c4de0\" data-element_type=\"column\">\n\t\t\t<div class=\"elementor-widget-wrap elementor-element-populated\">\n\t\t\t\t\t\t<div class=\"elementor-element elementor-element-a2a0833 elementor-widget elementor-widget-itabs\" data-id=\"a2a0833\" data-element_type=\"widget\" data-widget_type=\"itabs.default\">\n\t\t\t\t<div class=\"elementor-widget-container\">\n\t\t\t\t\t\r\n\t\t<div class=\"ot-tabs\">\r\n\t\t\t\t\t\t<ul class=\"tabs-heading unstyle\">\r\n\t\t\t\t\t\t\t\t<li class=\"tab-link octf-btn\" data-tab=\"tab-1132\">Plano L\u00edder Digital<\/li>\r\n\t\t\t\t\t\t\t<\/ul>\r\n\t\t\t\t\t\t<div id=\"tab-1132\" class=\"tab-content\">\r\n\t\t\t\t<p style=\"font-weight: bold; font-size: 30px;\"><sup><span style=\"vertical-align: inherit;\"><span style=\"vertical-align: inherit;\"><span style=\"vertical-align: inherit;\"><span style=\"vertical-align: inherit;\">COL$<\/span><\/span><\/span><\/span><\/sup><span style=\"vertical-align: inherit;\"><span style=\"vertical-align: inherit;\"><span style=\"vertical-align: inherit;\"><span style=\"vertical-align: inherit;\"> 950.000<\/span><\/span><\/span><\/span><\/p><ul class=\"has-icon unstyle\"><li><i class=\"flaticon-check\"><\/i><strong><span style=\"vertical-align: inherit;\"><span style=\"vertical-align: inherit;\">Estrat\u00e9gias internacionais de SEO:<\/span><\/span><\/strong><br \/><span style=\"vertical-align: inherit;\"><span style=\"vertical-align: inherit;\">Otimiza\u00e7\u00e3o global de mecanismos de busca, incluindo estrat\u00e9gias de backlinks e conte\u00fado otimizado.<\/span><\/span><br \/><i class=\"flaticon-check\"><\/i><\/li><li><i class=\"flaticon-check\"><br \/><\/i><strong><span style=\"vertical-align: inherit;\"><span style=\"vertical-align: inherit;\">Gerenciamento avan\u00e7ado de m\u00eddia social:<\/span><\/span><\/strong><br \/><span style=\"vertical-align: inherit;\"><span style=\"vertical-align: inherit;\">Estrat\u00e9gias de conte\u00fado e publicidade para atingir p\u00fablicos internacionais, com gest\u00e3o integral e monitoramento avan\u00e7ado.<\/span><\/span><br \/><i class=\"flaticon-check\"><\/i><\/li><li><i class=\"flaticon-check\"><br \/><\/i><strong><span style=\"vertical-align: inherit;\"><span style=\"vertical-align: inherit;\">Marketing de conte\u00fado premium:<\/span><\/span><\/strong><br \/><span style=\"vertical-align: inherit;\"><span style=\"vertical-align: inherit;\">Cria\u00e7\u00e3o de conte\u00fado de alta qualidade, incluindo v\u00eddeos, infogr\u00e1ficos e estudos de caso.<\/span><\/span><br \/><i class=\"flaticon-check\"><\/i><\/li><li><i class=\"flaticon-check\"><br \/><\/i><strong><span style=\"vertical-align: inherit;\"><span style=\"vertical-align: inherit;\">Campanhas publicit\u00e1rias digitais em larga escala:<\/span><\/span><\/strong><br \/><span style=\"vertical-align: inherit;\"><span style=\"vertical-align: inherit;\">Gerenciamento de campanhas multiplataforma para maximizar o alcance e o ROI.<\/span><\/span><\/li><li><i class=\"flaticon-check\"><br \/><\/i><strong><span style=\"vertical-align: inherit;\"><span style=\"vertical-align: inherit;\">An\u00e1lise Competitiva e Consultoria Cont\u00ednua: <\/span><\/span><\/strong><br \/><span style=\"vertical-align: inherit;\"><span style=\"vertical-align: inherit;\">Monitoramento constante da concorr\u00eancia e consultoria estrat\u00e9gica, com sess\u00f5es mensais de estrat\u00e9gia.<\/span><\/span><\/li><li><i class=\"flaticon-check\"><br \/><\/i><strong><span style=\"vertical-align: inherit;\"><span style=\"vertical-align: inherit;\">Hospedagem Web Gratuita com Suporte Premium: <\/span><\/span><\/strong><br \/><span style=\"vertical-align: inherit;\"><span style=\"vertical-align: inherit;\">Hospedagem web com recursos avan\u00e7ados e suporte t\u00e9cnico premium.<\/span><\/span><\/li><li><i class=\"flaticon-check\"><br \/><\/i><strong><span style=\"vertical-align: inherit;\"><span style=\"vertical-align: inherit;\">Configura\u00e7\u00e3o inicial completa: <\/span><\/span><\/strong><br \/><span style=\"vertical-align: inherit;\"><span style=\"vertical-align: inherit;\">Inclui todos os elementos dos planos anteriores, al\u00e9m do desenvolvimento de uma estrat\u00e9gia abrangente de marketing digital.<\/span><\/span><\/li><\/ul>\t\t\t<\/div>\r\n\t\t\t\t    <\/div>\r\n\r\n\t    \t\t\t\t<\/div>\n\t\t\t\t<\/div>\n\t\t\t\t\t<\/div>\n\t\t<\/div>\n\t\t\t\t\t<\/div>\n\t\t<\/section>\n\t\t\t\t<\/div>","protected":false},"excerpt":{"rendered":"<p>Transformaci\u00f3n Digital Plan L\u00edder Digital Plan L\u00edder Digital COL$ 950.000 Estrategias SEO Internacionales:Optimizaci\u00f3n para motores de b\u00fasqueda a nivel global, incluyendo estrategias de backlinks y contenido optimizado. Gesti\u00f3n Avanzada de Redes Sociales:Estrategias de contenido y publicidad para alcanzar audiencias internacionales, con gesti\u00f3n integral y monitoreo avanzado. Marketing de Contenidos Premium:Creaci\u00f3n de contenido de alta calidad, [&hellip;]<\/p>","protected":false},"author":1,"featured_media":7850,"parent":13875,"menu_order":0,"comment_status":"closed","ping_status":"closed","template":"","meta":{"_eb_attr":"","footnotes":""},"class_list":["post-13964","page","type-page","status-publish","has-post-thumbnail","hentry"],"yoast_head":"<!-- This site is optimized with the Yoast SEO plugin v26.5 - https:\/\/yoast.com\/wordpress\/plugins\/seo\/ -->\n<title>Plan L\u00edder Digital - kmedia<\/title>\n<meta name=\"description\" content=\"Descubra con Kmedia.co la transformaci\u00f3n digital para PYMES: personalizada, rentable y lista para el \u00e9xito en el mundo digital.\" \/>\n<meta name=\"robots\" content=\"index, follow, max-snippet:-1, max-image-preview:large, max-video-preview:-1\" \/>\n<link rel=\"canonical\" href=\"https:\/\/kmedia.co\/pt\/transformacion-digital\/pymes\/plan-lider-digital\/\" \/>\n<meta property=\"og:locale\" content=\"pt_BR\" \/>\n<meta property=\"og:type\" content=\"article\" \/>\n<meta property=\"og:title\" content=\"Plan L\u00edder Digital - kmedia\" \/>\n<meta property=\"og:description\" content=\"Descubra con Kmedia.co la transformaci\u00f3n digital para PYMES: personalizada, rentable y lista para el \u00e9xito en el mundo digital.\" \/>\n<meta property=\"og:url\" content=\"https:\/\/kmedia.co\/pt\/transformacion-digital\/pymes\/plan-lider-digital\/\" \/>\n<meta property=\"og:site_name\" content=\"kmedia\" \/>\n<meta property=\"og:image\" content=\"https:\/\/kmedia.co\/wp-content\/uploads\/2021\/04\/icon-servicio-wa-business-marketing.png\" \/>\n\t<meta property=\"og:image:width\" content=\"150\" \/>\n\t<meta property=\"og:image:height\" content=\"150\" \/>\n\t<meta property=\"og:image:type\" content=\"image\/png\" \/>\n<meta name=\"twitter:card\" content=\"summary_large_image\" \/>\n<meta name=\"twitter:label1\" content=\"Est. tempo de leitura\" \/>\n\t<meta name=\"twitter:data1\" content=\"3 minutos\" \/>\n<script type=\"application\/ld+json\" class=\"yoast-schema-graph\">{\"@context\":\"https:\/\/schema.org\",\"@graph\":[{\"@type\":\"WebPage\",\"@id\":\"https:\/\/kmedia.co\/transformacion-digital\/pymes\/plan-lider-digital\/\",\"url\":\"https:\/\/kmedia.co\/transformacion-digital\/pymes\/plan-lider-digital\/\",\"name\":\"Plan L\u00edder Digital - kmedia\",\"isPartOf\":{\"@id\":\"https:\/\/kmedia.co\/#website\"},\"primaryImageOfPage\":{\"@id\":\"https:\/\/kmedia.co\/transformacion-digital\/pymes\/plan-lider-digital\/#primaryimage\"},\"image\":{\"@id\":\"https:\/\/kmedia.co\/transformacion-digital\/pymes\/plan-lider-digital\/#primaryimage\"},\"thumbnailUrl\":\"https:\/\/kmedia.co\/wp-content\/uploads\/2021\/04\/icon-servicio-wa-business-marketing.png\",\"datePublished\":\"2023-12-05T22:08:41+00:00\",\"description\":\"Descubra con Kmedia.co la transformaci\u00f3n digital para PYMES: personalizada, rentable y lista para el \u00e9xito en el mundo digital.\",\"breadcrumb\":{\"@id\":\"https:\/\/kmedia.co\/transformacion-digital\/pymes\/plan-lider-digital\/#breadcrumb\"},\"inLanguage\":\"pt-BR\",\"potentialAction\":[{\"@type\":\"ReadAction\",\"target\":[\"https:\/\/kmedia.co\/transformacion-digital\/pymes\/plan-lider-digital\/\"]}]},{\"@type\":\"ImageObject\",\"inLanguage\":\"pt-BR\",\"@id\":\"https:\/\/kmedia.co\/transformacion-digital\/pymes\/plan-lider-digital\/#primaryimage\",\"url\":\"https:\/\/kmedia.co\/wp-content\/uploads\/2021\/04\/icon-servicio-wa-business-marketing.png\",\"contentUrl\":\"https:\/\/kmedia.co\/wp-content\/uploads\/2021\/04\/icon-servicio-wa-business-marketing.png\",\"width\":150,\"height\":150,\"caption\":\"icono servicio WhatsApp business marketing\"},{\"@type\":\"BreadcrumbList\",\"@id\":\"https:\/\/kmedia.co\/transformacion-digital\/pymes\/plan-lider-digital\/#breadcrumb\",\"itemListElement\":[{\"@type\":\"ListItem\",\"position\":1,\"name\":\"Home\",\"item\":\"https:\/\/kmedia.co\/\"},{\"@type\":\"ListItem\",\"position\":2,\"name\":\"Transformaci\u00f3n Digital\",\"item\":\"https:\/\/kmedia.co\/transformacion-digital\/\"},{\"@type\":\"ListItem\",\"position\":3,\"name\":\"Pymes\",\"item\":\"https:\/\/kmedia.co\/transformacion-digital\/pymes\/\"},{\"@type\":\"ListItem\",\"position\":4,\"name\":\"Plan L\u00edder Digital\"}]},{\"@type\":\"WebSite\",\"@id\":\"https:\/\/kmedia.co\/#website\",\"url\":\"https:\/\/kmedia.co\/\",\"name\":\"kmedia\",\"description\":\"Planee y desarrolle su  estrategia digital con KMEDIA. PBX :702 2000\",\"potentialAction\":[{\"@type\":\"SearchAction\",\"target\":{\"@type\":\"EntryPoint\",\"urlTemplate\":\"https:\/\/kmedia.co\/?s={search_term_string}\"},\"query-input\":{\"@type\":\"PropertyValueSpecification\",\"valueRequired\":true,\"valueName\":\"search_term_string\"}}],\"inLanguage\":\"pt-BR\"}]}<\/script>\n<!-- \/ Yoast SEO plugin. -->","yoast_head_json":{"title":"Plan L\u00edder Digital - kmedia","description":"Descubra con Kmedia.co la transformaci\u00f3n digital para PYMES: personalizada, rentable y lista para el \u00e9xito en el mundo digital.","robots":{"index":"index","follow":"follow","max-snippet":"max-snippet:-1","max-image-preview":"max-image-preview:large","max-video-preview":"max-video-preview:-1"},"canonical":"https:\/\/kmedia.co\/pt\/transformacion-digital\/pymes\/plan-lider-digital\/","og_locale":"pt_BR","og_type":"article","og_title":"Plan L\u00edder Digital - kmedia","og_description":"Descubra con Kmedia.co la transformaci\u00f3n digital para PYMES: personalizada, rentable y lista para el \u00e9xito en el mundo digital.","og_url":"https:\/\/kmedia.co\/pt\/transformacion-digital\/pymes\/plan-lider-digital\/","og_site_name":"kmedia","og_image":[{"width":150,"height":150,"url":"https:\/\/kmedia.co\/wp-content\/uploads\/2021\/04\/icon-servicio-wa-business-marketing.png","type":"image\/png"}],"twitter_card":"summary_large_image","twitter_misc":{"Est. tempo de leitura":"3 minutos"},"schema":{"@context":"https:\/\/schema.org","@graph":[{"@type":"WebPage","@id":"https:\/\/kmedia.co\/transformacion-digital\/pymes\/plan-lider-digital\/","url":"https:\/\/kmedia.co\/transformacion-digital\/pymes\/plan-lider-digital\/","name":"Plan L\u00edder Digital - kmedia","isPartOf":{"@id":"https:\/\/kmedia.co\/#website"},"primaryImageOfPage":{"@id":"https:\/\/kmedia.co\/transformacion-digital\/pymes\/plan-lider-digital\/#primaryimage"},"image":{"@id":"https:\/\/kmedia.co\/transformacion-digital\/pymes\/plan-lider-digital\/#primaryimage"},"thumbnailUrl":"https:\/\/kmedia.co\/wp-content\/uploads\/2021\/04\/icon-servicio-wa-business-marketing.png","datePublished":"2023-12-05T22:08:41+00:00","description":"Descubra con Kmedia.co la transformaci\u00f3n digital para PYMES: personalizada, rentable y lista para el \u00e9xito en el mundo digital.","breadcrumb":{"@id":"https:\/\/kmedia.co\/transformacion-digital\/pymes\/plan-lider-digital\/#breadcrumb"},"inLanguage":"pt-BR","potentialAction":[{"@type":"ReadAction","target":["https:\/\/kmedia.co\/transformacion-digital\/pymes\/plan-lider-digital\/"]}]},{"@type":"ImageObject","inLanguage":"pt-BR","@id":"https:\/\/kmedia.co\/transformacion-digital\/pymes\/plan-lider-digital\/#primaryimage","url":"https:\/\/kmedia.co\/wp-content\/uploads\/2021\/04\/icon-servicio-wa-business-marketing.png","contentUrl":"https:\/\/kmedia.co\/wp-content\/uploads\/2021\/04\/icon-servicio-wa-business-marketing.png","width":150,"height":150,"caption":"icono servicio WhatsApp business marketing"},{"@type":"BreadcrumbList","@id":"https:\/\/kmedia.co\/transformacion-digital\/pymes\/plan-lider-digital\/#breadcrumb","itemListElement":[{"@type":"ListItem","position":1,"name":"Home","item":"https:\/\/kmedia.co\/"},{"@type":"ListItem","position":2,"name":"Transformaci\u00f3n Digital","item":"https:\/\/kmedia.co\/transformacion-digital\/"},{"@type":"ListItem","position":3,"name":"Pymes","item":"https:\/\/kmedia.co\/transformacion-digital\/pymes\/"},{"@type":"ListItem","position":4,"name":"Plan L\u00edder Digital"}]},{"@type":"WebSite","@id":"https:\/\/kmedia.co\/#website","url":"https:\/\/kmedia.co\/","name":"kmedia","description":"Planeje e desenvolva sua estrat\u00e9gia digital com a KMEDIA. PABX: 702 2000","potentialAction":[{"@type":"SearchAction","target":{"@type":"EntryPoint","urlTemplate":"https:\/\/kmedia.co\/?s={search_term_string}"},"query-input":{"@type":"PropertyValueSpecification","valueRequired":true,"valueName":"search_term_string"}}],"inLanguage":"pt-BR"}]}},"_links":{"self":[{"href":"https:\/\/kmedia.co\/pt\/wp-json\/wp\/v2\/pages\/13964","targetHints":{"allow":["GET"]}}],"collection":[{"href":"https:\/\/kmedia.co\/pt\/wp-json\/wp\/v2\/pages"}],"about":[{"href":"https:\/\/kmedia.co\/pt\/wp-json\/wp\/v2\/types\/page"}],"author":[{"embeddable":true,"href":"https:\/\/kmedia.co\/pt\/wp-json\/wp\/v2\/users\/1"}],"replies":[{"embeddable":true,"href":"https:\/\/kmedia.co\/pt\/wp-json\/wp\/v2\/comments?post=13964"}],"version-history":[{"count":0,"href":"https:\/\/kmedia.co\/pt\/wp-json\/wp\/v2\/pages\/13964\/revisions"}],"up":[{"embeddable":true,"href":"https:\/\/kmedia.co\/pt\/wp-json\/wp\/v2\/pages\/13875"}],"wp:featuredmedia":[{"embeddable":true,"href":"https:\/\/kmedia.co\/pt\/wp-json\/wp\/v2\/media\/7850"}],"wp:attachment":[{"href":"https:\/\/kmedia.co\/pt\/wp-json\/wp\/v2\/media?parent=13964"}],"curies":[{"name":"wp","href":"https:\/\/api.w.org\/{rel}","templated":true}]}}