{"id":16748,"date":"2025-02-03T08:22:51","date_gmt":"2025-02-03T13:22:51","guid":{"rendered":"https:\/\/kmedia.co\/?page_id=16748"},"modified":"2025-02-06T09:56:06","modified_gmt":"2025-02-06T14:56:06","slug":"kommo","status":"publish","type":"page","link":"https:\/\/kmedia.co\/pt\/partners\/kommo\/","title":{"rendered":"Kommo"},"content":{"rendered":"<div data-elementor-type=\"wp-page\" data-elementor-id=\"16748\" class=\"elementor elementor-16748\" data-elementor-post-type=\"page\">\n\t\t\t\t\t\t<section class=\"elementor-section elementor-top-section elementor-element elementor-element-731d00e elementor-section-content-middle elementor-section-boxed elementor-section-height-default elementor-section-height-default\" data-id=\"731d00e\" data-element_type=\"section\">\n\t\t\t\t\t\t<div class=\"elementor-container elementor-column-gap-extended\">\n\t\t\t\t\t<div class=\"elementor-column elementor-col-100 elementor-top-column elementor-element elementor-element-3235f72 ot-flex-column-vertical\" data-id=\"3235f72\" data-element_type=\"column\">\n\t\t\t<div class=\"elementor-widget-wrap elementor-element-populated\">\n\t\t\t\t\t\t<div class=\"elementor-element elementor-element-415e2c6 elementor-widget__width-initial elementor-widget-mobile__width-initial elementor-widget elementor-widget-iheading\" data-id=\"415e2c6\" data-element_type=\"widget\" data-widget_type=\"iheading.default\">\n\t\t\t\t<div class=\"elementor-widget-container\">\n\t\t\t\t\t\t\t<div class=\"ot-heading left-align\">\r\n\t\t\t\r\n\t\t\t\t\r\n\r\n\t        \t            <h6 class=\"sub-heading\"><span>Kommo<\/span><\/h6>\r\n\t         \r\n\r\n\t        \t        \t<h2 class=\"main-heading\">CRM conversacional e automa\u00e7\u00e3o no WhatsApp<\/h2>\r\n\t        \t    <\/div>\r\n\t    \t\t\t\t<\/div>\n\t\t\t\t<\/div>\n\t\t\t\t<div class=\"elementor-element elementor-element-81aa919 elementor-widget elementor-widget-text-editor\" data-id=\"81aa919\" data-element_type=\"widget\" data-widget_type=\"text-editor.default\">\n\t\t\t\t<div class=\"elementor-widget-container\">\n\t\t\t\t\t\t\t\t\t<p><span style=\"font-weight: 400;\">Kommo \u00e9 a solu\u00e7\u00e3o para <\/span><b>CRM conversacional<\/b><span style=\"font-weight: 400;\"> L\u00edder de mercado, especializada em integra\u00e7\u00e3o com WhatsApp, Instagram, Facebook Messenger, Telegram e outros canais de mensagens. Gra\u00e7as \u00e0 nossa parceria com a Kommo, ajudamos empresas a gerenciar seus clientes de forma eficiente. <\/span><b>inteligente, centralizado e automatizado<\/b><span style=\"font-weight: 400;\">.<\/span><\/p>\t\t\t\t\t\t\t\t<\/div>\n\t\t\t\t<\/div>\n\t\t\t\t<div class=\"elementor-element elementor-element-91edde1 elementor-widget elementor-widget-text-editor\" data-id=\"91edde1\" data-element_type=\"widget\" data-widget_type=\"text-editor.default\">\n\t\t\t\t<div class=\"elementor-widget-container\">\n\t\t\t\t\t\t\t\t\t<p><span style=\"font-weight: 400;\">Com o Kommo, as empresas podem:<\/span><\/p>\t\t\t\t\t\t\t\t<\/div>\n\t\t\t\t<\/div>\n\t\t<div class=\"elementor-element elementor-element-f058606 e-flex e-con-boxed e-con e-parent\" data-id=\"f058606\" data-element_type=\"container\">\n\t\t\t\t\t<div class=\"e-con-inner\">\n\t\t\t\t<div class=\"elementor-element elementor-element-e7446d9 elementor-widget elementor-widget-iiconbox\" data-id=\"e7446d9\" data-element_type=\"widget\" data-widget_type=\"iiconbox.default\">\n\t\t\t\t<div class=\"elementor-widget-container\">\n\t\t\t\t\t\t\t<div class=\"icon-box s1\">\r\n\t\t\t<div class=\"bg-s3\"><\/div>\r\n\t\t\t<div class=\"bg-before\"><\/div>\r\n\t\t\t<div class=\"bg-after\"><\/div>\r\n\t\t\t<div class=\"icon-main\">\r\n\t\t        \t\t\t    \r\n\t\t\t    <img decoding=\"async\" src=\"https:\/\/kmedia.co\/wp-content\/uploads\/2021\/04\/consultoria-en-marketing-digital.svg\" title=\"Consultoria em marketing digital\" alt=\"Consultor\u00eda en marketing digital\" loading=\"lazy\" \/>\t\t        \t        <\/div>\r\n\t        <div class=\"content-box\">\r\n\t            <h5 class=\"box-title\">Automatizar respostas<\/h5>\r\n\t            <p>no WhatsApp e redes sociais com bots avan\u00e7ados<\/p>\r\n\t        <\/div>\r\n\t        \t\r\n\t    <\/div>\r\n\t    \t\t\t\t<\/div>\n\t\t\t\t<\/div>\n\t\t\t\t<div class=\"elementor-element elementor-element-329cd75 elementor-widget elementor-widget-iiconbox\" data-id=\"329cd75\" data-element_type=\"widget\" data-widget_type=\"iiconbox.default\">\n\t\t\t\t<div class=\"elementor-widget-container\">\n\t\t\t\t\t\t\t<div class=\"icon-box s1\">\r\n\t\t\t<div class=\"bg-s3\"><\/div>\r\n\t\t\t<div class=\"bg-before\"><\/div>\r\n\t\t\t<div class=\"bg-after\"><\/div>\r\n\t\t\t<div class=\"icon-main\">\r\n\t\t        \t\t\t    \r\n\t\t\t    <img decoding=\"async\" src=\"https:\/\/kmedia.co\/wp-content\/uploads\/2021\/04\/creacion-plan-marketing.svg\" title=\"cria\u00e7\u00e3o de um plano de Marketing Digital\" alt=\"creaci\u00f3n de plan de Marketing Digital\" loading=\"lazy\" \/>\t\t        \t        <\/div>\r\n\t        <div class=\"content-box\">\r\n\t            <h5 class=\"box-title\">Segmentar clientes<\/h5>\r\n\t            <p>e gerencie conversas com fluxos inteligentes<\/p>\r\n\t        <\/div>\r\n\t        \t\r\n\t    <\/div>\r\n\t    \t\t\t\t<\/div>\n\t\t\t\t<\/div>\n\t\t\t\t<div class=\"elementor-element elementor-element-8324b16 elementor-widget elementor-widget-iiconbox\" data-id=\"8324b16\" data-element_type=\"widget\" data-widget_type=\"iiconbox.default\">\n\t\t\t\t<div class=\"elementor-widget-container\">\n\t\t\t\t\t\t\t<div class=\"icon-box s1\">\r\n\t\t\t<div class=\"bg-s3\"><\/div>\r\n\t\t\t<div class=\"bg-before\"><\/div>\r\n\t\t\t<div class=\"bg-after\"><\/div>\r\n\t\t\t<div class=\"icon-main\">\r\n\t\t        \t\t\t    \r\n\t\t\t    <img decoding=\"async\" src=\"https:\/\/kmedia.co\/wp-content\/uploads\/2021\/04\/optimizacion-canales-digitales.svg\" title=\"Otimiza\u00e7\u00e3o de canais digitais\" alt=\"Optimizaci\u00f3n de canales digitales\" loading=\"lazy\" \/>\t\t        \t        <\/div>\r\n\t        <div class=\"content-box\">\r\n\t            <h5 class=\"box-title\">Crie funis de convers\u00e3o<\/h5>\r\n\t            <p>para acompanhar leads de forma eficaz<\/p>\r\n\t        <\/div>\r\n\t        \t\r\n\t    <\/div>\r\n\t    \t\t\t\t<\/div>\n\t\t\t\t<\/div>\n\t\t\t\t<div class=\"elementor-element elementor-element-b698647 elementor-widget elementor-widget-iiconbox\" data-id=\"b698647\" data-element_type=\"widget\" data-widget_type=\"iiconbox.default\">\n\t\t\t\t<div class=\"elementor-widget-container\">\n\t\t\t\t\t\t\t<div class=\"icon-box s1\">\r\n\t\t\t<div class=\"bg-s3\"><\/div>\r\n\t\t\t<div class=\"bg-before\"><\/div>\r\n\t\t\t<div class=\"bg-after\"><\/div>\r\n\t\t\t<div class=\"icon-main\">\r\n\t\t        \t\t\t    \r\n\t\t\t    <img decoding=\"async\" src=\"https:\/\/kmedia.co\/wp-content\/uploads\/2021\/04\/optimizacion-canales-digitales.svg\" title=\"Otimiza\u00e7\u00e3o de canais digitais\" alt=\"Optimizaci\u00f3n de canales digitales\" loading=\"lazy\" \/>\t\t        \t        <\/div>\r\n\t        <div class=\"content-box\">\r\n\t            <h5 class=\"box-title\">Analisar dados em tempo real<\/h5>\r\n\t            <p>e otimizar a estrat\u00e9gia comercial<\/p>\r\n\t        <\/div>\r\n\t        \t\r\n\t    <\/div>\r\n\t    \t\t\t\t<\/div>\n\t\t\t\t<\/div>\n\t\t\t\t\t<\/div>\n\t\t\t\t<\/div>\n\t\t<div class=\"elementor-element elementor-element-26c8553 e-flex e-con-boxed e-con e-parent\" data-id=\"26c8553\" data-element_type=\"container\">\n\t\t\t\t\t<div class=\"e-con-inner\">\n\t\t\t\t<div class=\"elementor-element elementor-element-54b77dc elementor-widget elementor-widget-image\" data-id=\"54b77dc\" data-element_type=\"widget\" data-widget_type=\"image.default\">\n\t\t\t\t<div class=\"elementor-widget-container\">\n\t\t\t\t\t\t\t\t\t\t\t\t\t\t\t<img fetchpriority=\"high\" decoding=\"async\" width=\"1024\" height=\"462\" src=\"https:\/\/kmedia.co\/wp-content\/uploads\/2025\/02\/komo-1024x462.png\" class=\"attachment-large size-large wp-image-16756\" alt=\"kommo\" srcset=\"https:\/\/kmedia.co\/wp-content\/uploads\/2025\/02\/komo-1024x462.png 1024w, https:\/\/kmedia.co\/wp-content\/uploads\/2025\/02\/komo-300x135.png 300w, https:\/\/kmedia.co\/wp-content\/uploads\/2025\/02\/komo-768x347.png 768w, https:\/\/kmedia.co\/wp-content\/uploads\/2025\/02\/komo-18x8.png 18w, https:\/\/kmedia.co\/wp-content\/uploads\/2025\/02\/komo.png 1360w\" sizes=\"(max-width: 1024px) 100vw, 1024px\" \/>\t\t\t\t\t\t\t\t\t\t\t\t\t\t\t<\/div>\n\t\t\t\t<\/div>\n\t\t\t\t\t<\/div>\n\t\t\t\t<\/div>\n\t\t\t\t<div class=\"elementor-element elementor-element-85fb768 elementor-widget elementor-widget-iheading\" data-id=\"85fb768\" data-element_type=\"widget\" data-widget_type=\"iheading.default\">\n\t\t\t\t<div class=\"elementor-widget-container\">\n\t\t\t\t\t\t\t<div class=\"ot-heading left-align\">\r\n\t\t\t\r\n\t\t\t\t\r\n\r\n\t         \r\n\r\n\t        \t        \t<h2 class=\"main-heading\">Como nossa parceria com a Kommo beneficia voc\u00ea?<\/h2>\r\n\t        \t    <\/div>\r\n\t    \t\t\t\t<\/div>\n\t\t\t\t<\/div>\n\t\t<div class=\"elementor-element elementor-element-f2e5854 e-flex e-con-boxed e-con e-parent\" data-id=\"f2e5854\" data-element_type=\"container\">\n\t\t\t\t\t<div class=\"e-con-inner\">\n\t\t\t\t<div class=\"elementor-element elementor-element-ca6721a elementor-mobile-align-left elementor-icon-list--layout-traditional elementor-list-item-link-full_width elementor-widget elementor-widget-icon-list\" data-id=\"ca6721a\" data-element_type=\"widget\" data-widget_type=\"icon-list.default\">\n\t\t\t\t<div class=\"elementor-widget-container\">\n\t\t\t\t\t\t\t<ul class=\"elementor-icon-list-items\">\n\t\t\t\t\t\t\t<li class=\"elementor-icon-list-item\">\n\t\t\t\t\t\t\t\t\t\t\t<span class=\"elementor-icon-list-icon\">\n\t\t\t\t\t\t\t<svg aria-hidden=\"true\" class=\"e-font-icon-svg e-fas-check\" viewbox=\"0 0 512 512\" xmlns=\"http:\/\/www.w3.org\/2000\/svg\"><path d=\"M173.898 439.404l-166.4-166.4c-9.997-9.997-9.997-26.206 0-36.204l36.203-36.204c9.997-9.998 26.207-9.998 36.204 0L192 312.69 432.095 72.596c9.997-9.997 26.207-9.997 36.204 0l36.203 36.204c9.997 9.997 9.997 26.206 0 36.204l-294.4 294.401c-9.998 9.997-26.207 9.997-36.204-.001z\"><\/path><\/svg>\t\t\t\t\t\t<\/span>\n\t\t\t\t\t\t\t\t\t\t<span class=\"elementor-icon-list-text\">N\u00f3s configuramos o seu <b>CRM personalizado<\/b> com os fluxos de trabalho mais eficientes.<\/span>\n\t\t\t\t\t\t\t\t\t<\/li>\n\t\t\t\t\t\t\t\t<li class=\"elementor-icon-list-item\">\n\t\t\t\t\t\t\t\t\t\t\t<span class=\"elementor-icon-list-icon\">\n\t\t\t\t\t\t\t<svg aria-hidden=\"true\" class=\"e-font-icon-svg e-fas-check\" viewbox=\"0 0 512 512\" xmlns=\"http:\/\/www.w3.org\/2000\/svg\"><path d=\"M173.898 439.404l-166.4-166.4c-9.997-9.997-9.997-26.206 0-36.204l36.203-36.204c9.997-9.998 26.207-9.998 36.204 0L192 312.69 432.095 72.596c9.997-9.997 26.207-9.997 36.204 0l36.203 36.204c9.997 9.997 9.997 26.206 0 36.204l-294.4 294.401c-9.998 9.997-26.207 9.997-36.204-.001z\"><\/path><\/svg>\t\t\t\t\t\t<\/span>\n\t\t\t\t\t\t\t\t\t\t<span class=\"elementor-icon-list-text\">N\u00f3s implementamos <b>chatbots e automa\u00e7\u00f5es <\/b> para melhorar a intera\u00e7\u00e3o com o cliente.<\/span>\n\t\t\t\t\t\t\t\t\t<\/li>\n\t\t\t\t\t\t\t\t<li class=\"elementor-icon-list-item\">\n\t\t\t\t\t\t\t\t\t\t\t<span class=\"elementor-icon-list-icon\">\n\t\t\t\t\t\t\t<svg aria-hidden=\"true\" class=\"e-font-icon-svg e-fas-check\" viewbox=\"0 0 512 512\" xmlns=\"http:\/\/www.w3.org\/2000\/svg\"><path d=\"M173.898 439.404l-166.4-166.4c-9.997-9.997-9.997-26.206 0-36.204l36.203-36.204c9.997-9.998 26.207-9.998 36.204 0L192 312.69 432.095 72.596c9.997-9.997 26.207-9.997 36.204 0l36.203 36.204c9.997 9.997 9.997 26.206 0 36.204l-294.4 294.401c-9.998 9.997-26.207 9.997-36.204-.001z\"><\/path><\/svg>\t\t\t\t\t\t<\/span>\n\t\t\t\t\t\t\t\t\t\t<span class=\"elementor-icon-list-text\">N\u00f3s projetamos estrat\u00e9gias para <b> vendas e acompanhamento <\/b>com base em dados e an\u00e1lises.<\/span>\n\t\t\t\t\t\t\t\t\t<\/li>\n\t\t\t\t\t\t\t\t<li class=\"elementor-icon-list-item\">\n\t\t\t\t\t\t\t\t\t\t\t<span class=\"elementor-icon-list-icon\">\n\t\t\t\t\t\t\t<svg aria-hidden=\"true\" class=\"e-font-icon-svg e-fas-check\" viewbox=\"0 0 512 512\" xmlns=\"http:\/\/www.w3.org\/2000\/svg\"><path d=\"M173.898 439.404l-166.4-166.4c-9.997-9.997-9.997-26.206 0-36.204l36.203-36.204c9.997-9.998 26.207-9.998 36.204 0L192 312.69 432.095 72.596c9.997-9.997 26.207-9.997 36.204 0l36.203 36.204c9.997 9.997 9.997 26.206 0 36.204l-294.4 294.401c-9.998 9.997-26.207 9.997-36.204-.001z\"><\/path><\/svg>\t\t\t\t\t\t<\/span>\n\t\t\t\t\t\t\t\t\t\t<span class=\"elementor-icon-list-text\">N\u00f3s oferecemos a voc\u00ea <b>treinamento e suporte <\/b>para aproveitar ao m\u00e1ximo a plataforma.<\/span>\n\t\t\t\t\t\t\t\t\t<\/li>\n\t\t\t\t\t\t<\/ul>\n\t\t\t\t\t\t<\/div>\n\t\t\t\t<\/div>\n\t\t\t\t\t<\/div>\n\t\t\t\t<\/div>\n\t\t\t\t<div class=\"elementor-element elementor-element-6f84a0e elementor-widget elementor-widget-text-editor\" data-id=\"6f84a0e\" data-element_type=\"widget\" data-widget_type=\"text-editor.default\">\n\t\t\t\t<div class=\"elementor-widget-container\">\n\t\t\t\t\t\t\t\t\t<p><span style=\"font-weight: 400;\">Se voc\u00ea est\u00e1 procurando uma solu\u00e7\u00e3o que o ajude <\/span><b>gerenciar clientes, automatizar vendas e otimizar a comunica\u00e7\u00e3o<\/b><span style=\"font-weight: 400;\">Kommo \u00e9 a ferramenta ideal e na Kmedia.co garantimos que voc\u00ea a adapte \u00e0s necessidades do seu neg\u00f3cio.<\/span><\/p>\t\t\t\t\t\t\t\t<\/div>\n\t\t\t\t<\/div>\n\t\t\t\t\t<\/div>\n\t\t<\/div>\n\t\t\t\t\t<\/div>\n\t\t<\/section>\n\t\t\t\t<\/div>","protected":false},"excerpt":{"rendered":"<p>CRM Conversacional e Automa\u00e7\u00e3o da Kommo no WhatsApp. A Kommo \u00e9 a solu\u00e7\u00e3o l\u00edder de mercado em CRM conversacional, especializada em integra\u00e7\u00e3o com WhatsApp, Instagram, Facebook Messenger, Telegram e outros canais de mensagens. Gra\u00e7as \u00e0 nossa parceria com a Kommo, ajudamos empresas a gerenciar seus clientes de forma inteligente, centralizada e autom\u00e1tica. Com a Kommo, [\u2026]<\/p>","protected":false},"author":1,"featured_media":6862,"parent":16750,"menu_order":0,"comment_status":"closed","ping_status":"closed","template":"","meta":{"_eb_attr":"","footnotes":""},"class_list":["post-16748","page","type-page","status-publish","has-post-thumbnail","hentry"],"yoast_head":"<!-- This site is optimized with the Yoast SEO plugin v26.5 - https:\/\/yoast.com\/wordpress\/plugins\/seo\/ -->\n<title>Kommo - kmedia<\/title>\n<meta name=\"description\" content=\"Construimos campa\u00f1as y estrategias en canales digitales con contenidos asertivos, acordes con sus necesidades y expectativas.\" \/>\n<meta name=\"robots\" content=\"index, follow, max-snippet:-1, max-image-preview:large, max-video-preview:-1\" \/>\n<link rel=\"canonical\" href=\"https:\/\/kmedia.co\/pt\/partners\/kommo\/\" \/>\n<meta property=\"og:locale\" content=\"pt_BR\" \/>\n<meta property=\"og:type\" content=\"article\" \/>\n<meta property=\"og:title\" content=\"Kommo - kmedia\" \/>\n<meta property=\"og:description\" content=\"Construimos campa\u00f1as y estrategias en canales digitales con contenidos asertivos, acordes con sus necesidades y expectativas.\" \/>\n<meta property=\"og:url\" content=\"https:\/\/kmedia.co\/pt\/partners\/kommo\/\" \/>\n<meta property=\"og:site_name\" content=\"kmedia\" \/>\n<meta property=\"article:modified_time\" content=\"2025-02-06T14:56:06+00:00\" \/>\n<meta property=\"og:image\" content=\"https:\/\/kmedia.co\/wp-content\/uploads\/2021\/04\/servicio-estrategia-digital-3.png\" \/>\n\t<meta property=\"og:image:width\" content=\"615\" \/>\n\t<meta property=\"og:image:height\" content=\"559\" \/>\n\t<meta property=\"og:image:type\" content=\"image\/png\" \/>\n<meta name=\"twitter:card\" content=\"summary_large_image\" \/>\n<meta name=\"twitter:label1\" content=\"Est. tempo de leitura\" \/>\n\t<meta name=\"twitter:data1\" content=\"2 minutos\" \/>\n<script type=\"application\/ld+json\" class=\"yoast-schema-graph\">{\"@context\":\"https:\/\/schema.org\",\"@graph\":[{\"@type\":\"WebPage\",\"@id\":\"https:\/\/kmedia.co\/partners\/kommo\/\",\"url\":\"https:\/\/kmedia.co\/partners\/kommo\/\",\"name\":\"Kommo - kmedia\",\"isPartOf\":{\"@id\":\"https:\/\/kmedia.co\/#website\"},\"primaryImageOfPage\":{\"@id\":\"https:\/\/kmedia.co\/partners\/kommo\/#primaryimage\"},\"image\":{\"@id\":\"https:\/\/kmedia.co\/partners\/kommo\/#primaryimage\"},\"thumbnailUrl\":\"https:\/\/kmedia.co\/wp-content\/uploads\/2021\/04\/servicio-estrategia-digital-3.png\",\"datePublished\":\"2025-02-03T13:22:51+00:00\",\"dateModified\":\"2025-02-06T14:56:06+00:00\",\"description\":\"Construimos campa\u00f1as y estrategias en canales digitales con contenidos asertivos, acordes con sus necesidades y expectativas.\",\"breadcrumb\":{\"@id\":\"https:\/\/kmedia.co\/partners\/kommo\/#breadcrumb\"},\"inLanguage\":\"pt-BR\",\"potentialAction\":[{\"@type\":\"ReadAction\",\"target\":[\"https:\/\/kmedia.co\/partners\/kommo\/\"]}]},{\"@type\":\"ImageObject\",\"inLanguage\":\"pt-BR\",\"@id\":\"https:\/\/kmedia.co\/partners\/kommo\/#primaryimage\",\"url\":\"https:\/\/kmedia.co\/wp-content\/uploads\/2021\/04\/servicio-estrategia-digital-3.png\",\"contentUrl\":\"https:\/\/kmedia.co\/wp-content\/uploads\/2021\/04\/servicio-estrategia-digital-3.png\",\"width\":615,\"height\":559,\"caption\":\"estrategia digital\"},{\"@type\":\"BreadcrumbList\",\"@id\":\"https:\/\/kmedia.co\/partners\/kommo\/#breadcrumb\",\"itemListElement\":[{\"@type\":\"ListItem\",\"position\":1,\"name\":\"Home\",\"item\":\"https:\/\/kmedia.co\/\"},{\"@type\":\"ListItem\",\"position\":2,\"name\":\"Partners\",\"item\":\"https:\/\/kmedia.co\/partners\/\"},{\"@type\":\"ListItem\",\"position\":3,\"name\":\"Kommo\"}]},{\"@type\":\"WebSite\",\"@id\":\"https:\/\/kmedia.co\/#website\",\"url\":\"https:\/\/kmedia.co\/\",\"name\":\"kmedia\",\"description\":\"Planee y desarrolle su  estrategia digital con KMEDIA. PBX :702 2000\",\"potentialAction\":[{\"@type\":\"SearchAction\",\"target\":{\"@type\":\"EntryPoint\",\"urlTemplate\":\"https:\/\/kmedia.co\/?s={search_term_string}\"},\"query-input\":{\"@type\":\"PropertyValueSpecification\",\"valueRequired\":true,\"valueName\":\"search_term_string\"}}],\"inLanguage\":\"pt-BR\"}]}<\/script>\n<!-- \/ Yoast SEO plugin. -->","yoast_head_json":{"title":"Kommo - kmedia","description":"Criamos campanhas e estrat\u00e9gias em canais digitais com conte\u00fado impactante, de acordo com suas necessidades e expectativas.","robots":{"index":"index","follow":"follow","max-snippet":"max-snippet:-1","max-image-preview":"max-image-preview:large","max-video-preview":"max-video-preview:-1"},"canonical":"https:\/\/kmedia.co\/pt\/partners\/kommo\/","og_locale":"pt_BR","og_type":"article","og_title":"Kommo - kmedia","og_description":"Construimos campa\u00f1as y estrategias en canales digitales con contenidos asertivos, acordes con sus necesidades y expectativas.","og_url":"https:\/\/kmedia.co\/pt\/partners\/kommo\/","og_site_name":"kmedia","article_modified_time":"2025-02-06T14:56:06+00:00","og_image":[{"width":615,"height":559,"url":"https:\/\/kmedia.co\/wp-content\/uploads\/2021\/04\/servicio-estrategia-digital-3.png","type":"image\/png"}],"twitter_card":"summary_large_image","twitter_misc":{"Est. tempo de leitura":"2 minutos"},"schema":{"@context":"https:\/\/schema.org","@graph":[{"@type":"WebPage","@id":"https:\/\/kmedia.co\/partners\/kommo\/","url":"https:\/\/kmedia.co\/partners\/kommo\/","name":"Kommo - kmedia","isPartOf":{"@id":"https:\/\/kmedia.co\/#website"},"primaryImageOfPage":{"@id":"https:\/\/kmedia.co\/partners\/kommo\/#primaryimage"},"image":{"@id":"https:\/\/kmedia.co\/partners\/kommo\/#primaryimage"},"thumbnailUrl":"https:\/\/kmedia.co\/wp-content\/uploads\/2021\/04\/servicio-estrategia-digital-3.png","datePublished":"2025-02-03T13:22:51+00:00","dateModified":"2025-02-06T14:56:06+00:00","description":"Criamos campanhas e estrat\u00e9gias em canais digitais com conte\u00fado impactante, de acordo com suas necessidades e expectativas.","breadcrumb":{"@id":"https:\/\/kmedia.co\/partners\/kommo\/#breadcrumb"},"inLanguage":"pt-BR","potentialAction":[{"@type":"ReadAction","target":["https:\/\/kmedia.co\/partners\/kommo\/"]}]},{"@type":"ImageObject","inLanguage":"pt-BR","@id":"https:\/\/kmedia.co\/partners\/kommo\/#primaryimage","url":"https:\/\/kmedia.co\/wp-content\/uploads\/2021\/04\/servicio-estrategia-digital-3.png","contentUrl":"https:\/\/kmedia.co\/wp-content\/uploads\/2021\/04\/servicio-estrategia-digital-3.png","width":615,"height":559,"caption":"estrategia digital"},{"@type":"BreadcrumbList","@id":"https:\/\/kmedia.co\/partners\/kommo\/#breadcrumb","itemListElement":[{"@type":"ListItem","position":1,"name":"Home","item":"https:\/\/kmedia.co\/"},{"@type":"ListItem","position":2,"name":"Partners","item":"https:\/\/kmedia.co\/partners\/"},{"@type":"ListItem","position":3,"name":"Kommo"}]},{"@type":"WebSite","@id":"https:\/\/kmedia.co\/#website","url":"https:\/\/kmedia.co\/","name":"kmedia","description":"Planeje e desenvolva sua estrat\u00e9gia digital com a KMEDIA. PABX: 702 2000","potentialAction":[{"@type":"SearchAction","target":{"@type":"EntryPoint","urlTemplate":"https:\/\/kmedia.co\/?s={search_term_string}"},"query-input":{"@type":"PropertyValueSpecification","valueRequired":true,"valueName":"search_term_string"}}],"inLanguage":"pt-BR"}]}},"_links":{"self":[{"href":"https:\/\/kmedia.co\/pt\/wp-json\/wp\/v2\/pages\/16748","targetHints":{"allow":["GET"]}}],"collection":[{"href":"https:\/\/kmedia.co\/pt\/wp-json\/wp\/v2\/pages"}],"about":[{"href":"https:\/\/kmedia.co\/pt\/wp-json\/wp\/v2\/types\/page"}],"author":[{"embeddable":true,"href":"https:\/\/kmedia.co\/pt\/wp-json\/wp\/v2\/users\/1"}],"replies":[{"embeddable":true,"href":"https:\/\/kmedia.co\/pt\/wp-json\/wp\/v2\/comments?post=16748"}],"version-history":[{"count":14,"href":"https:\/\/kmedia.co\/pt\/wp-json\/wp\/v2\/pages\/16748\/revisions"}],"predecessor-version":[{"id":17063,"href":"https:\/\/kmedia.co\/pt\/wp-json\/wp\/v2\/pages\/16748\/revisions\/17063"}],"up":[{"embeddable":true,"href":"https:\/\/kmedia.co\/pt\/wp-json\/wp\/v2\/pages\/16750"}],"wp:featuredmedia":[{"embeddable":true,"href":"https:\/\/kmedia.co\/pt\/wp-json\/wp\/v2\/media\/6862"}],"wp:attachment":[{"href":"https:\/\/kmedia.co\/pt\/wp-json\/wp\/v2\/media?parent=16748"}],"curies":[{"name":"wp","href":"https:\/\/api.w.org\/{rel}","templated":true}]}}