{"id":16765,"date":"2025-02-05T09:37:22","date_gmt":"2025-02-05T14:37:22","guid":{"rendered":"https:\/\/kmedia.co\/?page_id=16765"},"modified":"2025-02-06T11:03:50","modified_gmt":"2025-02-06T16:03:50","slug":"rd-station","status":"publish","type":"page","link":"https:\/\/kmedia.co\/pt\/partners\/rd-station\/","title":{"rendered":"Esta\u00e7\u00e3o RD"},"content":{"rendered":"<div data-elementor-type=\"wp-page\" data-elementor-id=\"16765\" class=\"elementor elementor-16765\" data-elementor-post-type=\"page\">\n\t\t\t\t\t\t<section class=\"elementor-section elementor-top-section elementor-element elementor-element-731d00e elementor-section-content-middle elementor-section-boxed elementor-section-height-default elementor-section-height-default\" data-id=\"731d00e\" data-element_type=\"section\">\n\t\t\t\t\t\t<div class=\"elementor-container elementor-column-gap-extended\">\n\t\t\t\t\t<div class=\"elementor-column elementor-col-100 elementor-top-column elementor-element elementor-element-3235f72 ot-flex-column-vertical\" data-id=\"3235f72\" data-element_type=\"column\">\n\t\t\t<div class=\"elementor-widget-wrap elementor-element-populated\">\n\t\t\t\t\t\t<div class=\"elementor-element elementor-element-415e2c6 elementor-widget__width-initial elementor-widget-mobile__width-initial elementor-widget elementor-widget-iheading\" data-id=\"415e2c6\" data-element_type=\"widget\" data-widget_type=\"iheading.default\">\n\t\t\t\t<div class=\"elementor-widget-container\">\n\t\t\t\t\t\t\t<div class=\"ot-heading left-align\">\r\n\t\t\t\r\n\t\t\t\t\r\n\r\n\t        \t            <h6 class=\"sub-heading\"><span>Esta\u00e7\u00e3o RD<\/span><\/h6>\r\n\t         \r\n\r\n\t        \t        \t<h2 class=\"main-heading\">Marketing de entrada e automa\u00e7\u00e3o de vendas<\/h2>\r\n\t        \t    <\/div>\r\n\t    \t\t\t\t<\/div>\n\t\t\t\t<\/div>\n\t\t\t\t<div class=\"elementor-element elementor-element-81aa919 elementor-widget elementor-widget-text-editor\" data-id=\"81aa919\" data-element_type=\"widget\" data-widget_type=\"text-editor.default\">\n\t\t\t\t<div class=\"elementor-widget-container\">\n\t\t\t\t\t\t\t\t\t<p><span style=\"font-weight: 400;\">A Esta\u00e7\u00e3o RD \u00e9 uma das plataformas <\/span><b>marketing automatizado mais completo<\/b><span style=\"font-weight: 400;\">, projetado para atrair, nutrir e converter clientes de forma eficiente. Na Kmedia.co, como <\/span><b>parceiros certificados<\/b><span style=\"font-weight: 400;\">Implementamos estrat\u00e9gias digitais que permitem \u00e0s empresas:<\/span><\/p>\t\t\t\t\t\t\t\t<\/div>\n\t\t\t\t<\/div>\n\t\t<div class=\"elementor-element elementor-element-f058606 e-flex e-con-boxed e-con e-parent\" data-id=\"f058606\" data-element_type=\"container\">\n\t\t\t\t\t<div class=\"e-con-inner\">\n\t\t\t\t<div class=\"elementor-element elementor-element-e7446d9 elementor-widget elementor-widget-iiconbox\" data-id=\"e7446d9\" data-element_type=\"widget\" data-widget_type=\"iiconbox.default\">\n\t\t\t\t<div class=\"elementor-widget-container\">\n\t\t\t\t\t\t\t<div class=\"icon-box s1\">\r\n\t\t\t<div class=\"bg-s3\"><\/div>\r\n\t\t\t<div class=\"bg-before\"><\/div>\r\n\t\t\t<div class=\"bg-after\"><\/div>\r\n\t\t\t<div class=\"icon-main\">\r\n\t\t        \t\t\t    \r\n\t\t\t    <img decoding=\"async\" src=\"https:\/\/kmedia.co\/wp-content\/uploads\/2025\/02\/leads.svg\" title=\"Pistas\" alt=\"Leads\" loading=\"lazy\" \/>\t\t        \t        <\/div>\r\n\t        <div class=\"content-box\">\r\n\t            <h5 class=\"box-title\">Capturar leads<\/h5>\r\n\t            <p>por meio de landing pages e formul\u00e1rios otimizados<\/p>\r\n\t        <\/div>\r\n\t        \t\r\n\t    <\/div>\r\n\t    \t\t\t\t<\/div>\n\t\t\t\t<\/div>\n\t\t\t\t<div class=\"elementor-element elementor-element-329cd75 elementor-widget elementor-widget-iiconbox\" data-id=\"329cd75\" data-element_type=\"widget\" data-widget_type=\"iiconbox.default\">\n\t\t\t\t<div class=\"elementor-widget-container\">\n\t\t\t\t\t\t\t<div class=\"icon-box s1\">\r\n\t\t\t<div class=\"bg-s3\"><\/div>\r\n\t\t\t<div class=\"bg-before\"><\/div>\r\n\t\t\t<div class=\"bg-after\"><\/div>\r\n\t\t\t<div class=\"icon-main\">\r\n\t\t        \t\t\t    \r\n\t\t\t    <img decoding=\"async\" src=\"https:\/\/kmedia.co\/wp-content\/uploads\/2025\/02\/automatizacion.svg\" title=\"automa\u00e7\u00e3o\" alt=\"automatizaci\u00f3n\" loading=\"lazy\" \/>\t\t        \t        <\/div>\r\n\t        <div class=\"content-box\">\r\n\t            <h5 class=\"box-title\">Automatize o processo de convers\u00e3o<\/h5>\r\n\t            <p>com fluxos de marketing inteligentes<\/p>\r\n\t        <\/div>\r\n\t        \t\r\n\t    <\/div>\r\n\t    \t\t\t\t<\/div>\n\t\t\t\t<\/div>\n\t\t\t\t<div class=\"elementor-element elementor-element-8324b16 elementor-widget elementor-widget-iiconbox\" data-id=\"8324b16\" data-element_type=\"widget\" data-widget_type=\"iiconbox.default\">\n\t\t\t\t<div class=\"elementor-widget-container\">\n\t\t\t\t\t\t\t<div class=\"icon-box s1\">\r\n\t\t\t<div class=\"bg-s3\"><\/div>\r\n\t\t\t<div class=\"bg-before\"><\/div>\r\n\t\t\t<div class=\"bg-after\"><\/div>\r\n\t\t\t<div class=\"icon-main\">\r\n\t\t        \t\t\t    \r\n\t\t\t    <img decoding=\"async\" src=\"https:\/\/kmedia.co\/wp-content\/uploads\/2025\/02\/segmentar.svg\" title=\"Segmento\" alt=\"Segmentar\" loading=\"lazy\" \/>\t\t        \t        <\/div>\r\n\t        <div class=\"content-box\">\r\n\t            <h5 class=\"box-title\">Segmente e alimente clientes em potencial<\/h5>\r\n\t            <p>com conte\u00fado personalizado<\/p>\r\n\t        <\/div>\r\n\t        \t\r\n\t    <\/div>\r\n\t    \t\t\t\t<\/div>\n\t\t\t\t<\/div>\n\t\t\t\t<div class=\"elementor-element elementor-element-b698647 elementor-widget elementor-widget-iiconbox\" data-id=\"b698647\" data-element_type=\"widget\" data-widget_type=\"iiconbox.default\">\n\t\t\t\t<div class=\"elementor-widget-container\">\n\t\t\t\t\t\t\t<div class=\"icon-box s1\">\r\n\t\t\t<div class=\"bg-s3\"><\/div>\r\n\t\t\t<div class=\"bg-before\"><\/div>\r\n\t\t\t<div class=\"bg-after\"><\/div>\r\n\t\t\t<div class=\"icon-main\">\r\n\t\t        \t\t\t    \r\n\t\t\t    <img decoding=\"async\" src=\"https:\/\/kmedia.co\/wp-content\/uploads\/2025\/02\/crm.svg\" title=\"CRM\" alt=\"CRM\" loading=\"lazy\" \/>\t\t        \t        <\/div>\r\n\t        <div class=\"content-box\">\r\n\t            <h5 class=\"box-title\">Integre CRM, WhatsApp e marketing por e-mail<\/h5>\r\n\t            <p>em uma \u00fanica estrat\u00e9gia<\/p>\r\n\t        <\/div>\r\n\t        \t\r\n\t    <\/div>\r\n\t    \t\t\t\t<\/div>\n\t\t\t\t<\/div>\n\t\t\t\t<div class=\"elementor-element elementor-element-e767d45 elementor-widget elementor-widget-iiconbox\" data-id=\"e767d45\" data-element_type=\"widget\" data-widget_type=\"iiconbox.default\">\n\t\t\t\t<div class=\"elementor-widget-container\">\n\t\t\t\t\t\t\t<div class=\"icon-box s1\">\r\n\t\t\t<div class=\"bg-s3\"><\/div>\r\n\t\t\t<div class=\"bg-before\"><\/div>\r\n\t\t\t<div class=\"bg-after\"><\/div>\r\n\t\t\t<div class=\"icon-main\">\r\n\t\t        \t\t\t    \r\n\t\t\t    <img decoding=\"async\" src=\"https:\/\/kmedia.co\/wp-content\/uploads\/2025\/02\/analisis-de-datos.svg\" title=\"An\u00e1lise de dados\" alt=\"An\u00e1lisis de datos\" loading=\"lazy\" \/>\t\t        \t        <\/div>\r\n\t        <div class=\"content-box\">\r\n\t            <h5 class=\"box-title\">Analisar dados e medir resultados<\/h5>\r\n\t            <p>para otimizar cada campanha<\/p>\r\n\t        <\/div>\r\n\t        \t\r\n\t    <\/div>\r\n\t    \t\t\t\t<\/div>\n\t\t\t\t<\/div>\n\t\t\t\t\t<\/div>\n\t\t\t\t<\/div>\n\t\t<div class=\"elementor-element elementor-element-26c8553 e-flex e-con-boxed e-con e-parent\" data-id=\"26c8553\" data-element_type=\"container\">\n\t\t\t\t\t<div class=\"e-con-inner\">\n\t\t\t\t<div class=\"elementor-element elementor-element-54b77dc elementor-widget elementor-widget-image\" data-id=\"54b77dc\" data-element_type=\"widget\" data-widget_type=\"image.default\">\n\t\t\t\t<div class=\"elementor-widget-container\">\n\t\t\t\t\t\t\t\t\t\t\t\t\t\t\t<img decoding=\"async\" src=\"https:\/\/ajuda.rdstation.com\/servlet\/rtaImage?eid=ka03l000000hNQE&#038;feoid=00N3l00000QUqIm&#038;refid=0EM3l000008fFaf\" title=\"\" alt=\"Rd station\" loading=\"lazy\" \/>\t\t\t\t\t\t\t\t\t\t\t\t\t\t\t<\/div>\n\t\t\t\t<\/div>\n\t\t\t\t\t<\/div>\n\t\t\t\t<\/div>\n\t\t\t\t<div class=\"elementor-element elementor-element-85fb768 elementor-widget elementor-widget-iheading\" data-id=\"85fb768\" data-element_type=\"widget\" data-widget_type=\"iheading.default\">\n\t\t\t\t<div class=\"elementor-widget-container\">\n\t\t\t\t\t\t\t<div class=\"ot-heading left-align\">\r\n\t\t\t\r\n\t\t\t\t\r\n\r\n\t         \r\n\r\n\t        \t        \t<h2 class=\"main-heading\">Como nossa parceria com a RD Station beneficia voc\u00ea?<\/h2>\r\n\t        \t    <\/div>\r\n\t    \t\t\t\t<\/div>\n\t\t\t\t<\/div>\n\t\t<div class=\"elementor-element elementor-element-f2e5854 e-flex e-con-boxed e-con e-parent\" data-id=\"f2e5854\" data-element_type=\"container\">\n\t\t\t\t\t<div class=\"e-con-inner\">\n\t\t\t\t<div class=\"elementor-element elementor-element-ca6721a elementor-mobile-align-left elementor-icon-list--layout-traditional elementor-list-item-link-full_width elementor-widget elementor-widget-icon-list\" data-id=\"ca6721a\" data-element_type=\"widget\" data-widget_type=\"icon-list.default\">\n\t\t\t\t<div class=\"elementor-widget-container\">\n\t\t\t\t\t\t\t<ul class=\"elementor-icon-list-items\">\n\t\t\t\t\t\t\t<li class=\"elementor-icon-list-item\">\n\t\t\t\t\t\t\t\t\t\t\t<span class=\"elementor-icon-list-icon\">\n\t\t\t\t\t\t\t<svg aria-hidden=\"true\" class=\"e-font-icon-svg e-fas-check\" viewbox=\"0 0 512 512\" xmlns=\"http:\/\/www.w3.org\/2000\/svg\"><path d=\"M173.898 439.404l-166.4-166.4c-9.997-9.997-9.997-26.206 0-36.204l36.203-36.204c9.997-9.998 26.207-9.998 36.204 0L192 312.69 432.095 72.596c9.997-9.997 26.207-9.997 36.204 0l36.203 36.204c9.997 9.997 9.997 26.206 0 36.204l-294.4 294.401c-9.998 9.997-26.207 9.997-36.204-.001z\"><\/path><\/svg>\t\t\t\t\t\t<\/span>\n\t\t\t\t\t\t\t\t\t\t<span class=\"elementor-icon-list-text\">N\u00f3s projetamos <b> estrat\u00e9gias de marketing personalizadas <\/b> para atrair clientes em potencial.<\/span>\n\t\t\t\t\t\t\t\t\t<\/li>\n\t\t\t\t\t\t\t\t<li class=\"elementor-icon-list-item\">\n\t\t\t\t\t\t\t\t\t\t\t<span class=\"elementor-icon-list-icon\">\n\t\t\t\t\t\t\t<svg aria-hidden=\"true\" class=\"e-font-icon-svg e-fas-check\" viewbox=\"0 0 512 512\" xmlns=\"http:\/\/www.w3.org\/2000\/svg\"><path d=\"M173.898 439.404l-166.4-166.4c-9.997-9.997-9.997-26.206 0-36.204l36.203-36.204c9.997-9.998 26.207-9.998 36.204 0L192 312.69 432.095 72.596c9.997-9.997 26.207-9.997 36.204 0l36.203 36.204c9.997 9.997 9.997 26.206 0 36.204l-294.4 294.401c-9.998 9.997-26.207 9.997-36.204-.001z\"><\/path><\/svg>\t\t\t\t\t\t<\/span>\n\t\t\t\t\t\t\t\t\t\t<span class=\"elementor-icon-list-text\">N\u00f3s configuramos e otimizamos <b> fluxos de automa\u00e7\u00e3o <\/b> para melhorar a convers\u00e3o.<\/span>\n\t\t\t\t\t\t\t\t\t<\/li>\n\t\t\t\t\t\t\t\t<li class=\"elementor-icon-list-item\">\n\t\t\t\t\t\t\t\t\t\t\t<span class=\"elementor-icon-list-icon\">\n\t\t\t\t\t\t\t<svg aria-hidden=\"true\" class=\"e-font-icon-svg e-fas-check\" viewbox=\"0 0 512 512\" xmlns=\"http:\/\/www.w3.org\/2000\/svg\"><path d=\"M173.898 439.404l-166.4-166.4c-9.997-9.997-9.997-26.206 0-36.204l36.203-36.204c9.997-9.998 26.207-9.998 36.204 0L192 312.69 432.095 72.596c9.997-9.997 26.207-9.997 36.204 0l36.203 36.204c9.997 9.997 9.997 26.206 0 36.204l-294.4 294.401c-9.998 9.997-26.207 9.997-36.204-.001z\"><\/path><\/svg>\t\t\t\t\t\t<\/span>\n\t\t\t\t\t\t\t\t\t\t<span class=\"elementor-icon-list-text\">N\u00f3s criamos <b> campanhas de marketing por e-mail e WhatsApp <\/b> alinhados ao seu neg\u00f3cio.<\/span>\n\t\t\t\t\t\t\t\t\t<\/li>\n\t\t\t\t\t\t\t\t<li class=\"elementor-icon-list-item\">\n\t\t\t\t\t\t\t\t\t\t\t<span class=\"elementor-icon-list-icon\">\n\t\t\t\t\t\t\t<svg aria-hidden=\"true\" class=\"e-font-icon-svg e-fas-check\" viewbox=\"0 0 512 512\" xmlns=\"http:\/\/www.w3.org\/2000\/svg\"><path d=\"M173.898 439.404l-166.4-166.4c-9.997-9.997-9.997-26.206 0-36.204l36.203-36.204c9.997-9.998 26.207-9.998 36.204 0L192 312.69 432.095 72.596c9.997-9.997 26.207-9.997 36.204 0l36.203 36.204c9.997 9.997 9.997 26.206 0 36.204l-294.4 294.401c-9.998 9.997-26.207 9.997-36.204-.001z\"><\/path><\/svg>\t\t\t\t\t\t<\/span>\n\t\t\t\t\t\t\t\t\t\t<span class=\"elementor-icon-list-text\">Integramos o RD Station com <b> seu CRM, redes sociais e site <\/b> para maior efic\u00e1cia.<\/span>\n\t\t\t\t\t\t\t\t\t<\/li>\n\t\t\t\t\t\t\t\t<li class=\"elementor-icon-list-item\">\n\t\t\t\t\t\t\t\t\t\t\t<span class=\"elementor-icon-list-icon\">\n\t\t\t\t\t\t\t<svg aria-hidden=\"true\" class=\"e-font-icon-svg e-fas-check\" viewbox=\"0 0 512 512\" xmlns=\"http:\/\/www.w3.org\/2000\/svg\"><path d=\"M173.898 439.404l-166.4-166.4c-9.997-9.997-9.997-26.206 0-36.204l36.203-36.204c9.997-9.998 26.207-9.998 36.204 0L192 312.69 432.095 72.596c9.997-9.997 26.207-9.997 36.204 0l36.203 36.204c9.997 9.997 9.997 26.206 0 36.204l-294.4 294.401c-9.998 9.997-26.207 9.997-36.204-.001z\"><\/path><\/svg>\t\t\t\t\t\t<\/span>\n\t\t\t\t\t\t\t\t\t\t<span class=\"elementor-icon-list-text\">N\u00f3s brindamos <b>treinamento e suporte <\/b> para que sua equipe possa aproveitar ao m\u00e1ximo a plataforma.<\/span>\n\t\t\t\t\t\t\t\t\t<\/li>\n\t\t\t\t\t\t<\/ul>\n\t\t\t\t\t\t<\/div>\n\t\t\t\t<\/div>\n\t\t\t\t\t<\/div>\n\t\t\t\t<\/div>\n\t\t\t\t<div class=\"elementor-element elementor-element-6f84a0e elementor-widget elementor-widget-text-editor\" data-id=\"6f84a0e\" data-element_type=\"widget\" data-widget_type=\"text-editor.default\">\n\t\t\t\t<div class=\"elementor-widget-container\">\n\t\t\t\t\t\t\t\t\t<p><span style=\"font-weight: 400;\">Se voc\u00ea precisa estruturar um <\/span><b>funil de convers\u00e3o eficaz<\/b><span style=\"font-weight: 400;\">, melhorar a aquisi\u00e7\u00e3o de leads e <\/span><b>automatize seu marketing digital<\/b><span style=\"font-weight: 400;\">O RD Station \u00e9 a ferramenta perfeita e o Kmedia.co ajuda voc\u00ea a implement\u00e1-la com sucesso.<\/span><\/p>\t\t\t\t\t\t\t\t<\/div>\n\t\t\t\t<\/div>\n\t\t\t\t\t<\/div>\n\t\t<\/div>\n\t\t\t\t\t<\/div>\n\t\t<\/section>\n\t\t\t\t<\/div>","protected":false},"excerpt":{"rendered":"<p>RD Station: Automa\u00e7\u00e3o de Marketing de Entrada e Vendas. A RD Station \u00e9 uma das plataformas de automa\u00e7\u00e3o de marketing mais completas, projetada para atrair, nutrir e converter clientes com efici\u00eancia. Na Kmedia.co, como parceiros certificados, implementamos estrat\u00e9gias digitais que permitem \u00e0s empresas: Capturar leads por meio de p\u00e1ginas de destino e formul\u00e1rios otimizados; Automatizar o processo de vendas [\u2026]<\/p>","protected":false},"author":1,"featured_media":6862,"parent":16750,"menu_order":0,"comment_status":"closed","ping_status":"closed","template":"","meta":{"_eb_attr":"","footnotes":""},"class_list":["post-16765","page","type-page","status-publish","has-post-thumbnail","hentry"],"yoast_head":"<!-- This site is optimized with the Yoast SEO plugin v26.5 - https:\/\/yoast.com\/wordpress\/plugins\/seo\/ -->\n<title>RD Station - kmedia<\/title>\n<meta name=\"description\" content=\"Construimos campa\u00f1as y estrategias en canales digitales con contenidos asertivos, acordes con sus necesidades y expectativas.\" \/>\n<meta name=\"robots\" content=\"index, follow, max-snippet:-1, max-image-preview:large, max-video-preview:-1\" \/>\n<link rel=\"canonical\" href=\"https:\/\/kmedia.co\/pt\/partners\/rd-station\/\" \/>\n<meta property=\"og:locale\" content=\"pt_BR\" \/>\n<meta property=\"og:type\" content=\"article\" \/>\n<meta property=\"og:title\" content=\"RD Station - kmedia\" \/>\n<meta property=\"og:description\" content=\"Construimos campa\u00f1as y estrategias en canales digitales con contenidos asertivos, acordes con sus necesidades y expectativas.\" \/>\n<meta property=\"og:url\" content=\"https:\/\/kmedia.co\/pt\/partners\/rd-station\/\" \/>\n<meta property=\"og:site_name\" content=\"kmedia\" \/>\n<meta property=\"article:modified_time\" content=\"2025-02-06T16:03:50+00:00\" \/>\n<meta property=\"og:image\" content=\"https:\/\/kmedia.co\/wp-content\/uploads\/2021\/04\/servicio-estrategia-digital-3.png\" \/>\n\t<meta property=\"og:image:width\" content=\"615\" \/>\n\t<meta property=\"og:image:height\" content=\"559\" \/>\n\t<meta property=\"og:image:type\" content=\"image\/png\" \/>\n<meta name=\"twitter:card\" content=\"summary_large_image\" \/>\n<meta name=\"twitter:label1\" content=\"Est. tempo de leitura\" \/>\n\t<meta name=\"twitter:data1\" content=\"3 minutos\" \/>\n<script type=\"application\/ld+json\" class=\"yoast-schema-graph\">{\"@context\":\"https:\/\/schema.org\",\"@graph\":[{\"@type\":\"WebPage\",\"@id\":\"https:\/\/kmedia.co\/partners\/rd-station\/\",\"url\":\"https:\/\/kmedia.co\/partners\/rd-station\/\",\"name\":\"RD Station - kmedia\",\"isPartOf\":{\"@id\":\"https:\/\/kmedia.co\/#website\"},\"primaryImageOfPage\":{\"@id\":\"https:\/\/kmedia.co\/partners\/rd-station\/#primaryimage\"},\"image\":{\"@id\":\"https:\/\/kmedia.co\/partners\/rd-station\/#primaryimage\"},\"thumbnailUrl\":\"https:\/\/kmedia.co\/wp-content\/uploads\/2021\/04\/servicio-estrategia-digital-3.png\",\"datePublished\":\"2025-02-05T14:37:22+00:00\",\"dateModified\":\"2025-02-06T16:03:50+00:00\",\"description\":\"Construimos campa\u00f1as y estrategias en canales digitales con contenidos asertivos, acordes con sus necesidades y expectativas.\",\"breadcrumb\":{\"@id\":\"https:\/\/kmedia.co\/partners\/rd-station\/#breadcrumb\"},\"inLanguage\":\"pt-BR\",\"potentialAction\":[{\"@type\":\"ReadAction\",\"target\":[\"https:\/\/kmedia.co\/partners\/rd-station\/\"]}]},{\"@type\":\"ImageObject\",\"inLanguage\":\"pt-BR\",\"@id\":\"https:\/\/kmedia.co\/partners\/rd-station\/#primaryimage\",\"url\":\"https:\/\/kmedia.co\/wp-content\/uploads\/2021\/04\/servicio-estrategia-digital-3.png\",\"contentUrl\":\"https:\/\/kmedia.co\/wp-content\/uploads\/2021\/04\/servicio-estrategia-digital-3.png\",\"width\":615,\"height\":559,\"caption\":\"estrategia digital\"},{\"@type\":\"BreadcrumbList\",\"@id\":\"https:\/\/kmedia.co\/partners\/rd-station\/#breadcrumb\",\"itemListElement\":[{\"@type\":\"ListItem\",\"position\":1,\"name\":\"Home\",\"item\":\"https:\/\/kmedia.co\/\"},{\"@type\":\"ListItem\",\"position\":2,\"name\":\"Partners\",\"item\":\"https:\/\/kmedia.co\/partners\/\"},{\"@type\":\"ListItem\",\"position\":3,\"name\":\"RD Station\"}]},{\"@type\":\"WebSite\",\"@id\":\"https:\/\/kmedia.co\/#website\",\"url\":\"https:\/\/kmedia.co\/\",\"name\":\"kmedia\",\"description\":\"Planee y desarrolle su  estrategia digital con KMEDIA. PBX :702 2000\",\"potentialAction\":[{\"@type\":\"SearchAction\",\"target\":{\"@type\":\"EntryPoint\",\"urlTemplate\":\"https:\/\/kmedia.co\/?s={search_term_string}\"},\"query-input\":{\"@type\":\"PropertyValueSpecification\",\"valueRequired\":true,\"valueName\":\"search_term_string\"}}],\"inLanguage\":\"pt-BR\"}]}<\/script>\n<!-- \/ Yoast SEO plugin. -->","yoast_head_json":{"title":"Esta\u00e7\u00e3o RD - kmedia","description":"Criamos campanhas e estrat\u00e9gias em canais digitais com conte\u00fado impactante, de acordo com suas necessidades e expectativas.","robots":{"index":"index","follow":"follow","max-snippet":"max-snippet:-1","max-image-preview":"max-image-preview:large","max-video-preview":"max-video-preview:-1"},"canonical":"https:\/\/kmedia.co\/pt\/partners\/rd-station\/","og_locale":"pt_BR","og_type":"article","og_title":"RD Station - kmedia","og_description":"Construimos campa\u00f1as y estrategias en canales digitales con contenidos asertivos, acordes con sus necesidades y expectativas.","og_url":"https:\/\/kmedia.co\/pt\/partners\/rd-station\/","og_site_name":"kmedia","article_modified_time":"2025-02-06T16:03:50+00:00","og_image":[{"width":615,"height":559,"url":"https:\/\/kmedia.co\/wp-content\/uploads\/2021\/04\/servicio-estrategia-digital-3.png","type":"image\/png"}],"twitter_card":"summary_large_image","twitter_misc":{"Est. tempo de leitura":"3 minutos"},"schema":{"@context":"https:\/\/schema.org","@graph":[{"@type":"WebPage","@id":"https:\/\/kmedia.co\/partners\/rd-station\/","url":"https:\/\/kmedia.co\/partners\/rd-station\/","name":"Esta\u00e7\u00e3o RD - kmedia","isPartOf":{"@id":"https:\/\/kmedia.co\/#website"},"primaryImageOfPage":{"@id":"https:\/\/kmedia.co\/partners\/rd-station\/#primaryimage"},"image":{"@id":"https:\/\/kmedia.co\/partners\/rd-station\/#primaryimage"},"thumbnailUrl":"https:\/\/kmedia.co\/wp-content\/uploads\/2021\/04\/servicio-estrategia-digital-3.png","datePublished":"2025-02-05T14:37:22+00:00","dateModified":"2025-02-06T16:03:50+00:00","description":"Criamos campanhas e estrat\u00e9gias em canais digitais com conte\u00fado impactante, de acordo com suas necessidades e expectativas.","breadcrumb":{"@id":"https:\/\/kmedia.co\/partners\/rd-station\/#breadcrumb"},"inLanguage":"pt-BR","potentialAction":[{"@type":"ReadAction","target":["https:\/\/kmedia.co\/partners\/rd-station\/"]}]},{"@type":"ImageObject","inLanguage":"pt-BR","@id":"https:\/\/kmedia.co\/partners\/rd-station\/#primaryimage","url":"https:\/\/kmedia.co\/wp-content\/uploads\/2021\/04\/servicio-estrategia-digital-3.png","contentUrl":"https:\/\/kmedia.co\/wp-content\/uploads\/2021\/04\/servicio-estrategia-digital-3.png","width":615,"height":559,"caption":"estrategia digital"},{"@type":"BreadcrumbList","@id":"https:\/\/kmedia.co\/partners\/rd-station\/#breadcrumb","itemListElement":[{"@type":"ListItem","position":1,"name":"Home","item":"https:\/\/kmedia.co\/"},{"@type":"ListItem","position":2,"name":"Partners","item":"https:\/\/kmedia.co\/partners\/"},{"@type":"ListItem","position":3,"name":"RD Station"}]},{"@type":"WebSite","@id":"https:\/\/kmedia.co\/#website","url":"https:\/\/kmedia.co\/","name":"kmedia","description":"Planeje e desenvolva sua estrat\u00e9gia digital com a KMEDIA. PABX: 702 2000","potentialAction":[{"@type":"SearchAction","target":{"@type":"EntryPoint","urlTemplate":"https:\/\/kmedia.co\/?s={search_term_string}"},"query-input":{"@type":"PropertyValueSpecification","valueRequired":true,"valueName":"search_term_string"}}],"inLanguage":"pt-BR"}]}},"_links":{"self":[{"href":"https:\/\/kmedia.co\/pt\/wp-json\/wp\/v2\/pages\/16765","targetHints":{"allow":["GET"]}}],"collection":[{"href":"https:\/\/kmedia.co\/pt\/wp-json\/wp\/v2\/pages"}],"about":[{"href":"https:\/\/kmedia.co\/pt\/wp-json\/wp\/v2\/types\/page"}],"author":[{"embeddable":true,"href":"https:\/\/kmedia.co\/pt\/wp-json\/wp\/v2\/users\/1"}],"replies":[{"embeddable":true,"href":"https:\/\/kmedia.co\/pt\/wp-json\/wp\/v2\/comments?post=16765"}],"version-history":[{"count":13,"href":"https:\/\/kmedia.co\/pt\/wp-json\/wp\/v2\/pages\/16765\/revisions"}],"predecessor-version":[{"id":16790,"href":"https:\/\/kmedia.co\/pt\/wp-json\/wp\/v2\/pages\/16765\/revisions\/16790"}],"up":[{"embeddable":true,"href":"https:\/\/kmedia.co\/pt\/wp-json\/wp\/v2\/pages\/16750"}],"wp:featuredmedia":[{"embeddable":true,"href":"https:\/\/kmedia.co\/pt\/wp-json\/wp\/v2\/media\/6862"}],"wp:attachment":[{"href":"https:\/\/kmedia.co\/pt\/wp-json\/wp\/v2\/media?parent=16765"}],"curies":[{"name":"wp","href":"https:\/\/api.w.org\/{rel}","templated":true}]}}