{"id":5513,"date":"2021-03-29T16:55:36","date_gmt":"2021-03-29T21:55:36","guid":{"rendered":"https:\/\/kmedia.co\/nuevo\/?page_id=5513"},"modified":"2024-05-03T16:41:37","modified_gmt":"2024-05-03T21:41:37","slug":"portafolio","status":"publish","type":"page","link":"https:\/\/kmedia.co\/pt\/portafolio\/","title":{"rendered":"Portf\u00f3lio"},"content":{"rendered":"<div data-elementor-type=\"wp-page\" data-elementor-id=\"5513\" class=\"elementor elementor-5513\" data-elementor-post-type=\"page\">\n\t\t\t\t\t\t<section class=\"elementor-section elementor-top-section elementor-element elementor-element-520365a4 elementor-section-boxed elementor-section-height-default elementor-section-height-default\" data-id=\"520365a4\" data-element_type=\"section\">\n\t\t\t\t\t\t<div class=\"elementor-container elementor-column-gap-default\">\n\t\t\t\t\t<div class=\"elementor-column elementor-col-100 elementor-top-column elementor-element elementor-element-5de3624e ot-flex-column-vertical\" data-id=\"5de3624e\" data-element_type=\"column\">\n\t\t\t<div class=\"elementor-widget-wrap elementor-element-populated\">\n\t\t\t\t\t\t<div class=\"elementor-element elementor-element-5e310185 elementor-widget elementor-widget-iheading\" data-id=\"5e310185\" data-element_type=\"widget\" data-widget_type=\"iheading.default\">\n\t\t\t\t<div class=\"elementor-widget-container\">\n\t\t\t\t\t\t\t<div class=\"ot-heading center-align\">\r\n\t\t\t\r\n\t\t\t\t\r\n\r\n\t        \t            <h6 class=\"sub-heading\"><span>PORTF\u00d3LIO<\/span><\/h6>\r\n\t         \r\n\r\n\t        \t        \t<h2 class=\"main-heading\">Somos uma plataforma de marketing digital! <\/h2>\r\n\t        \t    <\/div>\r\n\t    \t\t\t\t<\/div>\n\t\t\t\t<\/div>\n\t\t\t\t<div class=\"elementor-element elementor-element-b150a3c elementor-widget elementor-widget-text-editor\" data-id=\"b150a3c\" data-element_type=\"widget\" data-widget_type=\"text-editor.default\">\n\t\t\t\t<div class=\"elementor-widget-container\">\n\t\t\t\t\t\t\t\t\t<p class=\"font22\">Que fornece solu\u00e7\u00f5es para empresas de qualquer porte<\/br> construa uma estrat\u00e9gia de sucesso nos seus canais digitais!<\/p>\t\t\t\t\t\t\t\t<\/div>\n\t\t\t\t<\/div>\n\t\t\t\t\t<\/div>\n\t\t<\/div>\n\t\t\t\t\t<\/div>\n\t\t<\/section>\n\t\t\t\t<section class=\"elementor-section elementor-top-section elementor-element elementor-element-753a1b7 elementor-section-boxed elementor-section-height-default elementor-section-height-default\" data-id=\"753a1b7\" data-element_type=\"section\">\n\t\t\t\t\t\t<div class=\"elementor-container elementor-column-gap-default\">\n\t\t\t\t\t<div class=\"elementor-column elementor-col-100 elementor-top-column elementor-element elementor-element-24510132 ot-flex-column-vertical\" data-id=\"24510132\" data-element_type=\"column\">\n\t\t\t<div class=\"elementor-widget-wrap elementor-element-populated\">\n\t\t\t\t\t\t<div class=\"elementor-element elementor-element-1abe061b elementor-widget elementor-widget-ipfilter\" data-id=\"1abe061b\" data-element_type=\"widget\" data-widget_type=\"ipfilter.default\">\n\t\t\t\t<div class=\"elementor-widget-container\">\n\t\t\t\t\t\r\n\t\t<div class=\"project-filter-wrapper\">\r\n\t        \t        \t<div class=\"container\">\r\n\t        \t\t<ul class=\"project_filters\">\r\n\t        \t\t\t\t        \t\t\t \t<li><a href=\"#\" data-filter=\"*\" class=\"selected\">Todos<\/a><\/li>\r\n\t        \t\t\t\t\t                \t\t                    <li><a href='#' data-filter='.category-18'>Criatividade<\/a><\/li>\t                    \r\n\t\t                \t\t                    <li><a href='#' data-filter='.category-19'>Desenvolvimento Web<\/a><\/li>\t                    \r\n\t\t                \t\t                    <li><a href='#' data-filter='.category-20'>Desenvolvimento Woocommerce<\/a><\/li>\t                    \r\n\t\t                \t\t                    <li><a href='#' data-filter='.category-22'>Estrat\u00e9gia Digital<\/a><\/li>\t                    \r\n\t\t                \t\t                    <li><a href='#' data-filter='.category-23'>Hospedagem e Dom\u00ednios<\/a><\/li>\t                    \r\n\t\t                \t\t                    <li><a href='#' data-filter='.category-24'>Marketing por e-mail<\/a><\/li>\t                    \r\n\t\t                \t\t                    <li><a href='#' data-filter='.category-27'>Marketing de conte\u00fado<\/a><\/li>\t                    \r\n\t\t                \t\t                    <li><a href='#' data-filter='.category-31'>Plataforma de Educa\u00e7\u00e3o Virtual<\/a><\/li>\t                    \r\n\t\t                \t\t                    <li><a href='#' data-filter='.category-33'>SEM<\/a><\/li>\t                    \r\n\t\t                \t\t                    <li><a href='#' data-filter='.category-35'>SEO<\/a><\/li>\t                    \r\n\t\t                \t\t                    <li><a href='#' data-filter='.category-36'>M\u00eddias sociais<\/a><\/li>\t                    \r\n\t\t                \t\t                    <li><a href='#' data-filter='.category-37'>Transforma\u00e7\u00e3o Digital<\/a><\/li>\t                    \r\n\t\t                \t\t\t\t\t<\/ul>\r\n\t\t\t\t<\/div>\r\n\t        \r\n\t        <div class=\"projects-grid projects-style-1\">\r\n\t        \t<div class=\"project-grid-sizer\"><\/div>\r\n\t            \r\n\t            \t<div class=\"project-item category-18 category-19 category-22 category-27 category-33 category-35\">\r\n\t\t\t\t\t\t<div class=\"projects-box\">\r\n\t\t\t\t\t\t\t<div class=\"projects-thumbnail\">\r\n\t\t\t\t\t\t\t\t<a href=\"https:\/\/kmedia.co\/pt\/portfolio\/la-umng-universidad-militar-nueve-granada\/\">\r\n\t\t\t\t\t\t\t\t\t<img fetchpriority=\"high\" decoding=\"async\" width=\"760\" height=\"760\" src=\"https:\/\/kmedia.co\/wp-content\/uploads\/2023\/10\/LOGO_UMNG-01-1-760x760.png\" class=\"attachment-onum-portfolio-thumbnail-left-top size-onum-portfolio-thumbnail-left-top wp-post-image\" alt=\"\" srcset=\"https:\/\/kmedia.co\/wp-content\/uploads\/2023\/10\/LOGO_UMNG-01-1-760x760.png 760w, https:\/\/kmedia.co\/wp-content\/uploads\/2023\/10\/LOGO_UMNG-01-1-300x300.png 300w, https:\/\/kmedia.co\/wp-content\/uploads\/2023\/10\/LOGO_UMNG-01-1-1024x1024.png 1024w, https:\/\/kmedia.co\/wp-content\/uploads\/2023\/10\/LOGO_UMNG-01-1-150x150.png 150w, https:\/\/kmedia.co\/wp-content\/uploads\/2023\/10\/LOGO_UMNG-01-1-768x768.png 768w, https:\/\/kmedia.co\/wp-content\/uploads\/2023\/10\/LOGO_UMNG-01-1-1536x1536.png 1536w, https:\/\/kmedia.co\/wp-content\/uploads\/2023\/10\/LOGO_UMNG-01-1-2048x2048.png 2048w, https:\/\/kmedia.co\/wp-content\/uploads\/2023\/10\/LOGO_UMNG-01-1-600x600.png 600w, https:\/\/kmedia.co\/wp-content\/uploads\/2023\/10\/LOGO_UMNG-01-1-100x100.png 100w\" sizes=\"(max-width: 760px) 100vw, 760px\" \/>\t\t\t\t\t\t\t\t<\/a>\r\n\t\t\t\t\t\t\t<\/div>\r\n\t\t\t\t\t\t\t<div class=\"portfolio-info s2\">\r\n\t\t\t\t\t\t\t\t<div class=\"portfolio-info-inner\">\r\n\t\t\t\t\t\t\t\t\t<h5 class=\"portfolio-info-title\"><a href=\"https:\/\/kmedia.co\/pt\/portfolio\/la-umng-universidad-militar-nueve-granada\/\">Universidade Militar UMNG Nove Granada<\/a><\/h5>\r\n\t\t\t\t\t\t\t\t\t<p class=\"portfolio-cates\"><a href=\"https:\/\/kmedia.co\/pt\/portfolio-category\/creatividad\/\">Criatividade<\/a><span>\/<\/span><a href=\"https:\/\/kmedia.co\/pt\/portfolio-category\/desarrollo-web\/\">Desenvolvimento Web<\/a><span>\/<\/span><a href=\"https:\/\/kmedia.co\/pt\/portfolio-category\/estrategia-digital\/\">Estrat\u00e9gia Digital<\/a><span>\/<\/span><a href=\"https:\/\/kmedia.co\/pt\/portfolio-category\/marketing-de-contenidos\/\">Marketing de conte\u00fado<\/a><span>\/<\/span><a href=\"https:\/\/kmedia.co\/pt\/portfolio-category\/sem\/\">SEM<\/a><span>\/<\/span><a href=\"https:\/\/kmedia.co\/pt\/portfolio-category\/seo\/\">SEO<\/a><span>\/<\/span><\/p> \r\n\t\t\t\t\t\t\t\t<\/div>\r\n\t\t\t\t\t\t\t<\/div>\r\n\t\t\t\t\t\t<\/div>\r\n\t\t\t\t\t<\/div>\r\n\r\n\t            \r\n\t            \t<div class=\"project-item category-18 category-19 category-22 category-27 category-33 category-35 category-37\">\r\n\t\t\t\t\t\t<div class=\"projects-box\">\r\n\t\t\t\t\t\t\t<div class=\"projects-thumbnail\">\r\n\t\t\t\t\t\t\t\t<a href=\"https:\/\/kmedia.co\/pt\/portfolio\/umecit\/\">\r\n\t\t\t\t\t\t\t\t\t<img decoding=\"async\" width=\"760\" height=\"760\" src=\"https:\/\/kmedia.co\/wp-content\/uploads\/2023\/10\/Logo-Umecit--760x760.png\" class=\"attachment-onum-portfolio-thumbnail-left-top size-onum-portfolio-thumbnail-left-top wp-post-image\" alt=\"\" srcset=\"https:\/\/kmedia.co\/wp-content\/uploads\/2023\/10\/Logo-Umecit--760x760.png 760w, https:\/\/kmedia.co\/wp-content\/uploads\/2023\/10\/Logo-Umecit--300x300.png 300w, https:\/\/kmedia.co\/wp-content\/uploads\/2023\/10\/Logo-Umecit--150x150.png 150w, https:\/\/kmedia.co\/wp-content\/uploads\/2023\/10\/Logo-Umecit--768x768.png 768w, https:\/\/kmedia.co\/wp-content\/uploads\/2023\/10\/Logo-Umecit--600x600.png 600w, https:\/\/kmedia.co\/wp-content\/uploads\/2023\/10\/Logo-Umecit--100x100.png 100w, https:\/\/kmedia.co\/wp-content\/uploads\/2023\/10\/Logo-Umecit-.png 1024w\" sizes=\"(max-width: 760px) 100vw, 760px\" \/>\t\t\t\t\t\t\t\t<\/a>\r\n\t\t\t\t\t\t\t<\/div>\r\n\t\t\t\t\t\t\t<div class=\"portfolio-info s2\">\r\n\t\t\t\t\t\t\t\t<div class=\"portfolio-info-inner\">\r\n\t\t\t\t\t\t\t\t\t<h5 class=\"portfolio-info-title\"><a href=\"https:\/\/kmedia.co\/pt\/portfolio\/umecit\/\">UMECIT<\/a><\/h5>\r\n\t\t\t\t\t\t\t\t\t<p class=\"portfolio-cates\"><a href=\"https:\/\/kmedia.co\/pt\/portfolio-category\/creatividad\/\">Criatividade<\/a><span>\/<\/span><a href=\"https:\/\/kmedia.co\/pt\/portfolio-category\/desarrollo-web\/\">Desenvolvimento Web<\/a><span>\/<\/span><a href=\"https:\/\/kmedia.co\/pt\/portfolio-category\/estrategia-digital\/\">Estrat\u00e9gia Digital<\/a><span>\/<\/span><a href=\"https:\/\/kmedia.co\/pt\/portfolio-category\/marketing-de-contenidos\/\">Marketing de conte\u00fado<\/a><span>\/<\/span><a href=\"https:\/\/kmedia.co\/pt\/portfolio-category\/sem\/\">SEM<\/a><span>\/<\/span><a href=\"https:\/\/kmedia.co\/pt\/portfolio-category\/seo\/\">SEO<\/a><span>\/<\/span><a href=\"https:\/\/kmedia.co\/pt\/portfolio-category\/transformacion-digital\/\">Transforma\u00e7\u00e3o Digital<\/a><span>\/<\/span><\/p> \r\n\t\t\t\t\t\t\t\t<\/div>\r\n\t\t\t\t\t\t\t<\/div>\r\n\t\t\t\t\t\t<\/div>\r\n\t\t\t\t\t<\/div>\r\n\r\n\t            \r\n\t            \t<div class=\"project-item category-18 category-20 category-22 category-27 category-33 category-35\">\r\n\t\t\t\t\t\t<div class=\"projects-box\">\r\n\t\t\t\t\t\t\t<div class=\"projects-thumbnail\">\r\n\t\t\t\t\t\t\t\t<a href=\"https:\/\/kmedia.co\/pt\/portfolio\/la-granja\/\">\r\n\t\t\t\t\t\t\t\t\t<img decoding=\"async\" width=\"760\" height=\"760\" src=\"https:\/\/kmedia.co\/wp-content\/uploads\/2021\/04\/la-granja-1-760x760.png\" class=\"attachment-onum-portfolio-thumbnail-left-top size-onum-portfolio-thumbnail-left-top wp-post-image\" alt=\"La Granja Productos frescos de la despensa de la sabana\" srcset=\"https:\/\/kmedia.co\/wp-content\/uploads\/2021\/04\/la-granja-1-760x760.png 760w, https:\/\/kmedia.co\/wp-content\/uploads\/2021\/04\/la-granja-1-300x300.png 300w, https:\/\/kmedia.co\/wp-content\/uploads\/2021\/04\/la-granja-1-150x150.png 150w, https:\/\/kmedia.co\/wp-content\/uploads\/2021\/04\/la-granja-1-768x768.png 768w, https:\/\/kmedia.co\/wp-content\/uploads\/2021\/04\/la-granja-1-650x650.png 650w, https:\/\/kmedia.co\/wp-content\/uploads\/2021\/04\/la-granja-1.png 1024w\" sizes=\"(max-width: 760px) 100vw, 760px\" \/>\t\t\t\t\t\t\t\t<\/a>\r\n\t\t\t\t\t\t\t<\/div>\r\n\t\t\t\t\t\t\t<div class=\"portfolio-info s2\">\r\n\t\t\t\t\t\t\t\t<div class=\"portfolio-info-inner\">\r\n\t\t\t\t\t\t\t\t\t<h5 class=\"portfolio-info-title\"><a href=\"https:\/\/kmedia.co\/pt\/portfolio\/la-granja\/\">A FAZENDA<\/a><\/h5>\r\n\t\t\t\t\t\t\t\t\t<p class=\"portfolio-cates\"><a href=\"https:\/\/kmedia.co\/pt\/portfolio-category\/creatividad\/\">Criatividade<\/a><span>\/<\/span><a href=\"https:\/\/kmedia.co\/pt\/portfolio-category\/desarrollo-woocommerce\/\">Desenvolvimento Woocommerce<\/a><span>\/<\/span><a href=\"https:\/\/kmedia.co\/pt\/portfolio-category\/estrategia-digital\/\">Estrat\u00e9gia Digital<\/a><span>\/<\/span><a href=\"https:\/\/kmedia.co\/pt\/portfolio-category\/marketing-de-contenidos\/\">Marketing de conte\u00fado<\/a><span>\/<\/span><a href=\"https:\/\/kmedia.co\/pt\/portfolio-category\/sem\/\">SEM<\/a><span>\/<\/span><a href=\"https:\/\/kmedia.co\/pt\/portfolio-category\/seo\/\">SEO<\/a><span>\/<\/span><\/p> \r\n\t\t\t\t\t\t\t\t<\/div>\r\n\t\t\t\t\t\t\t<\/div>\r\n\t\t\t\t\t\t<\/div>\r\n\t\t\t\t\t<\/div>\r\n\r\n\t            \r\n\t            \t<div class=\"project-item category-18 category-19 category-22 category-27 category-31 category-33 category-35\">\r\n\t\t\t\t\t\t<div class=\"projects-box\">\r\n\t\t\t\t\t\t\t<div class=\"projects-thumbnail\">\r\n\t\t\t\t\t\t\t\t<a href=\"https:\/\/kmedia.co\/pt\/portfolio\/jardin-del-arco-iris-preescolar\/\">\r\n\t\t\t\t\t\t\t\t\t<img loading=\"lazy\" decoding=\"async\" width=\"760\" height=\"760\" src=\"https:\/\/kmedia.co\/wp-content\/uploads\/2021\/04\/Logo-web-min-760x760.png\" class=\"attachment-onum-portfolio-thumbnail-left-top size-onum-portfolio-thumbnail-left-top wp-post-image\" alt=\"Jardin del Arco Iris\" srcset=\"https:\/\/kmedia.co\/wp-content\/uploads\/2021\/04\/Logo-web-min-760x760.png 760w, https:\/\/kmedia.co\/wp-content\/uploads\/2021\/04\/Logo-web-min-300x300.png 300w, https:\/\/kmedia.co\/wp-content\/uploads\/2021\/04\/Logo-web-min.png 1024w, https:\/\/kmedia.co\/wp-content\/uploads\/2021\/04\/Logo-web-min-150x150.png 150w, https:\/\/kmedia.co\/wp-content\/uploads\/2021\/04\/Logo-web-min-768x768.png 768w, https:\/\/kmedia.co\/wp-content\/uploads\/2021\/04\/Logo-web-min-600x600.png 600w, https:\/\/kmedia.co\/wp-content\/uploads\/2021\/04\/Logo-web-min-100x100.png 100w\" sizes=\"(max-width: 760px) 100vw, 760px\" \/>\t\t\t\t\t\t\t\t<\/a>\r\n\t\t\t\t\t\t\t<\/div>\r\n\t\t\t\t\t\t\t<div class=\"portfolio-info s2\">\r\n\t\t\t\t\t\t\t\t<div class=\"portfolio-info-inner\">\r\n\t\t\t\t\t\t\t\t\t<h5 class=\"portfolio-info-title\"><a href=\"https:\/\/kmedia.co\/pt\/portfolio\/jardin-del-arco-iris-preescolar\/\">Pr\u00e9-escola Rainbow Garden<\/a><\/h5>\r\n\t\t\t\t\t\t\t\t\t<p class=\"portfolio-cates\"><a href=\"https:\/\/kmedia.co\/pt\/portfolio-category\/creatividad\/\">Criatividade<\/a><span>\/<\/span><a href=\"https:\/\/kmedia.co\/pt\/portfolio-category\/desarrollo-web\/\">Desenvolvimento Web<\/a><span>\/<\/span><a href=\"https:\/\/kmedia.co\/pt\/portfolio-category\/estrategia-digital\/\">Estrat\u00e9gia Digital<\/a><span>\/<\/span><a href=\"https:\/\/kmedia.co\/pt\/portfolio-category\/marketing-de-contenidos\/\">Marketing de conte\u00fado<\/a><span>\/<\/span><a href=\"https:\/\/kmedia.co\/pt\/portfolio-category\/plataforma-de-educacion-virtual\/\">Plataforma de Educa\u00e7\u00e3o Virtual<\/a><span>\/<\/span><a href=\"https:\/\/kmedia.co\/pt\/portfolio-category\/sem\/\">SEM<\/a><span>\/<\/span><a href=\"https:\/\/kmedia.co\/pt\/portfolio-category\/seo\/\">SEO<\/a><span>\/<\/span><\/p> \r\n\t\t\t\t\t\t\t\t<\/div>\r\n\t\t\t\t\t\t\t<\/div>\r\n\t\t\t\t\t\t<\/div>\r\n\t\t\t\t\t<\/div>\r\n\r\n\t            \r\n\t            \t<div class=\"project-item category-19 category-23 category-24 category-35 category-36\">\r\n\t\t\t\t\t\t<div class=\"projects-box\">\r\n\t\t\t\t\t\t\t<div class=\"projects-thumbnail\">\r\n\t\t\t\t\t\t\t\t<a href=\"https:\/\/kmedia.co\/pt\/portfolio\/fedegan\/\">\r\n\t\t\t\t\t\t\t\t\t<img loading=\"lazy\" decoding=\"async\" width=\"760\" height=\"760\" src=\"https:\/\/kmedia.co\/wp-content\/uploads\/2021\/03\/fedegan-02-2-01-760x760.png\" class=\"attachment-onum-portfolio-thumbnail-left-top size-onum-portfolio-thumbnail-left-top wp-post-image\" alt=\"Fedegan\" srcset=\"https:\/\/kmedia.co\/wp-content\/uploads\/2021\/03\/fedegan-02-2-01-760x760.png 760w, https:\/\/kmedia.co\/wp-content\/uploads\/2021\/03\/fedegan-02-2-01-300x300.png 300w, https:\/\/kmedia.co\/wp-content\/uploads\/2021\/03\/fedegan-02-2-01-1024x1024.png 1024w, https:\/\/kmedia.co\/wp-content\/uploads\/2021\/03\/fedegan-02-2-01-150x150.png 150w, https:\/\/kmedia.co\/wp-content\/uploads\/2021\/03\/fedegan-02-2-01-768x768.png 768w, https:\/\/kmedia.co\/wp-content\/uploads\/2021\/03\/fedegan-02-2-01-1536x1536.png 1536w, https:\/\/kmedia.co\/wp-content\/uploads\/2021\/03\/fedegan-02-2-01-2048x2048.png 2048w, https:\/\/kmedia.co\/wp-content\/uploads\/2021\/03\/fedegan-02-2-01-650x650.png 650w\" sizes=\"(max-width: 760px) 100vw, 760px\" \/>\t\t\t\t\t\t\t\t<\/a>\r\n\t\t\t\t\t\t\t<\/div>\r\n\t\t\t\t\t\t\t<div class=\"portfolio-info s2\">\r\n\t\t\t\t\t\t\t\t<div class=\"portfolio-info-inner\">\r\n\t\t\t\t\t\t\t\t\t<h5 class=\"portfolio-info-title\"><a href=\"https:\/\/kmedia.co\/pt\/portfolio\/fedegan\/\">FEDEGAN<\/a><\/h5>\r\n\t\t\t\t\t\t\t\t\t<p class=\"portfolio-cates\"><a href=\"https:\/\/kmedia.co\/pt\/portfolio-category\/desarrollo-web\/\">Desenvolvimento Web<\/a><span>\/<\/span><a href=\"https:\/\/kmedia.co\/pt\/portfolio-category\/hosting-y-dominios\/\">Hospedagem e Dom\u00ednios<\/a><span>\/<\/span><a href=\"https:\/\/kmedia.co\/pt\/portfolio-category\/mail-marketing\/\">Marketing por e-mail<\/a><span>\/<\/span><a href=\"https:\/\/kmedia.co\/pt\/portfolio-category\/seo\/\">SEO<\/a><span>\/<\/span><a href=\"https:\/\/kmedia.co\/pt\/portfolio-category\/social-media\/\">M\u00eddias sociais<\/a><span>\/<\/span><\/p> \r\n\t\t\t\t\t\t\t\t<\/div>\r\n\t\t\t\t\t\t\t<\/div>\r\n\t\t\t\t\t\t<\/div>\r\n\t\t\t\t\t<\/div>\r\n\r\n\t            \r\n\t            \t<div class=\"project-item\">\r\n\t\t\t\t\t\t<div class=\"projects-box\">\r\n\t\t\t\t\t\t\t<div class=\"projects-thumbnail\">\r\n\t\t\t\t\t\t\t\t<a href=\"https:\/\/kmedia.co\/pt\/portfolio\/asotrans\/\">\r\n\t\t\t\t\t\t\t\t\t<img loading=\"lazy\" decoding=\"async\" width=\"500\" height=\"615\" src=\"https:\/\/kmedia.co\/wp-content\/uploads\/2021\/03\/asotrans-02.png\" class=\"attachment-onum-portfolio-thumbnail-left-top size-onum-portfolio-thumbnail-left-top wp-post-image\" alt=\"Asotrans\" srcset=\"https:\/\/kmedia.co\/wp-content\/uploads\/2021\/03\/asotrans-02.png 500w, https:\/\/kmedia.co\/wp-content\/uploads\/2021\/03\/asotrans-02-244x300.png 244w\" sizes=\"(max-width: 500px) 100vw, 500px\" \/>\t\t\t\t\t\t\t\t<\/a>\r\n\t\t\t\t\t\t\t<\/div>\r\n\t\t\t\t\t\t\t<div class=\"portfolio-info s2\">\r\n\t\t\t\t\t\t\t\t<div class=\"portfolio-info-inner\">\r\n\t\t\t\t\t\t\t\t\t<h5 class=\"portfolio-info-title\"><a href=\"https:\/\/kmedia.co\/pt\/portfolio\/asotrans\/\">ASOTRANS<\/a><\/h5>\r\n\t\t\t\t\t\t\t\t\t \r\n\t\t\t\t\t\t\t\t<\/div>\r\n\t\t\t\t\t\t\t<\/div>\r\n\t\t\t\t\t\t<\/div>\r\n\t\t\t\t\t<\/div>\r\n\r\n\t            \t        <\/div>\r\n\t    <\/div>\r\n\r\n\t    \t\t\t\t<\/div>\n\t\t\t\t<\/div>\n\t\t\t\t\t<\/div>\n\t\t<\/div>\n\t\t\t\t\t<\/div>\n\t\t<\/section>\n\t\t\t\t<\/div>","protected":false},"excerpt":{"rendered":"<p>PORTF\u00d3LIO Somos uma plataforma de marketing digital! Oferecemos solu\u00e7\u00f5es para empresas de todos os portes criarem uma estrat\u00e9gia de sucesso em seus canais digitais! Todos LA GRANJA JARDIN DEL ARCO IRIS PREESCOLAR FEDEGAN ASOTRANS BODYTECH ABILITY DATA BYC TRANSIPIALES MARCO POLO \u2013 SUPERPOLO TECNIRUEDAS \u2013 GITI SCANIA<\/p>","protected":false},"author":1,"featured_media":0,"parent":0,"menu_order":0,"comment_status":"closed","ping_status":"closed","template":"","meta":{"_eb_attr":"","footnotes":""},"class_list":["post-5513","page","type-page","status-publish","hentry"],"yoast_head":"<!-- This site is optimized with the Yoast SEO plugin v26.5 - https:\/\/yoast.com\/wordpress\/plugins\/seo\/ -->\n<title>Portafolio - kmedia<\/title>\n<meta name=\"description\" content=\"Proveemos soluciones para que empresas de cualquier tama\u00f1o construyan una estrategia de \u00e9xito en sus canales digitales\" \/>\n<meta name=\"robots\" content=\"index, follow, max-snippet:-1, max-image-preview:large, max-video-preview:-1\" \/>\n<link rel=\"canonical\" href=\"https:\/\/kmedia.co\/pt\/portafolio\/\" \/>\n<meta property=\"og:locale\" content=\"pt_BR\" \/>\n<meta property=\"og:type\" content=\"article\" \/>\n<meta property=\"og:title\" content=\"Portafolio - kmedia\" \/>\n<meta property=\"og:description\" content=\"Proveemos soluciones para que empresas de cualquier tama\u00f1o construyan una estrategia de \u00e9xito en sus canales digitales\" \/>\n<meta property=\"og:url\" content=\"https:\/\/kmedia.co\/pt\/portafolio\/\" \/>\n<meta property=\"og:site_name\" content=\"kmedia\" \/>\n<meta property=\"article:modified_time\" content=\"2024-05-03T21:41:37+00:00\" \/>\n<meta property=\"og:image\" content=\"https:\/\/kmedia.co\/wp-content\/uploads\/2021\/03\/fedegan-02-21.png\" \/>\n<meta name=\"twitter:card\" content=\"summary_large_image\" \/>\n<meta name=\"twitter:label1\" content=\"Est. tempo de leitura\" \/>\n\t<meta name=\"twitter:data1\" content=\"3 minutos\" \/>\n<script type=\"application\/ld+json\" class=\"yoast-schema-graph\">{\"@context\":\"https:\/\/schema.org\",\"@graph\":[{\"@type\":\"WebPage\",\"@id\":\"https:\/\/kmedia.co\/portafolio\/\",\"url\":\"https:\/\/kmedia.co\/portafolio\/\",\"name\":\"Portafolio - kmedia\",\"isPartOf\":{\"@id\":\"https:\/\/kmedia.co\/#website\"},\"primaryImageOfPage\":{\"@id\":\"https:\/\/kmedia.co\/portafolio\/#primaryimage\"},\"image\":{\"@id\":\"https:\/\/kmedia.co\/portafolio\/#primaryimage\"},\"thumbnailUrl\":\"https:\/\/kmedia.co\/wp-content\/uploads\/2021\/03\/fedegan-02-21.png\",\"datePublished\":\"2021-03-29T21:55:36+00:00\",\"dateModified\":\"2024-05-03T21:41:37+00:00\",\"description\":\"Proveemos soluciones para que empresas de cualquier tama\u00f1o construyan una estrategia de \u00e9xito en sus canales digitales\",\"breadcrumb\":{\"@id\":\"https:\/\/kmedia.co\/portafolio\/#breadcrumb\"},\"inLanguage\":\"pt-BR\",\"potentialAction\":[{\"@type\":\"ReadAction\",\"target\":[\"https:\/\/kmedia.co\/portafolio\/\"]}]},{\"@type\":\"ImageObject\",\"inLanguage\":\"pt-BR\",\"@id\":\"https:\/\/kmedia.co\/portafolio\/#primaryimage\",\"url\":\"https:\/\/kmedia.co\/wp-content\/uploads\/2021\/03\/fedegan-02-21.png\",\"contentUrl\":\"https:\/\/kmedia.co\/wp-content\/uploads\/2021\/03\/fedegan-02-21.png\"},{\"@type\":\"BreadcrumbList\",\"@id\":\"https:\/\/kmedia.co\/portafolio\/#breadcrumb\",\"itemListElement\":[{\"@type\":\"ListItem\",\"position\":1,\"name\":\"Home\",\"item\":\"https:\/\/kmedia.co\/\"},{\"@type\":\"ListItem\",\"position\":2,\"name\":\"Portafolio\"}]},{\"@type\":\"WebSite\",\"@id\":\"https:\/\/kmedia.co\/#website\",\"url\":\"https:\/\/kmedia.co\/\",\"name\":\"kmedia\",\"description\":\"Planee y desarrolle su  estrategia digital con KMEDIA. PBX :702 2000\",\"potentialAction\":[{\"@type\":\"SearchAction\",\"target\":{\"@type\":\"EntryPoint\",\"urlTemplate\":\"https:\/\/kmedia.co\/?s={search_term_string}\"},\"query-input\":{\"@type\":\"PropertyValueSpecification\",\"valueRequired\":true,\"valueName\":\"search_term_string\"}}],\"inLanguage\":\"pt-BR\"}]}<\/script>\n<!-- \/ Yoast SEO plugin. -->","yoast_head_json":{"title":"Portf\u00f3lio - kmedia","description":"Oferecemos solu\u00e7\u00f5es para empresas de todos os portes que desejam construir uma estrat\u00e9gia de sucesso em seus canais digitais.","robots":{"index":"index","follow":"follow","max-snippet":"max-snippet:-1","max-image-preview":"max-image-preview:large","max-video-preview":"max-video-preview:-1"},"canonical":"https:\/\/kmedia.co\/pt\/portafolio\/","og_locale":"pt_BR","og_type":"article","og_title":"Portafolio - kmedia","og_description":"Proveemos soluciones para que empresas de cualquier tama\u00f1o construyan una estrategia de \u00e9xito en sus canales digitales","og_url":"https:\/\/kmedia.co\/pt\/portafolio\/","og_site_name":"kmedia","article_modified_time":"2024-05-03T21:41:37+00:00","og_image":[{"url":"https:\/\/kmedia.co\/wp-content\/uploads\/2021\/03\/fedegan-02-21.png","type":"","width":"","height":""}],"twitter_card":"summary_large_image","twitter_misc":{"Est. tempo de leitura":"3 minutos"},"schema":{"@context":"https:\/\/schema.org","@graph":[{"@type":"WebPage","@id":"https:\/\/kmedia.co\/portafolio\/","url":"https:\/\/kmedia.co\/portafolio\/","name":"Portf\u00f3lio - kmedia","isPartOf":{"@id":"https:\/\/kmedia.co\/#website"},"primaryImageOfPage":{"@id":"https:\/\/kmedia.co\/portafolio\/#primaryimage"},"image":{"@id":"https:\/\/kmedia.co\/portafolio\/#primaryimage"},"thumbnailUrl":"https:\/\/kmedia.co\/wp-content\/uploads\/2021\/03\/fedegan-02-21.png","datePublished":"2021-03-29T21:55:36+00:00","dateModified":"2024-05-03T21:41:37+00:00","description":"Oferecemos solu\u00e7\u00f5es para empresas de todos os portes que desejam construir uma estrat\u00e9gia de sucesso em seus canais digitais.","breadcrumb":{"@id":"https:\/\/kmedia.co\/portafolio\/#breadcrumb"},"inLanguage":"pt-BR","potentialAction":[{"@type":"ReadAction","target":["https:\/\/kmedia.co\/portafolio\/"]}]},{"@type":"ImageObject","inLanguage":"pt-BR","@id":"https:\/\/kmedia.co\/portafolio\/#primaryimage","url":"https:\/\/kmedia.co\/wp-content\/uploads\/2021\/03\/fedegan-02-21.png","contentUrl":"https:\/\/kmedia.co\/wp-content\/uploads\/2021\/03\/fedegan-02-21.png"},{"@type":"BreadcrumbList","@id":"https:\/\/kmedia.co\/portafolio\/#breadcrumb","itemListElement":[{"@type":"ListItem","position":1,"name":"Home","item":"https:\/\/kmedia.co\/"},{"@type":"ListItem","position":2,"name":"Portafolio"}]},{"@type":"WebSite","@id":"https:\/\/kmedia.co\/#website","url":"https:\/\/kmedia.co\/","name":"kmedia","description":"Planeje e desenvolva sua estrat\u00e9gia digital com a KMEDIA. PABX: 702 2000","potentialAction":[{"@type":"SearchAction","target":{"@type":"EntryPoint","urlTemplate":"https:\/\/kmedia.co\/?s={search_term_string}"},"query-input":{"@type":"PropertyValueSpecification","valueRequired":true,"valueName":"search_term_string"}}],"inLanguage":"pt-BR"}]}},"_links":{"self":[{"href":"https:\/\/kmedia.co\/pt\/wp-json\/wp\/v2\/pages\/5513","targetHints":{"allow":["GET"]}}],"collection":[{"href":"https:\/\/kmedia.co\/pt\/wp-json\/wp\/v2\/pages"}],"about":[{"href":"https:\/\/kmedia.co\/pt\/wp-json\/wp\/v2\/types\/page"}],"author":[{"embeddable":true,"href":"https:\/\/kmedia.co\/pt\/wp-json\/wp\/v2\/users\/1"}],"replies":[{"embeddable":true,"href":"https:\/\/kmedia.co\/pt\/wp-json\/wp\/v2\/comments?post=5513"}],"version-history":[{"count":1,"href":"https:\/\/kmedia.co\/pt\/wp-json\/wp\/v2\/pages\/5513\/revisions"}],"predecessor-version":[{"id":14925,"href":"https:\/\/kmedia.co\/pt\/wp-json\/wp\/v2\/pages\/5513\/revisions\/14925"}],"wp:attachment":[{"href":"https:\/\/kmedia.co\/pt\/wp-json\/wp\/v2\/media?parent=5513"}],"curies":[{"name":"wp","href":"https:\/\/api.w.org\/{rel}","templated":true}]}}