{"id":6456,"date":"2021-04-13T10:30:11","date_gmt":"2021-04-13T15:30:11","guid":{"rendered":"https:\/\/kmedia.co\/nuevo\/?page_id=6456"},"modified":"2021-04-13T10:30:11","modified_gmt":"2021-04-13T15:30:11","slug":"preguntas-frecuentes","status":"publish","type":"page","link":"https:\/\/kmedia.co\/pt\/preguntas-frecuentes\/","title":{"rendered":"Perguntas frequentes"},"content":{"rendered":"<div data-elementor-type=\"wp-page\" data-elementor-id=\"6456\" class=\"elementor elementor-6456\" data-elementor-post-type=\"page\">\n\t\t\t\t\t\t<section class=\"elementor-section elementor-top-section elementor-element elementor-element-3995566 elementor-section-boxed elementor-section-height-default elementor-section-height-default\" data-id=\"3995566\" data-element_type=\"section\">\n\t\t\t\t\t\t<div class=\"elementor-container elementor-column-gap-default\">\n\t\t\t\t\t<div class=\"elementor-column elementor-col-100 elementor-top-column elementor-element elementor-element-925c0bf ot-flex-column-vertical\" data-id=\"925c0bf\" data-element_type=\"column\">\n\t\t\t<div class=\"elementor-widget-wrap elementor-element-populated\">\n\t\t\t\t\t\t<section class=\"elementor-section elementor-inner-section elementor-element elementor-element-6e09ad8 elementor-section-full_width elementor-section-height-default elementor-section-height-default\" data-id=\"6e09ad8\" data-element_type=\"section\">\n\t\t\t\t\t\t<div class=\"elementor-container elementor-column-gap-extended\">\n\t\t\t\t\t<div class=\"elementor-column elementor-col-100 elementor-inner-column elementor-element elementor-element-53c4f93 ot-flex-column-vertical\" data-id=\"53c4f93\" data-element_type=\"column\">\n\t\t\t<div class=\"elementor-widget-wrap elementor-element-populated\">\n\t\t\t\t\t\t<div class=\"elementor-element elementor-element-0cef27f elementor-widget elementor-widget-iheading\" data-id=\"0cef27f\" data-element_type=\"widget\" data-widget_type=\"iheading.default\">\n\t\t\t\t<div class=\"elementor-widget-container\">\n\t\t\t\t\t\t\t<div class=\"ot-heading left-align\">\r\n\t\t\t\r\n\t\t\t\t\r\n\r\n\t        \t            <h6 class=\"sub-heading\"><span>N\u00d3S SOMOS KMEDIA<\/span><\/h6>\r\n\t         \r\n\r\n\t        \t        \t<h2 class=\"main-heading\">Perguntas frequentes<\/h2>\r\n\t        \t    <\/div>\r\n\t    \t\t\t\t<\/div>\n\t\t\t\t<\/div>\n\t\t\t\t<div class=\"elementor-element elementor-element-a2de0a7 elementor-widget elementor-widget-text-editor\" data-id=\"a2de0a7\" data-element_type=\"widget\" data-widget_type=\"text-editor.default\">\n\t\t\t\t<div class=\"elementor-widget-container\">\n\t\t\t\t\t\t\t\t\t<p class=\"font22\">Em <strong>KMEDIA<\/strong>N\u00e3o apenas atendemos \u00e0s expectativas dos nossos clientes; tamb\u00e9m fazemos com que super\u00e1-las seja um desafio.<\/p>\t\t\t\t\t\t\t\t<\/div>\n\t\t\t\t<\/div>\n\t\t\t\t\t<\/div>\n\t\t<\/div>\n\t\t\t\t\t<\/div>\n\t\t<\/section>\n\t\t\t\t<section class=\"elementor-section elementor-inner-section elementor-element elementor-element-942c684 elementor-section-full_width elementor-section-height-default elementor-section-height-default\" data-id=\"942c684\" data-element_type=\"section\">\n\t\t\t\t\t\t<div class=\"elementor-container elementor-column-gap-extended\">\n\t\t\t\t\t<div class=\"elementor-column elementor-col-50 elementor-inner-column elementor-element elementor-element-c30a03d ot-flex-column-vertical\" data-id=\"c30a03d\" data-element_type=\"column\">\n\t\t\t<div class=\"elementor-widget-wrap elementor-element-populated\">\n\t\t\t\t\t\t<div class=\"elementor-element elementor-element-1d2088c elementor-widget elementor-widget-iaccordions\" data-id=\"1d2088c\" data-element_type=\"widget\" data-widget_type=\"iaccordions.default\">\n\t\t\t\t<div class=\"elementor-widget-container\">\n\t\t\t\t\t\r\n\t\t<div class=\"ot-accordions\">\r\n\t\t\t\t\t\t<div class=\"acc-item\">\r\n\t\t\t\t<span class=\"acc-toggle\" data-default=\"yes\">Quando uma ag\u00eancia de marketing digital \u00e9 necess\u00e1ria? <i class=\"down flaticon-arrow-pointing-to-down\"><\/i><i class=\"up flaticon-arrow-pointing-to-up\"><\/i><\/span>\r\n\t\t\t\t<div class=\"acc-content\">\r\n\t\t\t\t\t<p><span style=\"font-weight: 400;\">Quando temos um produto ou servi\u00e7o e queremos divulg\u00e1-lo, quando precisamos melhorar nossas vendas, quando estamos prestes a lan\u00e7ar um neg\u00f3cio ou servi\u00e7o e percebemos que os canais convencionais ficaram um pouco para tr\u00e1s.<\/span><\/p><p><span style=\"font-weight: 400;\">As vantagens de ser acompanhado por uma ag\u00eancia de marketing digital s\u00e3o muito claras, desde a possibilidade de <\/span><b>interagir com redes sociais<\/b><span style=\"font-weight: 400;\"> e seu poder ilimitado de captura, <\/span><b>um melhor retorno sobre o investimento<\/b><span style=\"font-weight: 400;\"> sendo muito mais r\u00e1pido do que o marketing tradicional ou <\/span><b>a possibilidade de realizar medi\u00e7\u00f5es e monitoramento em tempo real, etc.<\/b><\/p>\t\t\t\t<\/div>\r\n\t\t\t<\/div>\r\n\t\t\t\t\t\t<div class=\"acc-item\">\r\n\t\t\t\t<span class=\"acc-toggle\" data-default=\"\">Por que escolher a KMEDIA como sua ag\u00eancia? <i class=\"down flaticon-arrow-pointing-to-down\"><\/i><i class=\"up flaticon-arrow-pointing-to-up\"><\/i><\/span>\r\n\t\t\t\t<div class=\"acc-content\">\r\n\t\t\t\t\t<p><span style=\"font-weight: 400;\">Para n\u00f3s <strong>experi\u00eancia<\/strong>,<\/span> <span style=\"font-weight: 400;\">Trabalhamos num ambiente multidisciplinar, onde n\u00e3o s\u00f3 temos pessoas <strong>especializada em marketing<\/strong> como tal, mas tamb\u00e9m \u00e1reas como a comunica\u00e7\u00e3o, a linguagem e uma \u00e1rea de <strong>criativos gr\u00e1ficos<\/strong>.<\/span><\/p>\t\t\t\t<\/div>\r\n\t\t\t<\/div>\r\n\t\t\t\t    <\/div>\r\n\r\n\t    \t\t\t\t<\/div>\n\t\t\t\t<\/div>\n\t\t\t\t\t<\/div>\n\t\t<\/div>\n\t\t\t\t<div class=\"elementor-column elementor-col-50 elementor-inner-column elementor-element elementor-element-20a88c6 ot-flex-column-vertical\" data-id=\"20a88c6\" data-element_type=\"column\">\n\t\t\t<div class=\"elementor-widget-wrap elementor-element-populated\">\n\t\t\t\t\t\t<div class=\"elementor-element elementor-element-d3d6670 elementor-widget elementor-widget-iaccordions\" data-id=\"d3d6670\" data-element_type=\"widget\" data-widget_type=\"iaccordions.default\">\n\t\t\t\t<div class=\"elementor-widget-container\">\n\t\t\t\t\t\r\n\t\t<div class=\"ot-accordions\">\r\n\t\t\t\t\t\t<div class=\"acc-item\">\r\n\t\t\t\t<span class=\"acc-toggle\" data-default=\"yes\">\u00c9 necess\u00e1rio um grande investimento? <i class=\"down flaticon-arrow-pointing-to-down\"><\/i><i class=\"up flaticon-arrow-pointing-to-up\"><\/i><\/span>\r\n\t\t\t\t<div class=\"acc-content\">\r\n\t\t\t\t\t<p><span style=\"font-weight: 400;\">Na verdade n\u00e3o, podemos nos adaptar ao tipo e tamanho da sua empresa. O segredo \u00e9 ter uma <strong>diagn\u00f3stico claro<\/strong> das suas necessidades e estabelecer com voc\u00ea, algumas <strong>metas<\/strong> de acordo com suas expectativas para lhe oferecer o <strong>resultados<\/strong> esperado.<\/span><\/p>\t\t\t\t<\/div>\r\n\t\t\t<\/div>\r\n\t\t\t\t\t\t<div class=\"acc-item\">\r\n\t\t\t\t<span class=\"acc-toggle\" data-default=\"\">Quanto tempo demora para come\u00e7ar um plano desenvolvido para minha empresa? <i class=\"down flaticon-arrow-pointing-to-down\"><\/i><i class=\"up flaticon-arrow-pointing-to-up\"><\/i><\/span>\r\n\t\t\t\t<div class=\"acc-content\">\r\n\t\t\t\t\t<p><span style=\"font-weight: 400;\">Agora mesmo!! No momento em que voc\u00ea tomar a decis\u00e3o, embarcaremos em uma jornada de descoberta m\u00fatua, na qual projetamos prazos de execu\u00e7\u00e3o realistas e pr\u00e1ticos. Para isso, \u00e9 importante que voc\u00ea tamb\u00e9m tenha clareza sobre os seguintes aspectos:<\/span><\/p><ul><li style=\"font-weight: 400;\" aria-level=\"1\"><span style=\"font-weight: 400;\">Quais s\u00e3o meus <strong>metas<\/strong>?<\/span><\/li><li style=\"font-weight: 400;\" aria-level=\"1\"><span style=\"font-weight: 400;\">O que eu quero alcan\u00e7ar?<\/span><\/li><li style=\"font-weight: 400;\" aria-level=\"1\"><span style=\"font-weight: 400;\">Eu prefiro um <strong>ag\u00eancia<\/strong> do meu setor que conhece o mercado ou uma ag\u00eancia global?<\/span><\/li><li style=\"font-weight: 400;\" aria-level=\"1\"><span style=\"font-weight: 400;\">Em que fase do <strong>funil de convers\u00e3o<\/strong> onde est\u00e1 meu p\u00fablico?<\/span><\/li><li style=\"font-weight: 400;\" aria-level=\"1\"><span style=\"font-weight: 400;\">Quanto or\u00e7amento posso alocar?<\/span><\/li><li style=\"font-weight: 400;\" aria-level=\"1\"><span style=\"font-weight: 400;\">Estou interessado em que mais pessoas me conhe\u00e7am ou <strong>vender mais<\/strong>?<\/span><\/li><\/ul>\t\t\t\t<\/div>\r\n\t\t\t<\/div>\r\n\t\t\t\t    <\/div>\r\n\r\n\t    \t\t\t\t<\/div>\n\t\t\t\t<\/div>\n\t\t\t\t\t<\/div>\n\t\t<\/div>\n\t\t\t\t\t<\/div>\n\t\t<\/section>\n\t\t\t\t\t<\/div>\n\t\t<\/div>\n\t\t\t\t\t<\/div>\n\t\t<\/section>\n\t\t\t\t<section class=\"elementor-section elementor-top-section elementor-element elementor-element-1d48280 elementor-section-boxed elementor-section-height-default elementor-section-height-default\" data-id=\"1d48280\" data-element_type=\"section\">\n\t\t\t\t\t\t<div class=\"elementor-container elementor-column-gap-default\">\n\t\t\t\t\t<div class=\"elementor-column elementor-col-100 elementor-top-column elementor-element elementor-element-04be7d3 ot-flex-column-vertical\" data-id=\"04be7d3\" data-element_type=\"column\">\n\t\t\t<div class=\"elementor-widget-wrap elementor-element-populated\">\n\t\t\t\t\t\t<section class=\"elementor-section elementor-inner-section elementor-element elementor-element-5ae61db elementor-section-full_width bg-gradient elementor-section-height-default elementor-section-height-default\" data-id=\"5ae61db\" data-element_type=\"section\" data-settings=\"{&quot;background_background&quot;:&quot;gradient&quot;}\">\n\t\t\t\t\t\t\t<div class=\"elementor-background-overlay\"><\/div>\n\t\t\t\t\t\t\t<div class=\"elementor-container elementor-column-gap-extended\">\n\t\t\t\t\t<div class=\"elementor-column elementor-col-100 elementor-inner-column elementor-element elementor-element-df65b80 ot-flex-column-vertical\" data-id=\"df65b80\" data-element_type=\"column\">\n\t\t\t<div class=\"elementor-widget-wrap elementor-element-populated\">\n\t\t\t\t\t\t<div class=\"elementor-element elementor-element-87cb2a0 elementor-widget elementor-widget-iheading\" data-id=\"87cb2a0\" data-element_type=\"widget\" data-widget_type=\"iheading.default\">\n\t\t\t\t<div class=\"elementor-widget-container\">\n\t\t\t\t\t\t\t<div class=\"ot-heading center-align text-light\">\r\n\t\t\t\r\n\t\t\t\t\r\n\r\n\t        \t            <h6 class=\"sub-heading\"><span>Envie sua pergunta<\/span><\/h6>\r\n\t         \r\n\r\n\t        \t        \t<h2 class=\"main-heading\">N\u00e3o encontrou a resposta? Pergunte-nos!\n<\/h2>\r\n\t        \t    <\/div>\r\n\t    \t\t\t\t<\/div>\n\t\t\t\t<\/div>\n\t\t\t\t<div class=\"elementor-element elementor-element-b16e39d elementor-widget elementor-widget-onum-contact-form-7\" data-id=\"b16e39d\" data-element_type=\"widget\" data-widget_type=\"onum-contact-form-7.default\">\n\t\t\t\t<div class=\"elementor-widget-container\">\n\t\t\t\t\t<div class=\"elementor-shortcode onum-cf7-0\">\n<div class=\"wpcf7 no-js\" id=\"wpcf7-f6464-o1\" lang=\"en-US\" dir=\"ltr\" data-wpcf7-id=\"6464\">\n<div class=\"screen-reader-response\"><p role=\"status\" aria-live=\"polite\" aria-atomic=\"true\"><\/p> <ul><\/ul><\/div>\n<form action=\"\/pt\/wp-json\/wp\/v2\/pages\/6456#wpcf7-f6464-o1\" method=\"post\" class=\"wpcf7-form init\" aria-label=\"Formul\u00e1rio de contato\" novalidate=\"novalidate\" data-status=\"init\" data-trp-original-action=\"\/pt\/wp-json\/wp\/v2\/pages\/6456#wpcf7-f6464-o1\">\n<fieldset class=\"hidden-fields-container\"><input type=\"hidden\" name=\"_wpcf7\" value=\"6464\" \/><input type=\"hidden\" name=\"_wpcf7_version\" value=\"6.1.4\" \/><input type=\"hidden\" name=\"_wpcf7_locale\" value=\"en_US\" \/><input type=\"hidden\" name=\"_wpcf7_unit_tag\" value=\"wpcf7-f6464-o1\" \/><input type=\"hidden\" name=\"_wpcf7_container_post\" value=\"0\" \/><input type=\"hidden\" name=\"_wpcf7_posted_data_hash\" value=\"\" \/><input type=\"hidden\" name=\"_wpcf7dtx_version\" value=\"5.0.3\" \/><input type=\"hidden\" name=\"_wpcf7_recaptcha_response\" value=\"\" \/>\n<\/fieldset>\n<div class=\"faq-form text-center row\">\n   <p class=\"col-md-6\">\n      <span class=\"wpcf7-form-control-wrap\" data-name=\"your-name\"><input size=\"40\" maxlength=\"400\" class=\"wpcf7-form-control wpcf7-text wpcf7-validates-as-required\" aria-required=\"true\" aria-invalid=\"false\" placeholder=\"Nome *\" value=\"\" type=\"text\" name=\"your-name\" \/><\/span>\n   <\/p>\n   <p class=\"col-md-6\">\n      <span class=\"wpcf7-form-control-wrap\" data-name=\"your-email\"><input size=\"40\" maxlength=\"400\" class=\"wpcf7-form-control wpcf7-email wpcf7-validates-as-required wpcf7-text wpcf7-validates-as-email\" aria-required=\"true\" aria-invalid=\"false\" placeholder=\"E-mail *\" value=\"\" type=\"email\" name=\"your-email\" \/><\/span>\n   <\/p>\n   <p class=\"col-md-12\">\n      <span class=\"wpcf7-form-control-wrap\" data-name=\"your-url\"><input size=\"40\" maxlength=\"400\" class=\"wpcf7-form-control wpcf7-url wpcf7-text wpcf7-validates-as-url\" aria-invalid=\"false\" placeholder=\"Site\" value=\"\" type=\"url\" name=\"your-url\" \/><\/span>\n   <\/p>\n   <p class=\"col-md-12\">\n      <span class=\"wpcf7-form-control-wrap\" data-name=\"your-message\"><textarea cols=\"40\" rows=\"10\" maxlength=\"2000\" class=\"wpcf7-form-control wpcf7-textarea wpcf7-validates-as-required\" aria-required=\"true\" aria-invalid=\"false\" placeholder=\"Perguntar...\" name=\"your-message\"><\/textarea><\/span>\n   <\/p>\n<p><span class=\"wpcf7-form-control-wrap recaptcha\" data-name=\"recaptcha\"><span data-sitekey=\"6LeAN6spAAAAAJkWFTaI6qrQ57VsR-_Nujiu5ndP\" class=\"wpcf7-form-control wpcf7-recaptcha g-recaptcha\"><\/span>\r\n<noscript>\r\n\t<div class=\"grecaptcha-noscript\">\r\n\t\t<iframe src=\"https:\/\/www.google.com\/recaptcha\/api\/fallback?k=6LeAN6spAAAAAJkWFTaI6qrQ57VsR-_Nujiu5ndP\" frameborder=\"0\" scrolling=\"no\" width=\"310\" height=\"430\">\r\n\t\t<\/iframe>\r\n\t\t<textarea name=\"g-recaptcha-response\" rows=\"3\" cols=\"40\" placeholder=\"Resposta do reCaptcha aqui\">\r\n\t\t<\/textarea>\r\n\t<\/div>\r\n<\/noscript>\r\n<\/span><\/p>\n   <p class=\"col-md-12\">\n      <button type=\"submit\" class=\"wpcf7-submit octf-btn octf-btn-icon octf-btn-primary\">Enviar pergunta<i class=\"flaticon-right-arrow-1\"><\/i><\/button>\n   <\/p>\n<\/div><p style=\"display: none !important;\" class=\"akismet-fields-container\" data-prefix=\"_wpcf7_ak_\"><label>&#916;<textarea name=\"_wpcf7_ak_hp_textarea\" cols=\"45\" rows=\"8\" maxlength=\"100\"><\/textarea><\/label><input type=\"hidden\" id=\"ak_js_1\" name=\"_wpcf7_ak_js\" value=\"52\"\/><script>document.getElementById( \"ak_js_1\" ).setAttribute( \"value\", ( new Date() ).getTime() );<\/script><\/p><div class=\"wpcf7-response-output\" aria-hidden=\"true\"><\/div>\n<input type=\"hidden\" name=\"trp-form-language\" value=\"pt\"\/><\/form>\n<\/div>\n<\/div>\t\t\t\t<\/div>\n\t\t\t\t<\/div>\n\t\t\t\t\t<\/div>\n\t\t<\/div>\n\t\t\t\t\t<\/div>\n\t\t<\/section>\n\t\t\t\t\t<\/div>\n\t\t<\/div>\n\t\t\t\t\t<\/div>\n\t\t<\/section>\n\t\t\t\t<\/div>","protected":false},"excerpt":{"rendered":"<p>SOMOS KMEDIA Preguntas Frecuentes En KMEDIA, no nos limitamos a cumplir con la expectativa que tienen nuestros clientes, hacemos de superarla un reto. \u00bfCu\u00e1ndo se requiere una Agencia de Marketing Digital? Cuando tenemos un producto o servicio y queremos hacerlo conocer, cuando necesitamos que nuestras ventas mejoren, cuando vamos a lanzar un negocio o servicio [&hellip;]<\/p>","protected":false},"author":1,"featured_media":4546,"parent":0,"menu_order":0,"comment_status":"closed","ping_status":"closed","template":"","meta":{"_eb_attr":"","footnotes":""},"class_list":["post-6456","page","type-page","status-publish","has-post-thumbnail","hentry"],"yoast_head":"<!-- This site is optimized with the Yoast SEO plugin v26.5 - https:\/\/yoast.com\/wordpress\/plugins\/seo\/ -->\n<title>Preguntas Frecuentes - kmedia<\/title>\n<meta name=\"description\" content=\"\u00bfCu\u00e1ndo se requiere una Agencia de Marketing Digital?, \u00bfEs necesaria una gran inversi\u00f3n?, \u00bfPorqu\u00e9 elegirnos? Cu\u00e9ntanos cu\u00e1l es tu inquietud.\" \/>\n<meta name=\"robots\" content=\"index, follow, max-snippet:-1, max-image-preview:large, max-video-preview:-1\" \/>\n<link rel=\"canonical\" href=\"https:\/\/kmedia.co\/pt\/preguntas-frecuentes\/\" \/>\n<meta property=\"og:locale\" content=\"pt_BR\" \/>\n<meta property=\"og:type\" content=\"article\" \/>\n<meta property=\"og:title\" content=\"Preguntas Frecuentes - kmedia\" \/>\n<meta property=\"og:description\" content=\"\u00bfCu\u00e1ndo se requiere una Agencia de Marketing Digital?, \u00bfEs necesaria una gran inversi\u00f3n?, \u00bfPorqu\u00e9 elegirnos? Cu\u00e9ntanos cu\u00e1l es tu inquietud.\" \/>\n<meta property=\"og:url\" content=\"https:\/\/kmedia.co\/pt\/preguntas-frecuentes\/\" \/>\n<meta property=\"og:site_name\" content=\"kmedia\" \/>\n<meta property=\"og:image\" content=\"https:\/\/kmedia.co\/wp-content\/uploads\/2021\/02\/logo-kmedia-nuevo2021_Mesa-de-trabajo-copia-2.jpg\" \/>\n\t<meta property=\"og:image:width\" content=\"1809\" \/>\n\t<meta property=\"og:image:height\" content=\"1805\" \/>\n\t<meta property=\"og:image:type\" content=\"image\/jpeg\" \/>\n<meta name=\"twitter:card\" content=\"summary_large_image\" \/>\n<meta name=\"twitter:label1\" content=\"Est. tempo de leitura\" \/>\n\t<meta name=\"twitter:data1\" content=\"2 minutos\" \/>\n<script type=\"application\/ld+json\" class=\"yoast-schema-graph\">{\"@context\":\"https:\/\/schema.org\",\"@graph\":[{\"@type\":\"WebPage\",\"@id\":\"https:\/\/kmedia.co\/preguntas-frecuentes\/\",\"url\":\"https:\/\/kmedia.co\/preguntas-frecuentes\/\",\"name\":\"Preguntas Frecuentes - kmedia\",\"isPartOf\":{\"@id\":\"https:\/\/kmedia.co\/#website\"},\"primaryImageOfPage\":{\"@id\":\"https:\/\/kmedia.co\/preguntas-frecuentes\/#primaryimage\"},\"image\":{\"@id\":\"https:\/\/kmedia.co\/preguntas-frecuentes\/#primaryimage\"},\"thumbnailUrl\":\"https:\/\/kmedia.co\/wp-content\/uploads\/2021\/02\/logo-kmedia-nuevo2021_Mesa-de-trabajo-copia-2.jpg\",\"datePublished\":\"2021-04-13T15:30:11+00:00\",\"description\":\"\u00bfCu\u00e1ndo se requiere una Agencia de Marketing Digital?, \u00bfEs necesaria una gran inversi\u00f3n?, \u00bfPorqu\u00e9 elegirnos? Cu\u00e9ntanos cu\u00e1l es tu inquietud.\",\"breadcrumb\":{\"@id\":\"https:\/\/kmedia.co\/preguntas-frecuentes\/#breadcrumb\"},\"inLanguage\":\"pt-BR\",\"potentialAction\":[{\"@type\":\"ReadAction\",\"target\":[\"https:\/\/kmedia.co\/preguntas-frecuentes\/\"]}]},{\"@type\":\"ImageObject\",\"inLanguage\":\"pt-BR\",\"@id\":\"https:\/\/kmedia.co\/preguntas-frecuentes\/#primaryimage\",\"url\":\"https:\/\/kmedia.co\/wp-content\/uploads\/2021\/02\/logo-kmedia-nuevo2021_Mesa-de-trabajo-copia-2.jpg\",\"contentUrl\":\"https:\/\/kmedia.co\/wp-content\/uploads\/2021\/02\/logo-kmedia-nuevo2021_Mesa-de-trabajo-copia-2.jpg\",\"width\":1809,\"height\":1805,\"caption\":\"Kmedia\"},{\"@type\":\"BreadcrumbList\",\"@id\":\"https:\/\/kmedia.co\/preguntas-frecuentes\/#breadcrumb\",\"itemListElement\":[{\"@type\":\"ListItem\",\"position\":1,\"name\":\"Home\",\"item\":\"https:\/\/kmedia.co\/\"},{\"@type\":\"ListItem\",\"position\":2,\"name\":\"Preguntas Frecuentes\"}]},{\"@type\":\"WebSite\",\"@id\":\"https:\/\/kmedia.co\/#website\",\"url\":\"https:\/\/kmedia.co\/\",\"name\":\"kmedia\",\"description\":\"Planee y desarrolle su  estrategia digital con KMEDIA. PBX :702 2000\",\"potentialAction\":[{\"@type\":\"SearchAction\",\"target\":{\"@type\":\"EntryPoint\",\"urlTemplate\":\"https:\/\/kmedia.co\/?s={search_term_string}\"},\"query-input\":{\"@type\":\"PropertyValueSpecification\",\"valueRequired\":true,\"valueName\":\"search_term_string\"}}],\"inLanguage\":\"pt-BR\"}]}<\/script>\n<!-- \/ Yoast SEO plugin. -->","yoast_head_json":{"title":"Preguntas Frecuentes - kmedia","description":"\u00bfCu\u00e1ndo se requiere una Agencia de Marketing Digital?, \u00bfEs necesaria una gran inversi\u00f3n?, \u00bfPorqu\u00e9 elegirnos? Cu\u00e9ntanos cu\u00e1l es tu inquietud.","robots":{"index":"index","follow":"follow","max-snippet":"max-snippet:-1","max-image-preview":"max-image-preview:large","max-video-preview":"max-video-preview:-1"},"canonical":"https:\/\/kmedia.co\/pt\/preguntas-frecuentes\/","og_locale":"pt_BR","og_type":"article","og_title":"Preguntas Frecuentes - kmedia","og_description":"\u00bfCu\u00e1ndo se requiere una Agencia de Marketing Digital?, \u00bfEs necesaria una gran inversi\u00f3n?, \u00bfPorqu\u00e9 elegirnos? Cu\u00e9ntanos cu\u00e1l es tu inquietud.","og_url":"https:\/\/kmedia.co\/pt\/preguntas-frecuentes\/","og_site_name":"kmedia","og_image":[{"width":1809,"height":1805,"url":"https:\/\/kmedia.co\/wp-content\/uploads\/2021\/02\/logo-kmedia-nuevo2021_Mesa-de-trabajo-copia-2.jpg","type":"image\/jpeg"}],"twitter_card":"summary_large_image","twitter_misc":{"Est. tempo de leitura":"2 minutos"},"schema":{"@context":"https:\/\/schema.org","@graph":[{"@type":"WebPage","@id":"https:\/\/kmedia.co\/preguntas-frecuentes\/","url":"https:\/\/kmedia.co\/preguntas-frecuentes\/","name":"Preguntas Frecuentes - kmedia","isPartOf":{"@id":"https:\/\/kmedia.co\/#website"},"primaryImageOfPage":{"@id":"https:\/\/kmedia.co\/preguntas-frecuentes\/#primaryimage"},"image":{"@id":"https:\/\/kmedia.co\/preguntas-frecuentes\/#primaryimage"},"thumbnailUrl":"https:\/\/kmedia.co\/wp-content\/uploads\/2021\/02\/logo-kmedia-nuevo2021_Mesa-de-trabajo-copia-2.jpg","datePublished":"2021-04-13T15:30:11+00:00","description":"\u00bfCu\u00e1ndo se requiere una Agencia de Marketing Digital?, \u00bfEs necesaria una gran inversi\u00f3n?, \u00bfPorqu\u00e9 elegirnos? Cu\u00e9ntanos cu\u00e1l es tu inquietud.","breadcrumb":{"@id":"https:\/\/kmedia.co\/preguntas-frecuentes\/#breadcrumb"},"inLanguage":"pt-BR","potentialAction":[{"@type":"ReadAction","target":["https:\/\/kmedia.co\/preguntas-frecuentes\/"]}]},{"@type":"ImageObject","inLanguage":"pt-BR","@id":"https:\/\/kmedia.co\/preguntas-frecuentes\/#primaryimage","url":"https:\/\/kmedia.co\/wp-content\/uploads\/2021\/02\/logo-kmedia-nuevo2021_Mesa-de-trabajo-copia-2.jpg","contentUrl":"https:\/\/kmedia.co\/wp-content\/uploads\/2021\/02\/logo-kmedia-nuevo2021_Mesa-de-trabajo-copia-2.jpg","width":1809,"height":1805,"caption":"Kmedia"},{"@type":"BreadcrumbList","@id":"https:\/\/kmedia.co\/preguntas-frecuentes\/#breadcrumb","itemListElement":[{"@type":"ListItem","position":1,"name":"Home","item":"https:\/\/kmedia.co\/"},{"@type":"ListItem","position":2,"name":"Preguntas Frecuentes"}]},{"@type":"WebSite","@id":"https:\/\/kmedia.co\/#website","url":"https:\/\/kmedia.co\/","name":"kmedia","description":"Planeje e desenvolva sua estrat\u00e9gia digital com a KMEDIA. PABX: 702 2000","potentialAction":[{"@type":"SearchAction","target":{"@type":"EntryPoint","urlTemplate":"https:\/\/kmedia.co\/?s={search_term_string}"},"query-input":{"@type":"PropertyValueSpecification","valueRequired":true,"valueName":"search_term_string"}}],"inLanguage":"pt-BR"}]}},"_links":{"self":[{"href":"https:\/\/kmedia.co\/pt\/wp-json\/wp\/v2\/pages\/6456","targetHints":{"allow":["GET"]}}],"collection":[{"href":"https:\/\/kmedia.co\/pt\/wp-json\/wp\/v2\/pages"}],"about":[{"href":"https:\/\/kmedia.co\/pt\/wp-json\/wp\/v2\/types\/page"}],"author":[{"embeddable":true,"href":"https:\/\/kmedia.co\/pt\/wp-json\/wp\/v2\/users\/1"}],"replies":[{"embeddable":true,"href":"https:\/\/kmedia.co\/pt\/wp-json\/wp\/v2\/comments?post=6456"}],"version-history":[{"count":0,"href":"https:\/\/kmedia.co\/pt\/wp-json\/wp\/v2\/pages\/6456\/revisions"}],"wp:featuredmedia":[{"embeddable":true,"href":"https:\/\/kmedia.co\/pt\/wp-json\/wp\/v2\/media\/4546"}],"wp:attachment":[{"href":"https:\/\/kmedia.co\/pt\/wp-json\/wp\/v2\/media?parent=6456"}],"curies":[{"name":"wp","href":"https:\/\/api.w.org\/{rel}","templated":true}]}}