{"id":6657,"date":"2021-04-15T08:32:17","date_gmt":"2021-04-15T13:32:17","guid":{"rendered":"https:\/\/kmedia.co\/nuevo\/?page_id=6657"},"modified":"2024-06-12T15:36:39","modified_gmt":"2024-06-12T20:36:39","slug":"atencion","status":"publish","type":"page","link":"https:\/\/kmedia.co\/pt\/atencion\/","title":{"rendered":"Aten\u00e7\u00e3o"},"content":{"rendered":"<div data-elementor-type=\"wp-page\" data-elementor-id=\"6657\" class=\"elementor elementor-6657\" data-elementor-post-type=\"page\">\n\t\t\t\t\t\t<section class=\"elementor-section elementor-top-section elementor-element elementor-element-2c90f42 elementor-section-boxed elementor-section-height-default elementor-section-height-default\" data-id=\"2c90f42\" data-element_type=\"section\">\n\t\t\t\t\t\t<div class=\"elementor-container elementor-column-gap-default\">\n\t\t\t\t\t<div class=\"elementor-column elementor-col-100 elementor-top-column elementor-element elementor-element-43e0945 ot-flex-column-vertical\" data-id=\"43e0945\" data-element_type=\"column\">\n\t\t\t<div class=\"elementor-widget-wrap elementor-element-populated\">\n\t\t\t\t\t\t<div class=\"elementor-element elementor-element-68d5100 elementor-widget elementor-widget-iheading\" data-id=\"68d5100\" data-element_type=\"widget\" data-widget_type=\"iheading.default\">\n\t\t\t\t<div class=\"elementor-widget-container\">\n\t\t\t\t\t\t\t<div class=\"ot-heading center-align\">\r\n\t\t\t\r\n\t\t\t\t\r\n\r\n\t        \t            <h6 class=\"sub-heading\"><span>QUEREMOS CONHE\u00c7\u00ca-LO<\/span><\/h6>\r\n\t         \r\n\r\n\t        \t        \t<h2 class=\"main-heading\">Integramos todos os canais digitais <\/br>em uma \u00fanica plataforma ao seu servi\u00e7o\n<\/h2>\r\n\t        \t    <\/div>\r\n\t    \t\t\t\t<\/div>\n\t\t\t\t<\/div>\n\t\t\t\t<div class=\"elementor-element elementor-element-3c750a2 elementor-widget elementor-widget-text-editor\" data-id=\"3c750a2\" data-element_type=\"widget\" data-widget_type=\"text-editor.default\">\n\t\t\t\t<div class=\"elementor-widget-container\">\n\t\t\t\t\t\t\t\t\tPreencha o formul\u00e1rio abaixo para saber um pouco sobre suas expectativas ou necessidades. Dessa forma, podemos nos concentrar em fornecer solu\u00e7\u00f5es personalizadas desde o in\u00edcio. Selecione abaixo os servi\u00e7os ou solu\u00e7\u00f5es de seu interesse e entraremos em contato o mais breve poss\u00edvel.\t\t\t\t\t\t\t\t<\/div>\n\t\t\t\t<\/div>\n\t\t\t\t\t<\/div>\n\t\t<\/div>\n\t\t\t\t\t<\/div>\n\t\t<\/section>\n\t\t\t\t<section class=\"elementor-section elementor-top-section elementor-element elementor-element-f94c6cc elementor-section-boxed elementor-section-height-default elementor-section-height-default\" data-id=\"f94c6cc\" data-element_type=\"section\">\n\t\t\t\t\t\t<div class=\"elementor-container elementor-column-gap-default\">\n\t\t\t\t\t<div class=\"elementor-column elementor-col-100 elementor-top-column elementor-element elementor-element-6d3d514 ot-flex-column-vertical\" data-id=\"6d3d514\" data-element_type=\"column\">\n\t\t\t<div class=\"elementor-widget-wrap elementor-element-populated\">\n\t\t\t\t\t\t<div class=\"elementor-element elementor-element-aa60d07 elementor-widget elementor-widget-onum-contact-form-7\" data-id=\"aa60d07\" data-element_type=\"widget\" data-widget_type=\"onum-contact-form-7.default\">\n\t\t\t\t<div class=\"elementor-widget-container\">\n\t\t\t\t\t<div class=\"elementor-shortcode onum-cf7-0\">\n<div class=\"wpcf7 no-js\" id=\"wpcf7-f6631-o1\" lang=\"en-US\" dir=\"ltr\" data-wpcf7-id=\"6631\">\n<div class=\"screen-reader-response\"><p role=\"status\" aria-live=\"polite\" aria-atomic=\"true\"><\/p> <ul><\/ul><\/div>\n<form action=\"\/pt\/wp-json\/wp\/v2\/pages\/6657#wpcf7-f6631-o1\" method=\"post\" class=\"wpcf7-form init\" aria-label=\"Formul\u00e1rio de contato\" novalidate=\"novalidate\" data-status=\"init\" data-trp-original-action=\"\/pt\/wp-json\/wp\/v2\/pages\/6657#wpcf7-f6631-o1\">\n<fieldset class=\"hidden-fields-container\"><input type=\"hidden\" name=\"_wpcf7\" value=\"6631\" \/><input type=\"hidden\" name=\"_wpcf7_version\" value=\"6.1.4\" \/><input type=\"hidden\" name=\"_wpcf7_locale\" value=\"en_US\" \/><input type=\"hidden\" name=\"_wpcf7_unit_tag\" value=\"wpcf7-f6631-o1\" \/><input type=\"hidden\" name=\"_wpcf7_container_post\" value=\"0\" \/><input type=\"hidden\" name=\"_wpcf7_posted_data_hash\" value=\"\" \/><input type=\"hidden\" name=\"_wpcf7dtx_version\" value=\"5.0.3\" \/><input type=\"hidden\" name=\"_wpcf7_recaptcha_response\" value=\"\" \/>\n<\/fieldset>\n<div class=\"faq-form row\">\n      <p class=\"col-md-6\">\n      <span class=\"wpcf7-form-control-wrap\" data-name=\"Nombre\"><input size=\"40\" maxlength=\"400\" class=\"wpcf7-form-control wpcf7-text wpcf7-validates-as-required\" aria-required=\"true\" aria-invalid=\"false\" placeholder=\"Nome *\" value=\"\" type=\"text\" name=\"Nombre\" \/><\/span>\n   <\/p>\n      <p name=\"email\" class=\"col-md-6\">\n      <span class=\"wpcf7-form-control-wrap\" data-name=\"email\"><input size=\"40\" maxlength=\"400\" class=\"wpcf7-form-control wpcf7-email wpcf7-validates-as-required wpcf7-text wpcf7-validates-as-email\" aria-required=\"true\" aria-invalid=\"false\" placeholder=\"E-mail *\" value=\"\" type=\"email\" name=\"email\" \/><\/span>\n   <\/p>\n<p class=\"col-md-6\">\n      <span class=\"wpcf7-form-control-wrap\" data-name=\"Telefono\"><input size=\"40\" maxlength=\"400\" class=\"wpcf7-form-control wpcf7-tel wpcf7-validates-as-required wpcf7-text wpcf7-validates-as-tel\" aria-required=\"true\" aria-invalid=\"false\" placeholder=\"Telefone *\" value=\"\" type=\"tel\" name=\"Telefono\" \/><\/span>\n   <\/p>\n<p class=\"col-md-6\">\n      <span class=\"wpcf7-form-control-wrap\" data-name=\"Empresa\"><input size=\"40\" maxlength=\"400\" class=\"wpcf7-form-control wpcf7-text wpcf7-validates-as-required\" aria-required=\"true\" aria-invalid=\"false\" placeholder=\"Site da empresa *\" value=\"\" type=\"text\" name=\"Empresa\" \/><\/span>\n   <\/p>\n   <p class=\"col-md-12\">\n     <b> <label>Servi\u00e7os e Solu\u00e7\u00f5es*<\/label><\/b>\n      <span class=\"wpcf7-form-control-wrap\" data-name=\"Servicios\"><span class=\"wpcf7-form-control wpcf7-checkbox wpcf7-validates-as-required\"><span class=\"wpcf7-list-item first\"><label><input type=\"checkbox\" name=\"Servicios[]\" value=\"Automatizaci\u00f3n de Marketing\" \/><span class=\"wpcf7-list-item-label\">Automa\u00e7\u00e3o de Marketing<\/span><\/label><\/span><span class=\"wpcf7-list-item\"><label><input type=\"checkbox\" name=\"Servicios[]\" value=\"Consultor\u00eda de Canales Digitales\" \/><span class=\"wpcf7-list-item-label\">Consultoria de Canal Digital<\/span><\/label><\/span><span class=\"wpcf7-list-item\"><label><input type=\"checkbox\" name=\"Servicios[]\" value=\"Estrategia Digital\" \/><span class=\"wpcf7-list-item-label\">Estrat\u00e9gia Digital<\/span><\/label><\/span><span class=\"wpcf7-list-item\"><label><input type=\"checkbox\" name=\"Servicios[]\" value=\"Social Media y Producci\u00f3n de Contenido\" \/><span class=\"wpcf7-list-item-label\">M\u00eddias Sociais e Produ\u00e7\u00e3o de Conte\u00fado<\/span><\/label><\/span><span class=\"wpcf7-list-item\"><label><input type=\"checkbox\" name=\"Servicios[]\" value=\"Desarrollo Web SEO y Hosting\" \/><span class=\"wpcf7-list-item-label\">Desenvolvimento Web, SEO e Hospedagem<\/span><\/label><\/span><span class=\"wpcf7-list-item\"><label><input type=\"checkbox\" name=\"Servicios[]\" value=\"Creatividad y Dise\u00f1o\" \/><span class=\"wpcf7-list-item-label\">Criatividade e Design<\/span><\/label><\/span><span class=\"wpcf7-list-item\"><label><input type=\"checkbox\" name=\"Servicios[]\" value=\"Campa\u00f1as de Pauta en Medios Digitales\" \/><span class=\"wpcf7-list-item-label\">Campanhas publicit\u00e1rias em m\u00eddia digital<\/span><\/label><\/span><span class=\"wpcf7-list-item\"><label><input type=\"checkbox\" name=\"Servicios[]\" value=\"Outsourcing Interactivo\" \/><span class=\"wpcf7-list-item-label\">Terceiriza\u00e7\u00e3o Interativa<\/span><\/label><\/span><span class=\"wpcf7-list-item\"><label><input type=\"checkbox\" name=\"Servicios[]\" value=\"Community Management\" \/><span class=\"wpcf7-list-item-label\">Gest\u00e3o Comunit\u00e1ria<\/span><\/label><\/span><span class=\"wpcf7-list-item\"><label><input type=\"checkbox\" name=\"Servicios[]\" value=\"E-mail Marketing\" \/><span class=\"wpcf7-list-item-label\">Marketing por e-mail<\/span><\/label><\/span><span class=\"wpcf7-list-item\"><label><input type=\"checkbox\" name=\"Servicios[]\" value=\"Dise\u00f1o de Tiendas Virtuales E-Commerce\" \/><span class=\"wpcf7-list-item-label\">Design de Loja Virtual de E-Commerce<\/span><\/label><\/span><span class=\"wpcf7-list-item\"><label><input type=\"checkbox\" name=\"Servicios[]\" value=\"Whatsapp Marketing\" \/><span class=\"wpcf7-list-item-label\">Marketing no WhatsApp<\/span><\/label><\/span><span class=\"wpcf7-list-item last\"><label><input type=\"checkbox\" name=\"Servicios[]\" value=\"Soluciones WordPress\" \/><span class=\"wpcf7-list-item-label\">Solu\u00e7\u00f5es WordPress<\/span><\/label><\/span><\/span><\/span>\n\n  <p class=\"col-md-12\">\n      <span class=\"wpcf7-form-control-wrap\" data-name=\"Mensaje\"><textarea cols=\"40\" rows=\"10\" maxlength=\"2000\" class=\"wpcf7-form-control wpcf7-textarea\" aria-invalid=\"false\" placeholder=\"Mensagem\" name=\"Mensaje\"><\/textarea><\/span>\n   <\/p>\n\n  <p class=\"col-md-12\">\n <span class=\"wpcf7-form-control-wrap\" data-name=\"acceptance-298\"><span class=\"wpcf7-form-control wpcf7-acceptance\"><span class=\"wpcf7-list-item\"><label><input type=\"checkbox\" name=\"acceptance-298\" value=\"1\" checked=\"checked\" aria-invalid=\"false\" \/><span class=\"wpcf7-list-item-label\">Dou o meu consentimento para o <a href=\"https:\/\/kmedia.co\/pt\/politica-privacidad\/\">termos e Condi\u00e7\u00f5es<\/a><\/span><\/label><\/span><\/span><\/span>\n  <\/p>\n <div class=\"col-md-12\" style=\"    height: 10px;    width: 10px;\"><span class=\"wpcf7-form-control-wrap recaptcha\" data-name=\"recaptcha\"><span data-sitekey=\"6LeAN6spAAAAAJkWFTaI6qrQ57VsR-_Nujiu5ndP\" data-align=\"center\" class=\"wpcf7-form-control wpcf7-recaptcha g-recaptcha\" id=\"atencion\"><\/span>\r\n<noscript>\r\n\t<div class=\"grecaptcha-noscript\">\r\n\t\t<iframe src=\"https:\/\/www.google.com\/recaptcha\/api\/fallback?k=6LeAN6spAAAAAJkWFTaI6qrQ57VsR-_Nujiu5ndP\" frameborder=\"0\" scrolling=\"no\" width=\"310\" height=\"430\">\r\n\t\t<\/iframe>\r\n\t\t<textarea name=\"g-recaptcha-response\" rows=\"3\" cols=\"40\" placeholder=\"Resposta do reCaptcha aqui\">\r\n\t\t<\/textarea>\r\n\t<\/div>\r\n<\/noscript>\r\n<\/span><\/div>\n   <p class=\"text-center\">\n      <button type=\"submit\" class=\"octf-btn octf-btn-icon octf-btn-primary\" style=\"    margin-top: 90px;\">Enviar<i class=\"flaticon-right-arrow-1\"><\/i><\/button>\n   <\/p>\n<\/div><p style=\"display: none !important;\" class=\"akismet-fields-container\" data-prefix=\"_wpcf7_ak_\"><label>&#916;<textarea name=\"_wpcf7_ak_hp_textarea\" cols=\"45\" rows=\"8\" maxlength=\"100\"><\/textarea><\/label><input type=\"hidden\" id=\"ak_js_1\" name=\"_wpcf7_ak_js\" value=\"99\"\/><script>document.getElementById( \"ak_js_1\" ).setAttribute( \"value\", ( new Date() ).getTime() );<\/script><\/p><div class=\"wpcf7-response-output\" aria-hidden=\"true\"><\/div>\n<input type=\"hidden\" name=\"trp-form-language\" value=\"pt\"\/><\/form>\n<\/div>\n<\/div>\t\t\t\t<\/div>\n\t\t\t\t<\/div>\n\t\t\t\t\t<\/div>\n\t\t<\/div>\n\t\t\t\t\t<\/div>\n\t\t<\/section>\n\t\t<div class=\"elementor-element elementor-element-cfa8022 e-flex e-con-boxed e-con e-parent\" data-id=\"cfa8022\" data-element_type=\"container\">\n\t\t\t\t\t<div class=\"e-con-inner\">\n\t\t\t\t\t<\/div>\n\t\t\t\t<\/div>\n\t\t\t\t<\/div>","protected":false},"excerpt":{"rendered":"<p>QUEREMOS CONHECER VOC\u00ca. Integramos todos os canais digitais em uma \u00fanica plataforma \u00e0 sua disposi\u00e7\u00e3o. Preencha o formul\u00e1rio abaixo para nos ajudar a entender suas expectativas ou necessidades. Dessa forma, podemos concentrar nossa aten\u00e7\u00e3o em oferecer a voc\u00ea o que procura desde o in\u00edcio, de forma personalizada. Selecione os servi\u00e7os ou solu\u00e7\u00f5es que lhe interessam abaixo [\u2026]<\/p>","protected":false},"author":1,"featured_media":7657,"parent":0,"menu_order":0,"comment_status":"closed","ping_status":"closed","template":"","meta":{"_eb_attr":"","footnotes":""},"class_list":["post-6657","page","type-page","status-publish","has-post-thumbnail","hentry"],"yoast_head":"<!-- This site is optimized with the Yoast SEO plugin v26.5 - https:\/\/yoast.com\/wordpress\/plugins\/seo\/ -->\n<title>Atenci\u00f3n - kmedia<\/title>\n<meta name=\"description\" content=\"Queremos conocerlo. Seleccione los servicios o soluciones que le interesan y reciba desde el 1er momento atenci\u00f3n personalizada.\" \/>\n<meta name=\"robots\" content=\"index, follow, max-snippet:-1, max-image-preview:large, max-video-preview:-1\" \/>\n<link rel=\"canonical\" href=\"https:\/\/kmedia.co\/pt\/atencion\/\" \/>\n<meta property=\"og:locale\" content=\"pt_BR\" \/>\n<meta property=\"og:type\" content=\"article\" \/>\n<meta property=\"og:title\" content=\"Atenci\u00f3n - kmedia\" \/>\n<meta property=\"og:description\" content=\"Queremos conocerlo. Seleccione los servicios o soluciones que le interesan y reciba desde el 1er momento atenci\u00f3n personalizada.\" \/>\n<meta property=\"og:url\" content=\"https:\/\/kmedia.co\/pt\/atencion\/\" \/>\n<meta property=\"og:site_name\" content=\"kmedia\" \/>\n<meta property=\"article:modified_time\" content=\"2024-06-12T20:36:39+00:00\" \/>\n<meta property=\"og:image\" content=\"https:\/\/kmedia.co\/wp-content\/uploads\/2021\/04\/convertir-1.png\" \/>\n\t<meta property=\"og:image:width\" content=\"149\" \/>\n\t<meta property=\"og:image:height\" content=\"150\" \/>\n\t<meta property=\"og:image:type\" content=\"image\/png\" \/>\n<meta name=\"twitter:card\" content=\"summary_large_image\" \/>\n<meta name=\"twitter:label1\" content=\"Est. tempo de leitura\" \/>\n\t<meta name=\"twitter:data1\" content=\"1 minuto\" \/>\n<script type=\"application\/ld+json\" class=\"yoast-schema-graph\">{\"@context\":\"https:\/\/schema.org\",\"@graph\":[{\"@type\":\"WebPage\",\"@id\":\"https:\/\/kmedia.co\/atencion\/\",\"url\":\"https:\/\/kmedia.co\/atencion\/\",\"name\":\"Atenci\u00f3n - kmedia\",\"isPartOf\":{\"@id\":\"https:\/\/kmedia.co\/#website\"},\"primaryImageOfPage\":{\"@id\":\"https:\/\/kmedia.co\/atencion\/#primaryimage\"},\"image\":{\"@id\":\"https:\/\/kmedia.co\/atencion\/#primaryimage\"},\"thumbnailUrl\":\"https:\/\/kmedia.co\/wp-content\/uploads\/2021\/04\/convertir-1.png\",\"datePublished\":\"2021-04-15T13:32:17+00:00\",\"dateModified\":\"2024-06-12T20:36:39+00:00\",\"description\":\"Queremos conocerlo. Seleccione los servicios o soluciones que le interesan y reciba desde el 1er momento atenci\u00f3n personalizada.\",\"breadcrumb\":{\"@id\":\"https:\/\/kmedia.co\/atencion\/#breadcrumb\"},\"inLanguage\":\"pt-BR\",\"potentialAction\":[{\"@type\":\"ReadAction\",\"target\":[\"https:\/\/kmedia.co\/atencion\/\"]}]},{\"@type\":\"ImageObject\",\"inLanguage\":\"pt-BR\",\"@id\":\"https:\/\/kmedia.co\/atencion\/#primaryimage\",\"url\":\"https:\/\/kmedia.co\/wp-content\/uploads\/2021\/04\/convertir-1.png\",\"contentUrl\":\"https:\/\/kmedia.co\/wp-content\/uploads\/2021\/04\/convertir-1.png\",\"width\":149,\"height\":150,\"caption\":\"Convertir\"},{\"@type\":\"BreadcrumbList\",\"@id\":\"https:\/\/kmedia.co\/atencion\/#breadcrumb\",\"itemListElement\":[{\"@type\":\"ListItem\",\"position\":1,\"name\":\"Home\",\"item\":\"https:\/\/kmedia.co\/\"},{\"@type\":\"ListItem\",\"position\":2,\"name\":\"Atenci\u00f3n\"}]},{\"@type\":\"WebSite\",\"@id\":\"https:\/\/kmedia.co\/#website\",\"url\":\"https:\/\/kmedia.co\/\",\"name\":\"kmedia\",\"description\":\"Planee y desarrolle su  estrategia digital con KMEDIA. PBX :702 2000\",\"potentialAction\":[{\"@type\":\"SearchAction\",\"target\":{\"@type\":\"EntryPoint\",\"urlTemplate\":\"https:\/\/kmedia.co\/?s={search_term_string}\"},\"query-input\":{\"@type\":\"PropertyValueSpecification\",\"valueRequired\":true,\"valueName\":\"search_term_string\"}}],\"inLanguage\":\"pt-BR\"}]}<\/script>\n<!-- \/ Yoast SEO plugin. -->","yoast_head_json":{"title":"Aten\u00e7\u00e3o - kmedia","description":"Queremos conhecer voc\u00ea. Selecione os servi\u00e7os ou solu\u00e7\u00f5es que lhe interessam e receba atendimento personalizado desde o primeiro contato.","robots":{"index":"index","follow":"follow","max-snippet":"max-snippet:-1","max-image-preview":"max-image-preview:large","max-video-preview":"max-video-preview:-1"},"canonical":"https:\/\/kmedia.co\/pt\/atencion\/","og_locale":"pt_BR","og_type":"article","og_title":"Atenci\u00f3n - kmedia","og_description":"Queremos conocerlo. Seleccione los servicios o soluciones que le interesan y reciba desde el 1er momento atenci\u00f3n personalizada.","og_url":"https:\/\/kmedia.co\/pt\/atencion\/","og_site_name":"kmedia","article_modified_time":"2024-06-12T20:36:39+00:00","og_image":[{"width":149,"height":150,"url":"https:\/\/kmedia.co\/wp-content\/uploads\/2021\/04\/convertir-1.png","type":"image\/png"}],"twitter_card":"summary_large_image","twitter_misc":{"Est. tempo de leitura":"1 minuto"},"schema":{"@context":"https:\/\/schema.org","@graph":[{"@type":"WebPage","@id":"https:\/\/kmedia.co\/atencion\/","url":"https:\/\/kmedia.co\/atencion\/","name":"Aten\u00e7\u00e3o - kmedia","isPartOf":{"@id":"https:\/\/kmedia.co\/#website"},"primaryImageOfPage":{"@id":"https:\/\/kmedia.co\/atencion\/#primaryimage"},"image":{"@id":"https:\/\/kmedia.co\/atencion\/#primaryimage"},"thumbnailUrl":"https:\/\/kmedia.co\/wp-content\/uploads\/2021\/04\/convertir-1.png","datePublished":"2021-04-15T13:32:17+00:00","dateModified":"2024-06-12T20:36:39+00:00","description":"Queremos conhecer voc\u00ea. Selecione os servi\u00e7os ou solu\u00e7\u00f5es que lhe interessam e receba atendimento personalizado desde o primeiro contato.","breadcrumb":{"@id":"https:\/\/kmedia.co\/atencion\/#breadcrumb"},"inLanguage":"pt-BR","potentialAction":[{"@type":"ReadAction","target":["https:\/\/kmedia.co\/atencion\/"]}]},{"@type":"ImageObject","inLanguage":"pt-BR","@id":"https:\/\/kmedia.co\/atencion\/#primaryimage","url":"https:\/\/kmedia.co\/wp-content\/uploads\/2021\/04\/convertir-1.png","contentUrl":"https:\/\/kmedia.co\/wp-content\/uploads\/2021\/04\/convertir-1.png","width":149,"height":150,"caption":"Convertir"},{"@type":"BreadcrumbList","@id":"https:\/\/kmedia.co\/atencion\/#breadcrumb","itemListElement":[{"@type":"ListItem","position":1,"name":"Home","item":"https:\/\/kmedia.co\/"},{"@type":"ListItem","position":2,"name":"Atenci\u00f3n"}]},{"@type":"WebSite","@id":"https:\/\/kmedia.co\/#website","url":"https:\/\/kmedia.co\/","name":"kmedia","description":"Planeje e desenvolva sua estrat\u00e9gia digital com a KMEDIA. PABX: 702 2000","potentialAction":[{"@type":"SearchAction","target":{"@type":"EntryPoint","urlTemplate":"https:\/\/kmedia.co\/?s={search_term_string}"},"query-input":{"@type":"PropertyValueSpecification","valueRequired":true,"valueName":"search_term_string"}}],"inLanguage":"pt-BR"}]}},"_links":{"self":[{"href":"https:\/\/kmedia.co\/pt\/wp-json\/wp\/v2\/pages\/6657","targetHints":{"allow":["GET"]}}],"collection":[{"href":"https:\/\/kmedia.co\/pt\/wp-json\/wp\/v2\/pages"}],"about":[{"href":"https:\/\/kmedia.co\/pt\/wp-json\/wp\/v2\/types\/page"}],"author":[{"embeddable":true,"href":"https:\/\/kmedia.co\/pt\/wp-json\/wp\/v2\/users\/1"}],"replies":[{"embeddable":true,"href":"https:\/\/kmedia.co\/pt\/wp-json\/wp\/v2\/comments?post=6657"}],"version-history":[{"count":13,"href":"https:\/\/kmedia.co\/pt\/wp-json\/wp\/v2\/pages\/6657\/revisions"}],"predecessor-version":[{"id":15448,"href":"https:\/\/kmedia.co\/pt\/wp-json\/wp\/v2\/pages\/6657\/revisions\/15448"}],"wp:featuredmedia":[{"embeddable":true,"href":"https:\/\/kmedia.co\/pt\/wp-json\/wp\/v2\/media\/7657"}],"wp:attachment":[{"href":"https:\/\/kmedia.co\/pt\/wp-json\/wp\/v2\/media?parent=6657"}],"curies":[{"name":"wp","href":"https:\/\/api.w.org\/{rel}","templated":true}]}}