{"id":7251,"date":"2021-04-20T11:14:50","date_gmt":"2021-04-20T16:14:50","guid":{"rendered":"https:\/\/kmedia.co\/?page_id=7251"},"modified":"2021-04-20T11:14:50","modified_gmt":"2021-04-20T16:14:50","slug":"community-management","status":"publish","type":"page","link":"https:\/\/kmedia.co\/pt\/community-management\/","title":{"rendered":"Gest\u00e3o Comunit\u00e1ria"},"content":{"rendered":"<div data-elementor-type=\"wp-page\" data-elementor-id=\"7251\" class=\"elementor elementor-7251\" data-elementor-post-type=\"page\">\n\t\t\t\t\t\t<section class=\"elementor-section elementor-top-section elementor-element elementor-element-b503208 elementor-section-content-middle elementor-section-boxed elementor-section-height-default elementor-section-height-default\" data-id=\"b503208\" data-element_type=\"section\">\n\t\t\t\t\t\t<div class=\"elementor-container elementor-column-gap-extended\">\n\t\t\t\t\t<div class=\"elementor-column elementor-col-100 elementor-top-column elementor-element elementor-element-1178744d ot-flex-column-vertical\" data-id=\"1178744d\" data-element_type=\"column\">\n\t\t\t<div class=\"elementor-widget-wrap elementor-element-populated\">\n\t\t\t\t\t\t<section class=\"elementor-section elementor-inner-section elementor-element elementor-element-57471246 elementor-section-full_width elementor-section-height-default elementor-section-height-default\" data-id=\"57471246\" data-element_type=\"section\">\n\t\t\t\t\t\t<div class=\"elementor-container elementor-column-gap-extended\">\n\t\t\t\t\t<div class=\"elementor-column elementor-col-100 elementor-inner-column elementor-element elementor-element-75d60edb ot-flex-column-vertical\" data-id=\"75d60edb\" data-element_type=\"column\">\n\t\t\t<div class=\"elementor-widget-wrap elementor-element-populated\">\n\t\t\t\t\t\t<div class=\"elementor-element elementor-element-77898db0 elementor-widget elementor-widget-iheading\" data-id=\"77898db0\" data-element_type=\"widget\" data-widget_type=\"iheading.default\">\n\t\t\t\t<div class=\"elementor-widget-container\">\n\t\t\t\t\t\t\t<div class=\"ot-heading center-align\">\r\n\t\t\t\r\n\t\t\t\t\r\n\r\n\t        \t            <h6 class=\"sub-heading\"><span>Solu\u00e7\u00f5es<\/span><\/h6>\r\n\t         \r\n\r\n\t        \t        \t<h2 class=\"main-heading\">Gest\u00e3o Comunit\u00e1ria<\/h2>\r\n\t        \t    <\/div>\r\n\t    \t\t\t\t<\/div>\n\t\t\t\t<\/div>\n\t\t\t\t<div class=\"elementor-element elementor-element-59fd45ae elementor-widget elementor-widget-text-editor\" data-id=\"59fd45ae\" data-element_type=\"widget\" data-widget_type=\"text-editor.default\">\n\t\t\t\t<div class=\"elementor-widget-container\">\n\t\t\t\t\t\t\t\t\t<p class=\"font22\">Criamos estrat\u00e9gias e campanhas para disseminar informa\u00e7\u00f5es nas redes sociais que sejam realmente mais convenientes para voc\u00ea.\n<\/p>\nAs m\u00eddias sociais desempenham um papel importante na comunica\u00e7\u00e3o com os clientes no mundo atual. Criar estrat\u00e9gias de gerenciamento de comunidade ajuda as empresas a posicionar seus neg\u00f3cios e produtos, gerando maior alcance para promo\u00e7\u00e3o e aquisi\u00e7\u00e3o de servi\u00e7os.\n\t\t\t\t\t\t\t\t<\/div>\n\t\t\t\t<\/div>\n\t\t\t\t\t<\/div>\n\t\t<\/div>\n\t\t\t\t\t<\/div>\n\t\t<\/section>\n\t\t\t\t\t<\/div>\n\t\t<\/div>\n\t\t\t\t\t<\/div>\n\t\t<\/section>\n\t\t\t\t<section class=\"elementor-section elementor-top-section elementor-element elementor-element-0a8619c elementor-section-content-middle elementor-section-boxed elementor-section-height-default elementor-section-height-default\" data-id=\"0a8619c\" data-element_type=\"section\">\n\t\t\t\t\t\t<div class=\"elementor-container elementor-column-gap-extended\">\n\t\t\t\t\t<div class=\"elementor-column elementor-col-100 elementor-top-column elementor-element elementor-element-c6ae8fa ot-flex-column-vertical\" data-id=\"c6ae8fa\" data-element_type=\"column\">\n\t\t\t<div class=\"elementor-widget-wrap elementor-element-populated\">\n\t\t\t\t\t\t<section class=\"elementor-section elementor-inner-section elementor-element elementor-element-837de89 elementor-section-full_width elementor-section-height-default elementor-section-height-default\" data-id=\"837de89\" data-element_type=\"section\">\n\t\t\t\t\t\t<div class=\"elementor-container elementor-column-gap-extended\">\n\t\t\t\t\t<div class=\"elementor-column elementor-col-33 elementor-inner-column elementor-element elementor-element-0b2a5c9 ot-flex-column-vertical\" data-id=\"0b2a5c9\" data-element_type=\"column\">\n\t\t\t<div class=\"elementor-widget-wrap elementor-element-populated\">\n\t\t\t\t\t\t<div class=\"elementor-element elementor-element-30306ff elementor-widget elementor-widget-text-editor\" data-id=\"30306ff\" data-element_type=\"widget\" data-widget_type=\"text-editor.default\">\n\t\t\t\t<div class=\"elementor-widget-container\">\n\t\t\t\t\t\t\t\t\t<p>A gest\u00e3o das redes sociais e dos canais digitais de contacto com as comunidades das marcas que oferece <strong>Kmedia<\/strong> Vai al\u00e9m de pacotes de publica\u00e7\u00f5es ou n\u00fameros de posts publicados por semana ou m\u00eas.<\/p><p class=\"font22\">\u00c9 sobre <strong>Gerencie as intera\u00e7\u00f5es com os usu\u00e1rios e tenha uma resposta r\u00e1pida e oportuna a todas as men\u00e7\u00f5es<\/strong> para gerar engajamento, resolver preocupa\u00e7\u00f5es ou iniciar funis de convers\u00e3o.<\/p>\t\t\t\t\t\t\t\t<\/div>\n\t\t\t\t<\/div>\n\t\t\t\t<div class=\"elementor-element elementor-element-c523593 elementor-widget elementor-widget-ibutton\" data-id=\"c523593\" data-element_type=\"widget\" data-widget_type=\"ibutton.default\">\n\t\t\t\t<div class=\"elementor-widget-container\">\n\t\t\t\t\t\t\t<div class=\"ot-button\">\r\n\t\t\t<a href=\"https:\/\/kmedia.co\/pt\/atencion\/\" class=\"octf-btn octf-btn-secondary octf-btn-icon\"><span>Vamos come\u00e7ar<i class=\"flaticon-arrow-pointing-to-down\"><\/i><\/span> \r\n\t\t\t\t\t\t\t<\/a>\r\n\t    <\/div>\r\n\t    \t\t\t\t<\/div>\n\t\t\t\t<\/div>\n\t\t\t\t\t<\/div>\n\t\t<\/div>\n\t\t\t\t<div class=\"elementor-column elementor-col-33 elementor-inner-column elementor-element elementor-element-a609f9f ot-flex-column-vertical\" data-id=\"a609f9f\" data-element_type=\"column\">\n\t\t\t<div class=\"elementor-widget-wrap elementor-element-populated\">\n\t\t\t\t\t\t<div class=\"elementor-element elementor-element-3cc12be elementor-widget elementor-widget-iiconbox\" data-id=\"3cc12be\" data-element_type=\"widget\" data-widget_type=\"iiconbox.default\">\n\t\t\t\t<div class=\"elementor-widget-container\">\n\t\t\t\t\t\t\t<div class=\"icon-box s1\">\r\n\t\t\t<div class=\"bg-s3\"><\/div>\r\n\t\t\t<div class=\"bg-before\"><\/div>\r\n\t\t\t<div class=\"bg-after\"><\/div>\r\n\t\t\t<div class=\"icon-main\">\r\n\t\t        \t\t\t    \r\n\t\t\t    <img decoding=\"async\" src=\"https:\/\/kmedia.co\/wp-content\/uploads\/2021\/04\/camapanas-redes.svg\" title=\"Campanhas de rede\" alt=\"Campa\u00f1as redes\" loading=\"lazy\" \/>\t\t        \t        <\/div>\r\n\t        <div class=\"content-box\">\r\n\t            <h5 class=\"box-title\">Manuseio de <\/br> redes sociais<\/h5>\r\n\t            <p><\/p>\r\n\t        <\/div>\r\n\t        \t\r\n\t    <\/div>\r\n\t    \t\t\t\t<\/div>\n\t\t\t\t<\/div>\n\t\t\t\t<div class=\"elementor-element elementor-element-53f9699 elementor-widget elementor-widget-iiconbox\" data-id=\"53f9699\" data-element_type=\"widget\" data-widget_type=\"iiconbox.default\">\n\t\t\t\t<div class=\"elementor-widget-container\">\n\t\t\t\t\t\t\t<div class=\"icon-box s1\">\r\n\t\t\t<div class=\"bg-s3\"><\/div>\r\n\t\t\t<div class=\"bg-before\"><\/div>\r\n\t\t\t<div class=\"bg-after\"><\/div>\r\n\t\t\t<div class=\"icon-main\">\r\n\t\t        \t\t\t    \r\n\t\t\t    <img decoding=\"async\" src=\"https:\/\/kmedia.co\/wp-content\/uploads\/2021\/04\/monitorizacion-redes-sociales.svg\" title=\"Monitoramento de m\u00eddia social\" alt=\"Monitorizacio\u0301n redes sociales\" loading=\"lazy\" \/>\t\t        \t        <\/div>\r\n\t        <div class=\"content-box\">\r\n\t            <h5 class=\"box-title\">Monitoramento 24 horas por dia, 7 dias por semana de suas redes sociais<\/h5>\r\n\t            <p>Isso inclui todas as estat\u00edsticas relacionadas ao posicionamento, curtidas e intera\u00e7\u00f5es com o conte\u00fado estipulado.\n<\/p>\r\n\t        <\/div>\r\n\t        \t\r\n\t    <\/div>\r\n\t    \t\t\t\t<\/div>\n\t\t\t\t<\/div>\n\t\t\t\t\t<\/div>\n\t\t<\/div>\n\t\t\t\t<div class=\"elementor-column elementor-col-33 elementor-inner-column elementor-element elementor-element-b1d2fcf ot-flex-column-vertical\" data-id=\"b1d2fcf\" data-element_type=\"column\">\n\t\t\t<div class=\"elementor-widget-wrap elementor-element-populated\">\n\t\t\t\t\t\t<div class=\"elementor-element elementor-element-21bfda1 elementor-widget elementor-widget-iiconbox\" data-id=\"21bfda1\" data-element_type=\"widget\" data-widget_type=\"iiconbox.default\">\n\t\t\t\t<div class=\"elementor-widget-container\">\n\t\t\t\t\t\t\t<div class=\"icon-box s1\">\r\n\t\t\t<div class=\"bg-s3\"><\/div>\r\n\t\t\t<div class=\"bg-before\"><\/div>\r\n\t\t\t<div class=\"bg-after\"><\/div>\r\n\t\t\t<div class=\"icon-main\">\r\n\t\t        \t\t\t    \r\n\t\t\t    <img decoding=\"async\" src=\"https:\/\/kmedia.co\/wp-content\/uploads\/2021\/04\/respuesta-post.svg\" title=\"Postar resposta\" alt=\"Respuesta post\" loading=\"lazy\" \/>\t\t        \t        <\/div>\r\n\t        <div class=\"content-box\">\r\n\t            <h5 class=\"box-title\">Resposta a postagens geradas em redes sociais<\/h5>\r\n\t            <p><\/p>\r\n\t        <\/div>\r\n\t        \t\r\n\t    <\/div>\r\n\t    \t\t\t\t<\/div>\n\t\t\t\t<\/div>\n\t\t\t\t<div class=\"elementor-element elementor-element-5a30a19 elementor-widget elementor-widget-iiconbox\" data-id=\"5a30a19\" data-element_type=\"widget\" data-widget_type=\"iiconbox.default\">\n\t\t\t\t<div class=\"elementor-widget-container\">\n\t\t\t\t\t\t\t<div class=\"icon-box s1\">\r\n\t\t\t<div class=\"bg-s3\"><\/div>\r\n\t\t\t<div class=\"bg-before\"><\/div>\r\n\t\t\t<div class=\"bg-after\"><\/div>\r\n\t\t\t<div class=\"icon-main\">\r\n\t\t        \t\t\t    \r\n\t\t\t    <img decoding=\"async\" src=\"https:\/\/kmedia.co\/wp-content\/uploads\/2021\/04\/interaccion-cliente.svg\" title=\"Intera\u00e7\u00e3o com o cliente\" alt=\"Interacci\u00f3n cliente\" loading=\"lazy\" \/>\t\t        \t        <\/div>\r\n\t        <div class=\"content-box\">\r\n\t            <h5 class=\"box-title\">Intera\u00e7\u00e3o com o cliente que acessa informa\u00e7\u00f5es das redes sociais<\/h5>\r\n\t            <p><\/p>\r\n\t        <\/div>\r\n\t        \t\r\n\t    <\/div>\r\n\t    \t\t\t\t<\/div>\n\t\t\t\t<\/div>\n\t\t\t\t\t<\/div>\n\t\t<\/div>\n\t\t\t\t\t<\/div>\n\t\t<\/section>\n\t\t\t\t\t<\/div>\n\t\t<\/div>\n\t\t\t\t\t<\/div>\n\t\t<\/section>\n\t\t\t\t<\/div>","protected":false},"excerpt":{"rendered":"<p>Solu\u00e7\u00f5es de Gest\u00e3o de Comunidades Criamos estrat\u00e9gias e campanhas para disseminar informa\u00e7\u00f5es nas m\u00eddias sociais que sejam realmente mais convenientes para voc\u00ea. As m\u00eddias sociais, no mundo atual, desempenham um papel cada vez mais importante na comunica\u00e7\u00e3o com os clientes. Para as empresas, criar estrat\u00e9gias de gest\u00e3o de comunidades ajuda a posicionar seus neg\u00f3cios e [\u2026]<\/p>","protected":false},"author":1,"featured_media":6860,"parent":0,"menu_order":0,"comment_status":"closed","ping_status":"closed","template":"","meta":{"_eb_attr":"","footnotes":""},"class_list":["post-7251","page","type-page","status-publish","has-post-thumbnail","hentry"],"yoast_head":"<!-- This site is optimized with the Yoast SEO plugin v26.5 - https:\/\/yoast.com\/wordpress\/plugins\/seo\/ -->\n<title>Community Management - kmedia<\/title>\n<meta name=\"description\" content=\"Vamos m\u00e1s alla de hacer publicaciones: Creamos comunidad con una interacci\u00f2n oportuna con los usuarios de sus principales redes sociales.\" \/>\n<meta name=\"robots\" content=\"index, follow, max-snippet:-1, max-image-preview:large, max-video-preview:-1\" \/>\n<link rel=\"canonical\" href=\"https:\/\/kmedia.co\/pt\/community-management\/\" \/>\n<meta property=\"og:locale\" content=\"pt_BR\" \/>\n<meta property=\"og:type\" content=\"article\" \/>\n<meta property=\"og:title\" content=\"Community Management - kmedia\" \/>\n<meta property=\"og:description\" content=\"Vamos m\u00e1s alla de hacer publicaciones: Creamos comunidad con una interacci\u00f2n oportuna con los usuarios de sus principales redes sociales.\" \/>\n<meta property=\"og:url\" content=\"https:\/\/kmedia.co\/pt\/community-management\/\" \/>\n<meta property=\"og:site_name\" content=\"kmedia\" \/>\n<meta property=\"og:image\" content=\"https:\/\/kmedia.co\/wp-content\/uploads\/2021\/04\/servicio-social-media-marketing-1.png\" \/>\n\t<meta property=\"og:image:width\" content=\"615\" \/>\n\t<meta property=\"og:image:height\" content=\"559\" \/>\n\t<meta property=\"og:image:type\" content=\"image\/png\" \/>\n<meta name=\"twitter:card\" content=\"summary_large_image\" \/>\n<meta name=\"twitter:label1\" content=\"Est. tempo de leitura\" \/>\n\t<meta name=\"twitter:data1\" content=\"1 minuto\" \/>\n<script type=\"application\/ld+json\" class=\"yoast-schema-graph\">{\"@context\":\"https:\/\/schema.org\",\"@graph\":[{\"@type\":\"WebPage\",\"@id\":\"https:\/\/kmedia.co\/community-management\/\",\"url\":\"https:\/\/kmedia.co\/community-management\/\",\"name\":\"Community Management - kmedia\",\"isPartOf\":{\"@id\":\"https:\/\/kmedia.co\/#website\"},\"primaryImageOfPage\":{\"@id\":\"https:\/\/kmedia.co\/community-management\/#primaryimage\"},\"image\":{\"@id\":\"https:\/\/kmedia.co\/community-management\/#primaryimage\"},\"thumbnailUrl\":\"https:\/\/kmedia.co\/wp-content\/uploads\/2021\/04\/servicio-social-media-marketing-1.png\",\"datePublished\":\"2021-04-20T16:14:50+00:00\",\"description\":\"Vamos m\u00e1s alla de hacer publicaciones: Creamos comunidad con una interacci\u00f2n oportuna con los usuarios de sus principales redes sociales.\",\"breadcrumb\":{\"@id\":\"https:\/\/kmedia.co\/community-management\/#breadcrumb\"},\"inLanguage\":\"pt-BR\",\"potentialAction\":[{\"@type\":\"ReadAction\",\"target\":[\"https:\/\/kmedia.co\/community-management\/\"]}]},{\"@type\":\"ImageObject\",\"inLanguage\":\"pt-BR\",\"@id\":\"https:\/\/kmedia.co\/community-management\/#primaryimage\",\"url\":\"https:\/\/kmedia.co\/wp-content\/uploads\/2021\/04\/servicio-social-media-marketing-1.png\",\"contentUrl\":\"https:\/\/kmedia.co\/wp-content\/uploads\/2021\/04\/servicio-social-media-marketing-1.png\",\"width\":615,\"height\":559,\"caption\":\"Redes Sociales\"},{\"@type\":\"BreadcrumbList\",\"@id\":\"https:\/\/kmedia.co\/community-management\/#breadcrumb\",\"itemListElement\":[{\"@type\":\"ListItem\",\"position\":1,\"name\":\"Home\",\"item\":\"https:\/\/kmedia.co\/\"},{\"@type\":\"ListItem\",\"position\":2,\"name\":\"Community Management\"}]},{\"@type\":\"WebSite\",\"@id\":\"https:\/\/kmedia.co\/#website\",\"url\":\"https:\/\/kmedia.co\/\",\"name\":\"kmedia\",\"description\":\"Planee y desarrolle su  estrategia digital con KMEDIA. PBX :702 2000\",\"potentialAction\":[{\"@type\":\"SearchAction\",\"target\":{\"@type\":\"EntryPoint\",\"urlTemplate\":\"https:\/\/kmedia.co\/?s={search_term_string}\"},\"query-input\":{\"@type\":\"PropertyValueSpecification\",\"valueRequired\":true,\"valueName\":\"search_term_string\"}}],\"inLanguage\":\"pt-BR\"}]}<\/script>\n<!-- \/ Yoast SEO plugin. -->","yoast_head_json":{"title":"Gest\u00e3o de Comunidade - kmedia","description":"Vamos al\u00e9m da publica\u00e7\u00e3o: constru\u00edmos uma comunidade por meio de intera\u00e7\u00e3o oportuna com usu\u00e1rios em suas principais redes sociais.","robots":{"index":"index","follow":"follow","max-snippet":"max-snippet:-1","max-image-preview":"max-image-preview:large","max-video-preview":"max-video-preview:-1"},"canonical":"https:\/\/kmedia.co\/pt\/community-management\/","og_locale":"pt_BR","og_type":"article","og_title":"Community Management - kmedia","og_description":"Vamos m\u00e1s alla de hacer publicaciones: Creamos comunidad con una interacci\u00f2n oportuna con los usuarios de sus principales redes sociales.","og_url":"https:\/\/kmedia.co\/pt\/community-management\/","og_site_name":"kmedia","og_image":[{"width":615,"height":559,"url":"https:\/\/kmedia.co\/wp-content\/uploads\/2021\/04\/servicio-social-media-marketing-1.png","type":"image\/png"}],"twitter_card":"summary_large_image","twitter_misc":{"Est. tempo de leitura":"1 minuto"},"schema":{"@context":"https:\/\/schema.org","@graph":[{"@type":"WebPage","@id":"https:\/\/kmedia.co\/community-management\/","url":"https:\/\/kmedia.co\/community-management\/","name":"Gest\u00e3o de Comunidade - kmedia","isPartOf":{"@id":"https:\/\/kmedia.co\/#website"},"primaryImageOfPage":{"@id":"https:\/\/kmedia.co\/community-management\/#primaryimage"},"image":{"@id":"https:\/\/kmedia.co\/community-management\/#primaryimage"},"thumbnailUrl":"https:\/\/kmedia.co\/wp-content\/uploads\/2021\/04\/servicio-social-media-marketing-1.png","datePublished":"2021-04-20T16:14:50+00:00","description":"Vamos al\u00e9m da publica\u00e7\u00e3o: constru\u00edmos uma comunidade por meio de intera\u00e7\u00e3o oportuna com usu\u00e1rios em suas principais redes sociais.","breadcrumb":{"@id":"https:\/\/kmedia.co\/community-management\/#breadcrumb"},"inLanguage":"pt-BR","potentialAction":[{"@type":"ReadAction","target":["https:\/\/kmedia.co\/community-management\/"]}]},{"@type":"ImageObject","inLanguage":"pt-BR","@id":"https:\/\/kmedia.co\/community-management\/#primaryimage","url":"https:\/\/kmedia.co\/wp-content\/uploads\/2021\/04\/servicio-social-media-marketing-1.png","contentUrl":"https:\/\/kmedia.co\/wp-content\/uploads\/2021\/04\/servicio-social-media-marketing-1.png","width":615,"height":559,"caption":"Redes Sociales"},{"@type":"BreadcrumbList","@id":"https:\/\/kmedia.co\/community-management\/#breadcrumb","itemListElement":[{"@type":"ListItem","position":1,"name":"Home","item":"https:\/\/kmedia.co\/"},{"@type":"ListItem","position":2,"name":"Community Management"}]},{"@type":"WebSite","@id":"https:\/\/kmedia.co\/#website","url":"https:\/\/kmedia.co\/","name":"kmedia","description":"Planeje e desenvolva sua estrat\u00e9gia digital com a KMEDIA. PABX: 702 2000","potentialAction":[{"@type":"SearchAction","target":{"@type":"EntryPoint","urlTemplate":"https:\/\/kmedia.co\/?s={search_term_string}"},"query-input":{"@type":"PropertyValueSpecification","valueRequired":true,"valueName":"search_term_string"}}],"inLanguage":"pt-BR"}]}},"_links":{"self":[{"href":"https:\/\/kmedia.co\/pt\/wp-json\/wp\/v2\/pages\/7251","targetHints":{"allow":["GET"]}}],"collection":[{"href":"https:\/\/kmedia.co\/pt\/wp-json\/wp\/v2\/pages"}],"about":[{"href":"https:\/\/kmedia.co\/pt\/wp-json\/wp\/v2\/types\/page"}],"author":[{"embeddable":true,"href":"https:\/\/kmedia.co\/pt\/wp-json\/wp\/v2\/users\/1"}],"replies":[{"embeddable":true,"href":"https:\/\/kmedia.co\/pt\/wp-json\/wp\/v2\/comments?post=7251"}],"version-history":[{"count":0,"href":"https:\/\/kmedia.co\/pt\/wp-json\/wp\/v2\/pages\/7251\/revisions"}],"wp:featuredmedia":[{"embeddable":true,"href":"https:\/\/kmedia.co\/pt\/wp-json\/wp\/v2\/media\/6860"}],"wp:attachment":[{"href":"https:\/\/kmedia.co\/pt\/wp-json\/wp\/v2\/media?parent=7251"}],"curies":[{"name":"wp","href":"https:\/\/api.w.org\/{rel}","templated":true}]}}