{"id":7278,"date":"2021-04-20T12:33:18","date_gmt":"2021-04-20T17:33:18","guid":{"rendered":"https:\/\/kmedia.co\/?page_id=7278"},"modified":"2021-04-20T12:33:18","modified_gmt":"2021-04-20T17:33:18","slug":"e-mail-marketing","status":"publish","type":"page","link":"https:\/\/kmedia.co\/pt\/e-mail-marketing\/","title":{"rendered":"Marketing por e-mail"},"content":{"rendered":"<div data-elementor-type=\"wp-page\" data-elementor-id=\"7278\" class=\"elementor elementor-7278\" data-elementor-post-type=\"page\">\n\t\t\t\t\t\t<section class=\"elementor-section elementor-top-section elementor-element elementor-element-0a8619c elementor-section-content-middle elementor-section-boxed elementor-section-height-default elementor-section-height-default\" data-id=\"0a8619c\" data-element_type=\"section\">\n\t\t\t\t\t\t<div class=\"elementor-container elementor-column-gap-extended\">\n\t\t\t\t\t<div class=\"elementor-column elementor-col-100 elementor-top-column elementor-element elementor-element-c6ae8fa ot-flex-column-vertical\" data-id=\"c6ae8fa\" data-element_type=\"column\">\n\t\t\t<div class=\"elementor-widget-wrap elementor-element-populated\">\n\t\t\t\t\t\t<section class=\"elementor-section elementor-inner-section elementor-element elementor-element-837de89 elementor-section-full_width elementor-section-height-default elementor-section-height-default\" data-id=\"837de89\" data-element_type=\"section\">\n\t\t\t\t\t\t<div class=\"elementor-container elementor-column-gap-extended\">\n\t\t\t\t\t<div class=\"elementor-column elementor-col-33 elementor-inner-column elementor-element elementor-element-0b2a5c9 ot-flex-column-vertical\" data-id=\"0b2a5c9\" data-element_type=\"column\">\n\t\t\t<div class=\"elementor-widget-wrap elementor-element-populated\">\n\t\t\t\t\t\t<div class=\"elementor-element elementor-element-e062857 elementor-widget elementor-widget-iheading\" data-id=\"e062857\" data-element_type=\"widget\" data-widget_type=\"iheading.default\">\n\t\t\t\t<div class=\"elementor-widget-container\">\n\t\t\t\t\t\t\t<div class=\"ot-heading left-align\">\r\n\t\t\t\r\n\t\t\t\t\r\n\r\n\t        \t            <h6 class=\"sub-heading\"><span>SOLU\u00c7\u00d5ES<\/span><\/h6>\r\n\t         \r\n\r\n\t        \t        \t<h2 class=\"main-heading\">Marketing por e-mail<\/h2>\r\n\t        \t    <\/div>\r\n\t    \t\t\t\t<\/div>\n\t\t\t\t<\/div>\n\t\t\t\t<div class=\"elementor-element elementor-element-30306ff elementor-widget elementor-widget-text-editor\" data-id=\"30306ff\" data-element_type=\"widget\" data-widget_type=\"text-editor.default\">\n\t\t\t\t<div class=\"elementor-widget-container\">\n\t\t\t\t\t\t\t\t\t<p class=\"font22\">Melhores pr\u00e1ticas de marketing por e-mail para suas necessidades.<\/p>\n<p class=\"font22\">A Kmedia oferece uma plataforma de software com<strong> Melhores pr\u00e1ticas de marketing por e-mail para suas necessidades<\/strong>Apoiamos a cria\u00e7\u00e3o de campanhas de assinatura, com informa\u00e7\u00f5es detalhadas sobre o progresso e os resultados em tempo real e a baixos custos.<\/p>\t\t\t\t\t\t\t\t<\/div>\n\t\t\t\t<\/div>\n\t\t\t\t\t<\/div>\n\t\t<\/div>\n\t\t\t\t<div class=\"elementor-column elementor-col-33 elementor-inner-column elementor-element elementor-element-a609f9f ot-flex-column-vertical\" data-id=\"a609f9f\" data-element_type=\"column\">\n\t\t\t<div class=\"elementor-widget-wrap elementor-element-populated\">\n\t\t\t\t\t\t<div class=\"elementor-element elementor-element-6932905 elementor-widget elementor-widget-text-editor\" data-id=\"6932905\" data-element_type=\"widget\" data-widget_type=\"text-editor.default\">\n\t\t\t\t<div class=\"elementor-widget-container\">\n\t\t\t\t\t\t\t\t\t<p class=\"font22\"><strong>Inclu\u00eddo:<\/strong><\/p>\t\t\t\t\t\t\t\t<\/div>\n\t\t\t\t<\/div>\n\t\t\t\t<div class=\"elementor-element elementor-element-3cc12be elementor-widget elementor-widget-iiconbox\" data-id=\"3cc12be\" data-element_type=\"widget\" data-widget_type=\"iiconbox.default\">\n\t\t\t\t<div class=\"elementor-widget-container\">\n\t\t\t\t\t\t\t<div class=\"icon-box s1\">\r\n\t\t\t<div class=\"bg-s3\"><\/div>\r\n\t\t\t<div class=\"bg-before\"><\/div>\r\n\t\t\t<div class=\"bg-after\"><\/div>\r\n\t\t\t<div class=\"icon-main\">\r\n\t\t        \t\t\t    \r\n\t\t\t    <img decoding=\"async\" src=\"https:\/\/kmedia.co\/wp-content\/uploads\/2021\/04\/creatividad-en-campanas.svg\" title=\"Criatividade em campanhas\" alt=\"Creatividad en campa\u00f1as\" loading=\"lazy\" \/>\t\t        \t        <\/div>\r\n\t        <div class=\"content-box\">\r\n\t            <h5 class=\"box-title\">Criatividade em campanhas estrat\u00e9gicas de marketing por e-mail<\/h5>\r\n\t            <p><\/p>\r\n\t        <\/div>\r\n\t        \t\r\n\t    <\/div>\r\n\t    \t\t\t\t<\/div>\n\t\t\t\t<\/div>\n\t\t\t\t<div class=\"elementor-element elementor-element-53f9699 elementor-widget elementor-widget-iiconbox\" data-id=\"53f9699\" data-element_type=\"widget\" data-widget_type=\"iiconbox.default\">\n\t\t\t\t<div class=\"elementor-widget-container\">\n\t\t\t\t\t\t\t<div class=\"icon-box s1\">\r\n\t\t\t<div class=\"bg-s3\"><\/div>\r\n\t\t\t<div class=\"bg-before\"><\/div>\r\n\t\t\t<div class=\"bg-after\"><\/div>\r\n\t\t\t<div class=\"icon-main\">\r\n\t\t        \t\t\t    \r\n\t\t\t    <img decoding=\"async\" src=\"https:\/\/kmedia.co\/wp-content\/uploads\/2021\/04\/diseno-creacion-mensajes.svg\" title=\"Mensagens de cria\u00e7\u00e3o de design\" alt=\"Dise\u00f1o creaci\u00f3n mensajes\" loading=\"lazy\" \/>\t\t        \t        <\/div>\r\n\t        <div class=\"content-box\">\r\n\t            <h5 class=\"box-title\">Design e Cria\u00e7\u00e3o de mensagens<\/h5>\r\n\t            <p>\n<\/p>\r\n\t        <\/div>\r\n\t        \t\r\n\t    <\/div>\r\n\t    \t\t\t\t<\/div>\n\t\t\t\t<\/div>\n\t\t\t\t<div class=\"elementor-element elementor-element-a026f94 elementor-widget elementor-widget-iiconbox\" data-id=\"a026f94\" data-element_type=\"widget\" data-widget_type=\"iiconbox.default\">\n\t\t\t\t<div class=\"elementor-widget-container\">\n\t\t\t\t\t\t\t<div class=\"icon-box s1\">\r\n\t\t\t<div class=\"bg-s3\"><\/div>\r\n\t\t\t<div class=\"bg-before\"><\/div>\r\n\t\t\t<div class=\"bg-after\"><\/div>\r\n\t\t\t<div class=\"icon-main\">\r\n\t\t        \t\t\t    \r\n\t\t\t    <img decoding=\"async\" src=\"https:\/\/kmedia.co\/wp-content\/uploads\/2021\/04\/administracion-listas-correo.svg\" title=\"Gerenciamento de lista de discuss\u00e3o\" alt=\"Administraci\u00f3n listas de correo\" loading=\"lazy\" \/>\t\t        \t        <\/div>\r\n\t        <div class=\"content-box\">\r\n\t            <h5 class=\"box-title\">Gerenciamento de lista de discuss\u00e3o<\/h5>\r\n\t            <p>\n<\/p>\r\n\t        <\/div>\r\n\t        \t\r\n\t    <\/div>\r\n\t    \t\t\t\t<\/div>\n\t\t\t\t<\/div>\n\t\t\t\t\t<\/div>\n\t\t<\/div>\n\t\t\t\t<div class=\"elementor-column elementor-col-33 elementor-inner-column elementor-element elementor-element-b1d2fcf ot-flex-column-vertical\" data-id=\"b1d2fcf\" data-element_type=\"column\">\n\t\t\t<div class=\"elementor-widget-wrap elementor-element-populated\">\n\t\t\t\t\t\t<div class=\"elementor-element elementor-element-5106ac2 elementor-widget elementor-widget-spacer\" data-id=\"5106ac2\" data-element_type=\"widget\" data-widget_type=\"spacer.default\">\n\t\t\t\t<div class=\"elementor-widget-container\">\n\t\t\t\t\t\t\t<div class=\"elementor-spacer\">\n\t\t\t<div class=\"elementor-spacer-inner\"><\/div>\n\t\t<\/div>\n\t\t\t\t\t\t<\/div>\n\t\t\t\t<\/div>\n\t\t\t\t<div class=\"elementor-element elementor-element-21bfda1 elementor-widget elementor-widget-iiconbox\" data-id=\"21bfda1\" data-element_type=\"widget\" data-widget_type=\"iiconbox.default\">\n\t\t\t\t<div class=\"elementor-widget-container\">\n\t\t\t\t\t\t\t<div class=\"icon-box s1\">\r\n\t\t\t<div class=\"bg-s3\"><\/div>\r\n\t\t\t<div class=\"bg-before\"><\/div>\r\n\t\t\t<div class=\"bg-after\"><\/div>\r\n\t\t\t<div class=\"icon-main\">\r\n\t\t        \t\t\t    \r\n\t\t\t    <img decoding=\"async\" src=\"https:\/\/kmedia.co\/wp-content\/uploads\/2021\/04\/envio-monitoreo.svg\" title=\"Envio \u2013 monitoramento\" alt=\"Envi\u00f3 - monitoreo\" loading=\"lazy\" \/>\t\t        \t        <\/div>\r\n\t        <div class=\"content-box\">\r\n\t            <h5 class=\"box-title\">Envio e monitoramento<\/h5>\r\n\t            <p><\/p>\r\n\t        <\/div>\r\n\t        \t\r\n\t    <\/div>\r\n\t    \t\t\t\t<\/div>\n\t\t\t\t<\/div>\n\t\t\t\t<div class=\"elementor-element elementor-element-5a30a19 elementor-widget elementor-widget-iiconbox\" data-id=\"5a30a19\" data-element_type=\"widget\" data-widget_type=\"iiconbox.default\">\n\t\t\t\t<div class=\"elementor-widget-container\">\n\t\t\t\t\t\t\t<div class=\"icon-box s1\">\r\n\t\t\t<div class=\"bg-s3\"><\/div>\r\n\t\t\t<div class=\"bg-before\"><\/div>\r\n\t\t\t<div class=\"bg-after\"><\/div>\r\n\t\t\t<div class=\"icon-main\">\r\n\t\t        \t\t\t    \r\n\t\t\t    <img decoding=\"async\" src=\"https:\/\/kmedia.co\/wp-content\/uploads\/2021\/04\/analytics.svg\" title=\"An\u00e1lise\" alt=\"Analytics\" loading=\"lazy\" \/>\t\t        \t        <\/div>\r\n\t        <div class=\"content-box\">\r\n\t            <h5 class=\"box-title\">An\u00e1lises e relat\u00f3rios<\/h5>\r\n\t            <p><\/p>\r\n\t        <\/div>\r\n\t        \t\r\n\t    <\/div>\r\n\t    \t\t\t\t<\/div>\n\t\t\t\t<\/div>\n\t\t\t\t\t<\/div>\n\t\t<\/div>\n\t\t\t\t\t<\/div>\n\t\t<\/section>\n\t\t\t\t\t<\/div>\n\t\t<\/div>\n\t\t\t\t\t<\/div>\n\t\t<\/section>\n\t\t\t\t<section class=\"elementor-section elementor-top-section elementor-element elementor-element-3d5fa3f elementor-section-boxed elementor-section-height-default elementor-section-height-default\" data-id=\"3d5fa3f\" data-element_type=\"section\">\n\t\t\t\t\t\t<div class=\"elementor-container elementor-column-gap-default\">\n\t\t\t\t\t<div class=\"elementor-column elementor-col-100 elementor-top-column elementor-element elementor-element-d4952c2 ot-flex-column-vertical\" data-id=\"d4952c2\" data-element_type=\"column\">\n\t\t\t<div class=\"elementor-widget-wrap elementor-element-populated\">\n\t\t\t\t\t\t<section class=\"elementor-section elementor-inner-section elementor-element elementor-element-bf832ca elementor-section-full_width elementor-section-height-default elementor-section-height-default\" data-id=\"bf832ca\" data-element_type=\"section\">\n\t\t\t\t\t\t<div class=\"elementor-container elementor-column-gap-extended\">\n\t\t\t\t\t<div class=\"elementor-column elementor-col-100 elementor-inner-column elementor-element elementor-element-3c9584a ot-flex-column-vertical\" data-id=\"3c9584a\" data-element_type=\"column\">\n\t\t\t<div class=\"elementor-widget-wrap elementor-element-populated\">\n\t\t\t\t\t\t<div class=\"elementor-element elementor-element-e31adec elementor-widget elementor-widget-iheading\" data-id=\"e31adec\" data-element_type=\"widget\" data-widget_type=\"iheading.default\">\n\t\t\t\t<div class=\"elementor-widget-container\">\n\t\t\t\t\t\t\t<div class=\"ot-heading center-align\">\r\n\t\t\t\r\n\t\t\t\t\r\n\r\n\t        \t            <h6 class=\"sub-heading\"><span>MARKETING POR E-MAIL<\/span><\/h6>\r\n\t         \r\n\r\n\t        \t        \t<h2 class=\"main-heading\">Como fazemos isso?<\/h2>\r\n\t        \t    <\/div>\r\n\t    \t\t\t\t<\/div>\n\t\t\t\t<\/div>\n\t\t\t\t\t<\/div>\n\t\t<\/div>\n\t\t\t\t\t<\/div>\n\t\t<\/section>\n\t\t\t\t<section class=\"elementor-section elementor-inner-section elementor-element elementor-element-5670622 elementor-section-full_width elementor-section-height-default elementor-section-height-default\" data-id=\"5670622\" data-element_type=\"section\">\n\t\t\t\t\t\t<div class=\"elementor-container elementor-column-gap-extended\">\n\t\t\t\t\t<div class=\"elementor-column elementor-col-20 elementor-inner-column elementor-element elementor-element-0723fb0 ot-flex-column-vertical\" data-id=\"0723fb0\" data-element_type=\"column\">\n\t\t\t<div class=\"elementor-widget-wrap elementor-element-populated\">\n\t\t\t\t\t\t<div class=\"elementor-element elementor-element-d9b1e31 elementor-widget elementor-widget-iprocessbox\" data-id=\"d9b1e31\" data-element_type=\"widget\" data-widget_type=\"iprocessbox.default\">\n\t\t\t\t<div class=\"elementor-widget-container\">\n\t\t\t\t\t\r\n\t\t<div class=\"process-box\">\r\n\t\t\t<img decoding=\"async\" class=\"p-arrow\" src=\"https:\/\/kmedia.co\/nuevo\/wp-content\/uploads\/2021\/03\/flecha-1.png\" alt=\"arrow\">\t\t\t<div class=\"number-box\">\r\n\t\t        01\t        <\/div>\r\n\t        <div class=\"icon-main\">\r\n\t\t        \t\t\t    <img decoding=\"async\" src=\"https:\/\/kmedia.co\/wp-content\/uploads\/2021\/04\/e-mail-marketing-estrategia-2.png\" title=\"Estrat\u00e9gia de marketing por e-mail\" alt=\"E-mail marketing estrategia\" loading=\"lazy\" \/>\t\t        \t        <\/div>\r\n\t        <div class=\"content-box\">\r\n\t            <h5 class=\"process-box-title\">Cria\u00e7\u00e3o de Estrat\u00e9gia<\/h5>\r\n\t            <p><\/p>\r\n\t        <\/div>\r\n\t\t<\/div>\r\n\r\n\t    \t\t\t\t<\/div>\n\t\t\t\t<\/div>\n\t\t\t\t\t<\/div>\n\t\t<\/div>\n\t\t\t\t<div class=\"elementor-column elementor-col-20 elementor-inner-column elementor-element elementor-element-de613e0 ot-flex-column-vertical\" data-id=\"de613e0\" data-element_type=\"column\">\n\t\t\t<div class=\"elementor-widget-wrap elementor-element-populated\">\n\t\t\t\t\t\t<div class=\"elementor-element elementor-element-8196d10 elementor-widget elementor-widget-iprocessbox\" data-id=\"8196d10\" data-element_type=\"widget\" data-widget_type=\"iprocessbox.default\">\n\t\t\t\t<div class=\"elementor-widget-container\">\n\t\t\t\t\t\r\n\t\t<div class=\"process-box\">\r\n\t\t\t<img decoding=\"async\" class=\"p-arrow\" src=\"https:\/\/kmedia.co\/nuevo\/wp-content\/uploads\/2021\/04\/flecha-2.png\" alt=\"arrow\">\t\t\t<div class=\"number-box\">\r\n\t\t        02\t        <\/div>\r\n\t        <div class=\"icon-main\">\r\n\t\t        \t\t\t    <img decoding=\"async\" src=\"https:\/\/kmedia.co\/wp-content\/uploads\/2021\/04\/e-mail-marketing-creacion-piezas-1.png\" title=\"Cria\u00e7\u00e3o de pe\u00e7as de marketing por e-mail\" alt=\"E-mail marketing creaci\u00f3n de piezas\" loading=\"lazy\" \/>\t\t        \t        <\/div>\r\n\t        <div class=\"content-box\">\r\n\t            <h5 class=\"process-box-title\">Criando Pe\u00e7as<\/h5>\r\n\t            <p><\/p>\r\n\t        <\/div>\r\n\t\t<\/div>\r\n\r\n\t    \t\t\t\t<\/div>\n\t\t\t\t<\/div>\n\t\t\t\t\t<\/div>\n\t\t<\/div>\n\t\t\t\t<div class=\"elementor-column elementor-col-20 elementor-inner-column elementor-element elementor-element-a9d729e ot-flex-column-vertical\" data-id=\"a9d729e\" data-element_type=\"column\">\n\t\t\t<div class=\"elementor-widget-wrap elementor-element-populated\">\n\t\t\t\t\t\t<div class=\"elementor-element elementor-element-f69755b elementor-widget elementor-widget-iprocessbox\" data-id=\"f69755b\" data-element_type=\"widget\" data-widget_type=\"iprocessbox.default\">\n\t\t\t\t<div class=\"elementor-widget-container\">\n\t\t\t\t\t\r\n\t\t<div class=\"process-box\">\r\n\t\t\t<img decoding=\"async\" class=\"p-arrow\" src=\"https:\/\/kmedia.co\/nuevo\/wp-content\/uploads\/2021\/03\/flecha-1.png\" alt=\"arrow\">\t\t\t<div class=\"number-box\">\r\n\t\t        03\t        <\/div>\r\n\t        <div class=\"icon-main\">\r\n\t\t        \t\t\t    <img decoding=\"async\" src=\"https:\/\/kmedia.co\/wp-content\/uploads\/2021\/04\/e-mail-marketing-envio-1.png\" title=\"Marketing por e-mail enviado\" alt=\"email marketing\" loading=\"lazy\" \/>\t\t        \t        <\/div>\r\n\t        <div class=\"content-box\">\r\n\t            <h5 class=\"process-box-title\">Envio com Plataformas Assertivas<\/h5>\r\n\t            <p><\/p>\r\n\t        <\/div>\r\n\t\t<\/div>\r\n\r\n\t    \t\t\t\t<\/div>\n\t\t\t\t<\/div>\n\t\t\t\t<div class=\"elementor-element elementor-element-6ce0b33 elementor-widget elementor-widget-ibutton\" data-id=\"6ce0b33\" data-element_type=\"widget\" data-widget_type=\"ibutton.default\">\n\t\t\t\t<div class=\"elementor-widget-container\">\n\t\t\t\t\t\t\t<div class=\"ot-button\">\r\n\t\t\t<a href=\"https:\/\/kmedia.co\/pt\/atencion\/\" class=\"octf-btn octf-btn-secondary octf-btn-icon\"><span>Vamos come\u00e7ar<i class=\"flaticon-arrow-pointing-to-down\"><\/i><\/span> \r\n\t\t\t\t\t\t\t<\/a>\r\n\t    <\/div>\r\n\t    \t\t\t\t<\/div>\n\t\t\t\t<\/div>\n\t\t\t\t\t<\/div>\n\t\t<\/div>\n\t\t\t\t<div class=\"elementor-column elementor-col-20 elementor-inner-column elementor-element elementor-element-581e5a0 ot-flex-column-vertical\" data-id=\"581e5a0\" data-element_type=\"column\">\n\t\t\t<div class=\"elementor-widget-wrap elementor-element-populated\">\n\t\t\t\t\t\t<div class=\"elementor-element elementor-element-0370db5 elementor-widget elementor-widget-iprocessbox\" data-id=\"0370db5\" data-element_type=\"widget\" data-widget_type=\"iprocessbox.default\">\n\t\t\t\t<div class=\"elementor-widget-container\">\n\t\t\t\t\t\r\n\t\t<div class=\"process-box\">\r\n\t\t\t<img decoding=\"async\" class=\"p-arrow\" src=\"https:\/\/kmedia.co\/wp-content\/uploads\/2021\/04\/flecha-2.png\" alt=\"arrow\">\t\t\t<div class=\"number-box\">\r\n\t\t        04\t        <\/div>\r\n\t        <div class=\"icon-main\">\r\n\t\t        \t\t\t    <img decoding=\"async\" src=\"https:\/\/kmedia.co\/wp-content\/uploads\/2021\/04\/e-mail-marketing-medicion-seguimiento-1.png\" title=\"Medi\u00e7\u00e3o e rastreamento de marketing por e-mail\" alt=\"E-mail marketing medici\u00f3n y seguimiento\" loading=\"lazy\" \/>\t\t        \t        <\/div>\r\n\t        <div class=\"content-box\">\r\n\t            <h5 class=\"process-box-title\">Medi\u00e7\u00e3o e Monitoramento<\/h5>\r\n\t            <p><\/p>\r\n\t        <\/div>\r\n\t\t<\/div>\r\n\r\n\t    \t\t\t\t<\/div>\n\t\t\t\t<\/div>\n\t\t\t\t\t<\/div>\n\t\t<\/div>\n\t\t\t\t<div class=\"elementor-column elementor-col-20 elementor-inner-column elementor-element elementor-element-33b19e2 ot-flex-column-vertical\" data-id=\"33b19e2\" data-element_type=\"column\">\n\t\t\t<div class=\"elementor-widget-wrap elementor-element-populated\">\n\t\t\t\t\t\t<div class=\"elementor-element elementor-element-2a963c2 elementor-widget elementor-widget-iprocessbox\" data-id=\"2a963c2\" data-element_type=\"widget\" data-widget_type=\"iprocessbox.default\">\n\t\t\t\t<div class=\"elementor-widget-container\">\n\t\t\t\t\t\r\n\t\t<div class=\"process-box\">\r\n\t\t\t\t\t\t<div class=\"number-box\">\r\n\t\t        05\t        <\/div>\r\n\t        <div class=\"icon-main\">\r\n\t\t        \t\t\t    <img decoding=\"async\" src=\"https:\/\/kmedia.co\/wp-content\/uploads\/2021\/04\/e-mail-marketing-conversion-1.png\" title=\"Marketing por e-mail\" alt=\"E-mail marketing\" loading=\"lazy\" \/>\t\t        \t        <\/div>\r\n\t        <div class=\"content-box\">\r\n\t            <h5 class=\"process-box-title\">Otimiza\u00e7\u00e3o de convers\u00e3o e relat\u00f3rios<\/h5>\r\n\t            <p><\/p>\r\n\t        <\/div>\r\n\t\t<\/div>\r\n\r\n\t    \t\t\t\t<\/div>\n\t\t\t\t<\/div>\n\t\t\t\t\t<\/div>\n\t\t<\/div>\n\t\t\t\t\t<\/div>\n\t\t<\/section>\n\t\t\t\t\t<\/div>\n\t\t<\/div>\n\t\t\t\t\t<\/div>\n\t\t<\/section>\n\t\t\t\t<\/div>","protected":false},"excerpt":{"rendered":"<p>Solu\u00e7\u00f5es de Email Marketing: Melhores pr\u00e1ticas de email marketing para as suas necessidades. A Kmedia oferece uma plataforma de software com as melhores pr\u00e1ticas de email marketing para as suas necessidades. Apoiamos a cria\u00e7\u00e3o de campanhas de assinatura, com informa\u00e7\u00f5es detalhadas sobre o progresso e os resultados em tempo real e a baixo custo. Inclui: Criatividade em [\u2026]<\/p>","protected":false},"author":1,"featured_media":7628,"parent":0,"menu_order":0,"comment_status":"closed","ping_status":"closed","template":"","meta":{"_eb_attr":"","footnotes":""},"class_list":["post-7278","page","type-page","status-publish","has-post-thumbnail","hentry"],"yoast_head":"<!-- This site is optimized with the Yoast SEO plugin v26.5 - https:\/\/yoast.com\/wordpress\/plugins\/seo\/ -->\n<title>E-Mail Marketing - kmedia<\/title>\n<meta name=\"description\" content=\"Creaci\u00f3n de campa\u00f1as de Email Marketing bien estructuradas, con mediciones en tiempo real y con bajos costos.\" \/>\n<meta name=\"robots\" content=\"index, follow, max-snippet:-1, max-image-preview:large, max-video-preview:-1\" \/>\n<link rel=\"canonical\" href=\"https:\/\/kmedia.co\/pt\/e-mail-marketing\/\" \/>\n<meta property=\"og:locale\" content=\"pt_BR\" \/>\n<meta property=\"og:type\" content=\"article\" \/>\n<meta property=\"og:title\" content=\"E-Mail Marketing - kmedia\" \/>\n<meta property=\"og:description\" content=\"Creaci\u00f3n de campa\u00f1as de Email Marketing bien estructuradas, con mediciones en tiempo real y con bajos costos.\" \/>\n<meta property=\"og:url\" content=\"https:\/\/kmedia.co\/pt\/e-mail-marketing\/\" \/>\n<meta property=\"og:site_name\" content=\"kmedia\" \/>\n<meta property=\"og:image\" content=\"https:\/\/kmedia.co\/wp-content\/uploads\/2021\/04\/e-mail-marketing-envio-1.png\" \/>\n\t<meta property=\"og:image:width\" content=\"150\" \/>\n\t<meta property=\"og:image:height\" content=\"150\" \/>\n\t<meta property=\"og:image:type\" content=\"image\/png\" \/>\n<meta name=\"twitter:card\" content=\"summary_large_image\" \/>\n<meta name=\"twitter:label1\" content=\"Est. tempo de leitura\" \/>\n\t<meta name=\"twitter:data1\" content=\"5 minutos\" \/>\n<script type=\"application\/ld+json\" class=\"yoast-schema-graph\">{\"@context\":\"https:\/\/schema.org\",\"@graph\":[{\"@type\":\"WebPage\",\"@id\":\"https:\/\/kmedia.co\/e-mail-marketing\/\",\"url\":\"https:\/\/kmedia.co\/e-mail-marketing\/\",\"name\":\"E-Mail Marketing - kmedia\",\"isPartOf\":{\"@id\":\"https:\/\/kmedia.co\/#website\"},\"primaryImageOfPage\":{\"@id\":\"https:\/\/kmedia.co\/e-mail-marketing\/#primaryimage\"},\"image\":{\"@id\":\"https:\/\/kmedia.co\/e-mail-marketing\/#primaryimage\"},\"thumbnailUrl\":\"https:\/\/kmedia.co\/wp-content\/uploads\/2021\/04\/e-mail-marketing-envio-1.png\",\"datePublished\":\"2021-04-20T17:33:18+00:00\",\"description\":\"Creaci\u00f3n de campa\u00f1as de Email Marketing bien estructuradas, con mediciones en tiempo real y con bajos costos.\",\"breadcrumb\":{\"@id\":\"https:\/\/kmedia.co\/e-mail-marketing\/#breadcrumb\"},\"inLanguage\":\"pt-BR\",\"potentialAction\":[{\"@type\":\"ReadAction\",\"target\":[\"https:\/\/kmedia.co\/e-mail-marketing\/\"]}]},{\"@type\":\"ImageObject\",\"inLanguage\":\"pt-BR\",\"@id\":\"https:\/\/kmedia.co\/e-mail-marketing\/#primaryimage\",\"url\":\"https:\/\/kmedia.co\/wp-content\/uploads\/2021\/04\/e-mail-marketing-envio-1.png\",\"contentUrl\":\"https:\/\/kmedia.co\/wp-content\/uploads\/2021\/04\/e-mail-marketing-envio-1.png\",\"width\":150,\"height\":150,\"caption\":\"email marketing\"},{\"@type\":\"BreadcrumbList\",\"@id\":\"https:\/\/kmedia.co\/e-mail-marketing\/#breadcrumb\",\"itemListElement\":[{\"@type\":\"ListItem\",\"position\":1,\"name\":\"Home\",\"item\":\"https:\/\/kmedia.co\/\"},{\"@type\":\"ListItem\",\"position\":2,\"name\":\"E-Mail Marketing\"}]},{\"@type\":\"WebSite\",\"@id\":\"https:\/\/kmedia.co\/#website\",\"url\":\"https:\/\/kmedia.co\/\",\"name\":\"kmedia\",\"description\":\"Planee y desarrolle su  estrategia digital con KMEDIA. PBX :702 2000\",\"potentialAction\":[{\"@type\":\"SearchAction\",\"target\":{\"@type\":\"EntryPoint\",\"urlTemplate\":\"https:\/\/kmedia.co\/?s={search_term_string}\"},\"query-input\":{\"@type\":\"PropertyValueSpecification\",\"valueRequired\":true,\"valueName\":\"search_term_string\"}}],\"inLanguage\":\"pt-BR\"}]}<\/script>\n<!-- \/ Yoast SEO plugin. -->","yoast_head_json":{"title":"Marketing por e-mail - kmedia","description":"Crie campanhas de marketing por e-mail bem estruturadas com medi\u00e7\u00f5es em tempo real e custos baixos.","robots":{"index":"index","follow":"follow","max-snippet":"max-snippet:-1","max-image-preview":"max-image-preview:large","max-video-preview":"max-video-preview:-1"},"canonical":"https:\/\/kmedia.co\/pt\/e-mail-marketing\/","og_locale":"pt_BR","og_type":"article","og_title":"E-Mail Marketing - kmedia","og_description":"Creaci\u00f3n de campa\u00f1as de Email Marketing bien estructuradas, con mediciones en tiempo real y con bajos costos.","og_url":"https:\/\/kmedia.co\/pt\/e-mail-marketing\/","og_site_name":"kmedia","og_image":[{"width":150,"height":150,"url":"https:\/\/kmedia.co\/wp-content\/uploads\/2021\/04\/e-mail-marketing-envio-1.png","type":"image\/png"}],"twitter_card":"summary_large_image","twitter_misc":{"Est. tempo de leitura":"5 minutos"},"schema":{"@context":"https:\/\/schema.org","@graph":[{"@type":"WebPage","@id":"https:\/\/kmedia.co\/e-mail-marketing\/","url":"https:\/\/kmedia.co\/e-mail-marketing\/","name":"Marketing por e-mail - kmedia","isPartOf":{"@id":"https:\/\/kmedia.co\/#website"},"primaryImageOfPage":{"@id":"https:\/\/kmedia.co\/e-mail-marketing\/#primaryimage"},"image":{"@id":"https:\/\/kmedia.co\/e-mail-marketing\/#primaryimage"},"thumbnailUrl":"https:\/\/kmedia.co\/wp-content\/uploads\/2021\/04\/e-mail-marketing-envio-1.png","datePublished":"2021-04-20T17:33:18+00:00","description":"Crie campanhas de marketing por e-mail bem estruturadas com medi\u00e7\u00f5es em tempo real e custos baixos.","breadcrumb":{"@id":"https:\/\/kmedia.co\/e-mail-marketing\/#breadcrumb"},"inLanguage":"pt-BR","potentialAction":[{"@type":"ReadAction","target":["https:\/\/kmedia.co\/e-mail-marketing\/"]}]},{"@type":"ImageObject","inLanguage":"pt-BR","@id":"https:\/\/kmedia.co\/e-mail-marketing\/#primaryimage","url":"https:\/\/kmedia.co\/wp-content\/uploads\/2021\/04\/e-mail-marketing-envio-1.png","contentUrl":"https:\/\/kmedia.co\/wp-content\/uploads\/2021\/04\/e-mail-marketing-envio-1.png","width":150,"height":150,"caption":"email marketing"},{"@type":"BreadcrumbList","@id":"https:\/\/kmedia.co\/e-mail-marketing\/#breadcrumb","itemListElement":[{"@type":"ListItem","position":1,"name":"Home","item":"https:\/\/kmedia.co\/"},{"@type":"ListItem","position":2,"name":"E-Mail Marketing"}]},{"@type":"WebSite","@id":"https:\/\/kmedia.co\/#website","url":"https:\/\/kmedia.co\/","name":"kmedia","description":"Planeje e desenvolva sua estrat\u00e9gia digital com a KMEDIA. PABX: 702 2000","potentialAction":[{"@type":"SearchAction","target":{"@type":"EntryPoint","urlTemplate":"https:\/\/kmedia.co\/?s={search_term_string}"},"query-input":{"@type":"PropertyValueSpecification","valueRequired":true,"valueName":"search_term_string"}}],"inLanguage":"pt-BR"}]}},"_links":{"self":[{"href":"https:\/\/kmedia.co\/pt\/wp-json\/wp\/v2\/pages\/7278","targetHints":{"allow":["GET"]}}],"collection":[{"href":"https:\/\/kmedia.co\/pt\/wp-json\/wp\/v2\/pages"}],"about":[{"href":"https:\/\/kmedia.co\/pt\/wp-json\/wp\/v2\/types\/page"}],"author":[{"embeddable":true,"href":"https:\/\/kmedia.co\/pt\/wp-json\/wp\/v2\/users\/1"}],"replies":[{"embeddable":true,"href":"https:\/\/kmedia.co\/pt\/wp-json\/wp\/v2\/comments?post=7278"}],"version-history":[{"count":0,"href":"https:\/\/kmedia.co\/pt\/wp-json\/wp\/v2\/pages\/7278\/revisions"}],"wp:featuredmedia":[{"embeddable":true,"href":"https:\/\/kmedia.co\/pt\/wp-json\/wp\/v2\/media\/7628"}],"wp:attachment":[{"href":"https:\/\/kmedia.co\/pt\/wp-json\/wp\/v2\/media?parent=7278"}],"curies":[{"name":"wp","href":"https:\/\/api.w.org\/{rel}","templated":true}]}}