{"id":7397,"date":"2021-04-21T09:43:17","date_gmt":"2021-04-21T14:43:17","guid":{"rendered":"https:\/\/kmedia.co\/?page_id=7397"},"modified":"2021-04-21T09:43:17","modified_gmt":"2021-04-21T14:43:17","slug":"diseno-de-tiendas-virtuales-e-commerce","status":"publish","type":"page","link":"https:\/\/kmedia.co\/pt\/diseno-de-tiendas-virtuales-e-commerce\/","title":{"rendered":"Design de Loja Virtual de E-Commerce"},"content":{"rendered":"<div data-elementor-type=\"wp-page\" data-elementor-id=\"7397\" class=\"elementor elementor-7397\" data-elementor-post-type=\"page\">\n\t\t\t\t\t\t<section class=\"elementor-section elementor-top-section elementor-element elementor-element-b503208 elementor-section-content-middle elementor-section-boxed elementor-section-height-default elementor-section-height-default\" data-id=\"b503208\" data-element_type=\"section\">\n\t\t\t\t\t\t<div class=\"elementor-container elementor-column-gap-extended\">\n\t\t\t\t\t<div class=\"elementor-column elementor-col-100 elementor-top-column elementor-element elementor-element-1178744d ot-flex-column-vertical\" data-id=\"1178744d\" data-element_type=\"column\">\n\t\t\t<div class=\"elementor-widget-wrap elementor-element-populated\">\n\t\t\t\t\t\t<section class=\"elementor-section elementor-inner-section elementor-element elementor-element-57471246 elementor-section-full_width elementor-section-height-default elementor-section-height-default\" data-id=\"57471246\" data-element_type=\"section\">\n\t\t\t\t\t\t<div class=\"elementor-container elementor-column-gap-extended\">\n\t\t\t\t\t<div class=\"elementor-column elementor-col-100 elementor-inner-column elementor-element elementor-element-75d60edb ot-flex-column-vertical\" data-id=\"75d60edb\" data-element_type=\"column\">\n\t\t\t<div class=\"elementor-widget-wrap elementor-element-populated\">\n\t\t\t\t\t\t<div class=\"elementor-element elementor-element-77898db0 elementor-widget elementor-widget-iheading\" data-id=\"77898db0\" data-element_type=\"widget\" data-widget_type=\"iheading.default\">\n\t\t\t\t<div class=\"elementor-widget-container\">\n\t\t\t\t\t\t\t<div class=\"ot-heading center-align\">\r\n\t\t\t\r\n\t\t\t\t\r\n\r\n\t        \t            <h6 class=\"sub-heading\"><span>Solu\u00e7\u00f5es<\/span><\/h6>\r\n\t         \r\n\r\n\t        \t        \t<h2 class=\"main-heading\">Design de Loja <\/br>Com\u00e9rcio eletr\u00f4nico virtual<\/h2>\r\n\t        \t    <\/div>\r\n\t    \t\t\t\t<\/div>\n\t\t\t\t<\/div>\n\t\t\t\t<div class=\"elementor-element elementor-element-59fd45ae elementor-widget elementor-widget-text-editor\" data-id=\"59fd45ae\" data-element_type=\"widget\" data-widget_type=\"text-editor.default\">\n\t\t\t\t<div class=\"elementor-widget-container\">\n\t\t\t\t\t\t\t\t\t<p class=\"font22\">N\u00f3s impulsionamos suas vendas com plataformas seguras que garantem transa\u00e7\u00f5es online r\u00e1pidas,<\/br> e f\u00e1cil de administrar.<\/p>\n\t\t\t\t\t\t\t\t<\/div>\n\t\t\t\t<\/div>\n\t\t\t\t\t<\/div>\n\t\t<\/div>\n\t\t\t\t\t<\/div>\n\t\t<\/section>\n\t\t\t\t\t<\/div>\n\t\t<\/div>\n\t\t\t\t\t<\/div>\n\t\t<\/section>\n\t\t\t\t<section class=\"elementor-section elementor-top-section elementor-element elementor-element-0a8619c elementor-section-content-middle elementor-section-boxed elementor-section-height-default elementor-section-height-default\" data-id=\"0a8619c\" data-element_type=\"section\">\n\t\t\t\t\t\t<div class=\"elementor-container elementor-column-gap-extended\">\n\t\t\t\t\t<div class=\"elementor-column elementor-col-100 elementor-top-column elementor-element elementor-element-c6ae8fa ot-flex-column-vertical\" data-id=\"c6ae8fa\" data-element_type=\"column\">\n\t\t\t<div class=\"elementor-widget-wrap elementor-element-populated\">\n\t\t\t\t\t\t<section class=\"elementor-section elementor-inner-section elementor-element elementor-element-837de89 elementor-section-full_width elementor-section-height-default elementor-section-height-default\" data-id=\"837de89\" data-element_type=\"section\">\n\t\t\t\t\t\t<div class=\"elementor-container elementor-column-gap-extended\">\n\t\t\t\t\t<div class=\"elementor-column elementor-col-33 elementor-inner-column elementor-element elementor-element-0b2a5c9 ot-flex-column-vertical\" data-id=\"0b2a5c9\" data-element_type=\"column\">\n\t\t\t<div class=\"elementor-widget-wrap elementor-element-populated\">\n\t\t\t\t\t\t<div class=\"elementor-element elementor-element-59ee192 elementor-widget elementor-widget-text-editor\" data-id=\"59ee192\" data-element_type=\"widget\" data-widget_type=\"text-editor.default\">\n\t\t\t\t<div class=\"elementor-widget-container\">\n\t\t\t\t\t\t\t\t\t<p class=\"font22\">O<strong> lojas digitais<\/strong> Elas oferecem a possibilidade de posicionamento dentro da aquisi\u00e7\u00e3o de servi\u00e7os, bem como a facilidade de obten\u00e7\u00e3o do produto, disponibilizando ao cliente uma descri\u00e7\u00e3o do produto e sua compra.<\/p>\n<strong>Kmedia como ag\u00eancia focada em marketing digital<\/strong> e o posicionamento das empresas oferece ferramentas para a cria\u00e7\u00e3o de <strong>lojas virtuais<\/strong> de forma din\u00e2mica para que o cliente possa navegar facilmente pelos produtos. A ag\u00eancia leva em considera\u00e7\u00e3o os seguintes aspectos ao criar sua loja online:\t\t\t\t\t\t\t\t<\/div>\n\t\t\t\t<\/div>\n\t\t\t\t\t<\/div>\n\t\t<\/div>\n\t\t\t\t<div class=\"elementor-column elementor-col-33 elementor-inner-column elementor-element elementor-element-a609f9f ot-flex-column-vertical\" data-id=\"a609f9f\" data-element_type=\"column\">\n\t\t\t<div class=\"elementor-widget-wrap elementor-element-populated\">\n\t\t\t\t\t\t<div class=\"elementor-element elementor-element-3cc12be elementor-widget elementor-widget-iiconbox\" data-id=\"3cc12be\" data-element_type=\"widget\" data-widget_type=\"iiconbox.default\">\n\t\t\t\t<div class=\"elementor-widget-container\">\n\t\t\t\t\t\t\t<div class=\"icon-box s1\">\r\n\t\t\t<div class=\"bg-s3\"><\/div>\r\n\t\t\t<div class=\"bg-before\"><\/div>\r\n\t\t\t<div class=\"bg-after\"><\/div>\r\n\t\t\t<div class=\"icon-main\">\r\n\t\t        \t\t\t    \r\n\t\t\t    <img decoding=\"async\" src=\"https:\/\/kmedia.co\/wp-content\/uploads\/2021\/04\/tiendas-virtuales-optimas-2.svg\" title=\"Lojas virtuais ideais\" alt=\"Tiendas virtuales optimas\" loading=\"lazy\" \/>\t\t        \t        <\/div>\r\n\t        <div class=\"content-box\">\r\n\t            <h5 class=\"box-title\">Lojas virtuais<\/br> \u00f3timo<\/h5>\r\n\t            <p><\/p>\r\n\t        <\/div>\r\n\t        \t\r\n\t    <\/div>\r\n\t    \t\t\t\t<\/div>\n\t\t\t\t<\/div>\n\t\t\t\t<div class=\"elementor-element elementor-element-53f9699 elementor-widget elementor-widget-iiconbox\" data-id=\"53f9699\" data-element_type=\"widget\" data-widget_type=\"iiconbox.default\">\n\t\t\t\t<div class=\"elementor-widget-container\">\n\t\t\t\t\t\t\t<div class=\"icon-box s1\">\r\n\t\t\t<div class=\"bg-s3\"><\/div>\r\n\t\t\t<div class=\"bg-before\"><\/div>\r\n\t\t\t<div class=\"bg-after\"><\/div>\r\n\t\t\t<div class=\"icon-main\">\r\n\t\t        \t\t\t    \r\n\t\t\t    <img decoding=\"async\" src=\"https:\/\/kmedia.co\/wp-content\/uploads\/2021\/04\/informacion-producto-1.svg\" title=\"Informa\u00e7\u00f5es do produto\" alt=\"Informaci\u00f3n producto\" loading=\"lazy\" \/>\t\t        \t        <\/div>\r\n\t        <div class=\"content-box\">\r\n\t            <h5 class=\"box-title\">Exibir informa\u00e7\u00f5es do produto dinamicamente<\/h5>\r\n\t            <p><\/p>\r\n\t        <\/div>\r\n\t        \t\r\n\t    <\/div>\r\n\t    \t\t\t\t<\/div>\n\t\t\t\t<\/div>\n\t\t\t\t<div class=\"elementor-element elementor-element-dfcd703 elementor-widget elementor-widget-iiconbox\" data-id=\"dfcd703\" data-element_type=\"widget\" data-widget_type=\"iiconbox.default\">\n\t\t\t\t<div class=\"elementor-widget-container\">\n\t\t\t\t\t\t\t<div class=\"icon-box s1\">\r\n\t\t\t<div class=\"bg-s3\"><\/div>\r\n\t\t\t<div class=\"bg-before\"><\/div>\r\n\t\t\t<div class=\"bg-after\"><\/div>\r\n\t\t\t<div class=\"icon-main\">\r\n\t\t        \t\t\t    \r\n\t\t\t    <img decoding=\"async\" src=\"https:\/\/kmedia.co\/wp-content\/uploads\/2021\/04\/facil-de-navegar-1.svg\" title=\"F\u00e1cil de navegar\" alt=\"F\u00e1cil de navegar\" loading=\"lazy\" \/>\t\t        \t        <\/div>\r\n\t        <div class=\"content-box\">\r\n\t            <h5 class=\"box-title\">F\u00e1cil <\/br>navegar<\/h5>\r\n\t            <p><\/p>\r\n\t        <\/div>\r\n\t        \t\r\n\t    <\/div>\r\n\t    \t\t\t\t<\/div>\n\t\t\t\t<\/div>\n\t\t\t\t<div class=\"elementor-element elementor-element-21bfda1 elementor-widget elementor-widget-iiconbox\" data-id=\"21bfda1\" data-element_type=\"widget\" data-widget_type=\"iiconbox.default\">\n\t\t\t\t<div class=\"elementor-widget-container\">\n\t\t\t\t\t\t\t<div class=\"icon-box s1\">\r\n\t\t\t<div class=\"bg-s3\"><\/div>\r\n\t\t\t<div class=\"bg-before\"><\/div>\r\n\t\t\t<div class=\"bg-after\"><\/div>\r\n\t\t\t<div class=\"icon-main\">\r\n\t\t        \t\t\t    \r\n\t\t\t    <img decoding=\"async\" src=\"https:\/\/kmedia.co\/wp-content\/uploads\/2021\/04\/compra-facil-1.svg\" title=\"Compra f\u00e1cil\" alt=\"Compra f\u00e1cil\" loading=\"lazy\" \/>\t\t        \t        <\/div>\r\n\t        <div class=\"content-box\">\r\n\t            <h5 class=\"box-title\">A compra do produto \u00e9 realizada em etapas simples para o cliente.<\/h5>\r\n\t            <p><\/p>\r\n\t        <\/div>\r\n\t        \t\r\n\t    <\/div>\r\n\t    \t\t\t\t<\/div>\n\t\t\t\t<\/div>\n\t\t\t\t<div class=\"elementor-element elementor-element-6ce0b33 elementor-align-center elementor-widget elementor-widget-ibutton\" data-id=\"6ce0b33\" data-element_type=\"widget\" data-widget_type=\"ibutton.default\">\n\t\t\t\t<div class=\"elementor-widget-container\">\n\t\t\t\t\t\t\t<div class=\"ot-button\">\r\n\t\t\t<a href=\"https:\/\/kmedia.co\/pt\/atencion\/\" class=\"octf-btn octf-btn-secondary octf-btn-icon\"><span>Vamos come\u00e7ar<i class=\"flaticon-arrow-pointing-to-down\"><\/i><\/span> \r\n\t\t\t\t\t\t\t<\/a>\r\n\t    <\/div>\r\n\t    \t\t\t\t<\/div>\n\t\t\t\t<\/div>\n\t\t\t\t\t<\/div>\n\t\t<\/div>\n\t\t\t\t<div class=\"elementor-column elementor-col-33 elementor-inner-column elementor-element elementor-element-b1d2fcf ot-flex-column-vertical\" data-id=\"b1d2fcf\" data-element_type=\"column\">\n\t\t\t<div class=\"elementor-widget-wrap elementor-element-populated\">\n\t\t\t\t\t\t<div class=\"elementor-element elementor-element-5a30a19 elementor-widget elementor-widget-iiconbox\" data-id=\"5a30a19\" data-element_type=\"widget\" data-widget_type=\"iiconbox.default\">\n\t\t\t\t<div class=\"elementor-widget-container\">\n\t\t\t\t\t\t\t<div class=\"icon-box s1\">\r\n\t\t\t<div class=\"bg-s3\"><\/div>\r\n\t\t\t<div class=\"bg-before\"><\/div>\r\n\t\t\t<div class=\"bg-after\"><\/div>\r\n\t\t\t<div class=\"icon-main\">\r\n\t\t        \t\t\t    \r\n\t\t\t    <img decoding=\"async\" src=\"https:\/\/kmedia.co\/wp-content\/uploads\/2021\/04\/estadisticas-1.svg\" title=\"Estat\u00edsticas\" alt=\"Estad\u00edsticas\" loading=\"lazy\" \/>\t\t        \t        <\/div>\r\n\t        <div class=\"content-box\">\r\n\t            <h5 class=\"box-title\">Visualize estat\u00edsticas desde o momento em que o cliente se interessa pelo produto at\u00e9 a compra.<\/h5>\r\n\t            <p><\/p>\r\n\t        <\/div>\r\n\t        \t\r\n\t    <\/div>\r\n\t    \t\t\t\t<\/div>\n\t\t\t\t<\/div>\n\t\t\t\t<div class=\"elementor-element elementor-element-8088582 elementor-widget elementor-widget-iiconbox\" data-id=\"8088582\" data-element_type=\"widget\" data-widget_type=\"iiconbox.default\">\n\t\t\t\t<div class=\"elementor-widget-container\">\n\t\t\t\t\t\t\t<div class=\"icon-box s1\">\r\n\t\t\t<div class=\"bg-s3\"><\/div>\r\n\t\t\t<div class=\"bg-before\"><\/div>\r\n\t\t\t<div class=\"bg-after\"><\/div>\r\n\t\t\t<div class=\"icon-main\">\r\n\t\t        \t\t\t    \r\n\t\t\t    <img decoding=\"async\" src=\"https:\/\/kmedia.co\/wp-content\/uploads\/2021\/04\/generar-informes-1.svg\" title=\"Gerar relat\u00f3rios\" alt=\"Generar informes\" loading=\"lazy\" \/>\t\t        \t        <\/div>\r\n\t        <div class=\"content-box\">\r\n\t            <h5 class=\"box-title\">Gere relat\u00f3rios baseados em estat\u00edsticas para melhorar sua loja virtual.<\/h5>\r\n\t            <p><\/p>\r\n\t        <\/div>\r\n\t        \t\r\n\t    <\/div>\r\n\t    \t\t\t\t<\/div>\n\t\t\t\t<\/div>\n\t\t\t\t\t<\/div>\n\t\t<\/div>\n\t\t\t\t\t<\/div>\n\t\t<\/section>\n\t\t\t\t<div class=\"elementor-element elementor-element-a30d86a partners elementor-widget elementor-widget-image-carousel\" data-id=\"a30d86a\" data-element_type=\"widget\" data-settings=\"{&quot;slides_to_show&quot;:&quot;5&quot;,&quot;slides_to_show_tablet&quot;:&quot;4&quot;,&quot;slides_to_show_mobile&quot;:&quot;2&quot;,&quot;slides_to_scroll&quot;:&quot;1&quot;,&quot;navigation&quot;:&quot;none&quot;,&quot;autoplay_speed&quot;:7000,&quot;autoplay&quot;:&quot;yes&quot;,&quot;pause_on_hover&quot;:&quot;yes&quot;,&quot;pause_on_interaction&quot;:&quot;yes&quot;,&quot;infinite&quot;:&quot;yes&quot;,&quot;speed&quot;:500}\" data-widget_type=\"image-carousel.default\">\n\t\t\t\t<div class=\"elementor-widget-container\">\n\t\t\t\t\t\t\t<div class=\"elementor-image-carousel-wrapper swiper\" role=\"region\" aria-roledescription=\"carousel\" aria-label=\"Carrossel de imagens\" dir=\"ltr\">\n\t\t\t<div class=\"elementor-image-carousel swiper-wrapper\" aria-live=\"off\">\n\t\t\t\t\t\t\t\t<div class=\"swiper-slide\" role=\"group\" aria-roledescription=\"slide\" aria-label=\"1 de 5\"><figure class=\"swiper-slide-inner\"><img decoding=\"async\" class=\"swiper-slide-image\" src=\"https:\/\/kmedia.co\/wp-content\/uploads\/2021\/04\/logo-drupal-h.png\" alt=\"\" \/><\/figure><\/div><div class=\"swiper-slide\" role=\"group\" aria-roledescription=\"slide\" aria-label=\"2 de 5\"><figure class=\"swiper-slide-inner\"><img decoding=\"async\" class=\"swiper-slide-image\" src=\"https:\/\/kmedia.co\/wp-content\/uploads\/2021\/04\/logo-magento-h.png\" alt=\"\" \/><\/figure><\/div><div class=\"swiper-slide\" role=\"group\" aria-roledescription=\"slide\" aria-label=\"3 de 5\"><figure class=\"swiper-slide-inner\"><img decoding=\"async\" class=\"swiper-slide-image\" src=\"https:\/\/kmedia.co\/wp-content\/uploads\/2021\/04\/logo-open-cart-h.png\" alt=\"\" \/><\/figure><\/div><div class=\"swiper-slide\" role=\"group\" aria-roledescription=\"slide\" aria-label=\"4 de 5\"><figure class=\"swiper-slide-inner\"><img decoding=\"async\" class=\"swiper-slide-image\" src=\"https:\/\/kmedia.co\/wp-content\/uploads\/2021\/04\/logo-prestashop-h.png\" alt=\"\" \/><\/figure><\/div><div class=\"swiper-slide\" role=\"group\" aria-roledescription=\"slide\" aria-label=\"5 de 5\"><figure class=\"swiper-slide-inner\"><img decoding=\"async\" class=\"swiper-slide-image\" src=\"https:\/\/kmedia.co\/wp-content\/uploads\/2021\/04\/logo-woocommerce-h.png\" alt=\"Woocommerce\" \/><\/figure><\/div>\t\t\t<\/div>\n\t\t\t\t\t\t\t\n\t\t\t\t\t\t\t\t\t<\/div>\n\t\t\t\t\t\t<\/div>\n\t\t\t\t<\/div>\n\t\t\t\t<div class=\"elementor-element elementor-element-a44711c partners elementor-widget elementor-widget-image-carousel\" data-id=\"a44711c\" data-element_type=\"widget\" data-settings=\"{&quot;slides_to_show&quot;:&quot;4&quot;,&quot;slides_to_show_tablet&quot;:&quot;4&quot;,&quot;slides_to_show_mobile&quot;:&quot;2&quot;,&quot;slides_to_scroll&quot;:&quot;1&quot;,&quot;navigation&quot;:&quot;none&quot;,&quot;autoplay_speed&quot;:7000,&quot;autoplay&quot;:&quot;yes&quot;,&quot;pause_on_hover&quot;:&quot;yes&quot;,&quot;pause_on_interaction&quot;:&quot;yes&quot;,&quot;infinite&quot;:&quot;yes&quot;,&quot;speed&quot;:500}\" data-widget_type=\"image-carousel.default\">\n\t\t\t\t<div class=\"elementor-widget-container\">\n\t\t\t\t\t\t\t<div class=\"elementor-image-carousel-wrapper swiper\" role=\"region\" aria-roledescription=\"carousel\" aria-label=\"Carrossel de imagens\" dir=\"ltr\">\n\t\t\t<div class=\"elementor-image-carousel swiper-wrapper\" aria-live=\"off\">\n\t\t\t\t\t\t\t\t<div class=\"swiper-slide\" role=\"group\" aria-roledescription=\"slide\" aria-label=\"1 de 5\"><figure class=\"swiper-slide-inner\"><img decoding=\"async\" class=\"swiper-slide-image\" src=\"https:\/\/kmedia.co\/wp-content\/uploads\/2021\/04\/logo-woocommerce-h.png\" alt=\"\" \/><\/figure><\/div><div class=\"swiper-slide\" role=\"group\" aria-roledescription=\"slide\" aria-label=\"2 de 5\"><figure class=\"swiper-slide-inner\"><img decoding=\"async\" class=\"swiper-slide-image\" src=\"https:\/\/kmedia.co\/wp-content\/uploads\/2021\/04\/logo-prestashop-h.png\" alt=\"\" \/><\/figure><\/div><div class=\"swiper-slide\" role=\"group\" aria-roledescription=\"slide\" aria-label=\"3 de 5\"><figure class=\"swiper-slide-inner\"><img decoding=\"async\" class=\"swiper-slide-image\" src=\"https:\/\/kmedia.co\/wp-content\/uploads\/2021\/04\/logo-magento-h.png\" alt=\"\" \/><\/figure><\/div><div class=\"swiper-slide\" role=\"group\" aria-roledescription=\"slide\" aria-label=\"4 de 5\"><figure class=\"swiper-slide-inner\"><img decoding=\"async\" class=\"swiper-slide-image\" src=\"https:\/\/kmedia.co\/wp-content\/uploads\/2021\/04\/logo-open-cart-h.png\" alt=\"\" \/><\/figure><\/div><div class=\"swiper-slide\" role=\"group\" aria-roledescription=\"slide\" aria-label=\"5 de 5\"><figure class=\"swiper-slide-inner\"><img decoding=\"async\" class=\"swiper-slide-image\" src=\"https:\/\/kmedia.co\/wp-content\/uploads\/2021\/04\/logo-drupal-h.png\" alt=\"\" \/><\/figure><\/div>\t\t\t<\/div>\n\t\t\t\t\t\t\t\n\t\t\t\t\t\t\t\t\t<\/div>\n\t\t\t\t\t\t<\/div>\n\t\t\t\t<\/div>\n\t\t\t\t\t<\/div>\n\t\t<\/div>\n\t\t\t\t\t<\/div>\n\t\t<\/section>\n\t\t\t\t<\/div>","protected":false},"excerpt":{"rendered":"<p>Solu\u00e7\u00f5es de Design de Loja Virtual para E-commerce Impulsionamos suas vendas com plataformas seguras que garantem transa\u00e7\u00f5es online r\u00e1pidas e f\u00e1ceis de gerenciar. As lojas digitais oferecem a possibilidade de posicionamento na aquisi\u00e7\u00e3o de servi\u00e7os, al\u00e9m da facilidade de obten\u00e7\u00e3o do produto, facilitando a localiza\u00e7\u00e3o da descri\u00e7\u00e3o do produto e a compra [\u2026]<\/p>","protected":false},"author":1,"featured_media":6117,"parent":0,"menu_order":0,"comment_status":"closed","ping_status":"closed","template":"","meta":{"_eb_attr":"","footnotes":""},"class_list":["post-7397","page","type-page","status-publish","has-post-thumbnail","hentry"],"yoast_head":"<!-- This site is optimized with the Yoast SEO plugin v26.5 - https:\/\/yoast.com\/wordpress\/plugins\/seo\/ -->\n<title>Dise\u00f1o de Tiendas Virtuales E-Commerce - kmedia<\/title>\n<meta name=\"description\" content=\"Impulsamos sus ventas online con plataformas seguras que le garantizan operaciones en l\u00ednea r\u00e1pidas,y de f\u00e1cil administraci\u00f3n.\" \/>\n<meta name=\"robots\" content=\"index, follow, max-snippet:-1, max-image-preview:large, max-video-preview:-1\" \/>\n<link rel=\"canonical\" href=\"https:\/\/kmedia.co\/pt\/diseno-de-tiendas-virtuales-e-commerce\/\" \/>\n<meta property=\"og:locale\" content=\"pt_BR\" \/>\n<meta property=\"og:type\" content=\"article\" \/>\n<meta property=\"og:title\" content=\"Dise\u00f1o de Tiendas Virtuales E-Commerce - kmedia\" \/>\n<meta property=\"og:description\" content=\"Impulsamos sus ventas online con plataformas seguras que le garantizan operaciones en l\u00ednea r\u00e1pidas,y de f\u00e1cil administraci\u00f3n.\" \/>\n<meta property=\"og:url\" content=\"https:\/\/kmedia.co\/pt\/diseno-de-tiendas-virtuales-e-commerce\/\" \/>\n<meta property=\"og:site_name\" content=\"kmedia\" \/>\n<meta property=\"og:image\" content=\"https:\/\/kmedia.co\/wp-content\/uploads\/2021\/04\/icon-desarrollo-woocommerce-1.png\" \/>\n\t<meta property=\"og:image:width\" content=\"150\" \/>\n\t<meta property=\"og:image:height\" content=\"135\" \/>\n\t<meta property=\"og:image:type\" content=\"image\/png\" \/>\n<meta name=\"twitter:card\" content=\"summary_large_image\" \/>\n<meta name=\"twitter:label1\" content=\"Est. tempo de leitura\" \/>\n\t<meta name=\"twitter:data1\" content=\"9 minutos\" \/>\n<script type=\"application\/ld+json\" class=\"yoast-schema-graph\">{\"@context\":\"https:\/\/schema.org\",\"@graph\":[{\"@type\":\"WebPage\",\"@id\":\"https:\/\/kmedia.co\/diseno-de-tiendas-virtuales-e-commerce\/\",\"url\":\"https:\/\/kmedia.co\/diseno-de-tiendas-virtuales-e-commerce\/\",\"name\":\"Dise\u00f1o de Tiendas Virtuales E-Commerce - kmedia\",\"isPartOf\":{\"@id\":\"https:\/\/kmedia.co\/#website\"},\"primaryImageOfPage\":{\"@id\":\"https:\/\/kmedia.co\/diseno-de-tiendas-virtuales-e-commerce\/#primaryimage\"},\"image\":{\"@id\":\"https:\/\/kmedia.co\/diseno-de-tiendas-virtuales-e-commerce\/#primaryimage\"},\"thumbnailUrl\":\"https:\/\/kmedia.co\/wp-content\/uploads\/2021\/04\/icon-desarrollo-woocommerce-1.png\",\"datePublished\":\"2021-04-21T14:43:17+00:00\",\"description\":\"Impulsamos sus ventas online con plataformas seguras que le garantizan operaciones en l\u00ednea r\u00e1pidas,y de f\u00e1cil administraci\u00f3n.\",\"breadcrumb\":{\"@id\":\"https:\/\/kmedia.co\/diseno-de-tiendas-virtuales-e-commerce\/#breadcrumb\"},\"inLanguage\":\"pt-BR\",\"potentialAction\":[{\"@type\":\"ReadAction\",\"target\":[\"https:\/\/kmedia.co\/diseno-de-tiendas-virtuales-e-commerce\/\"]}]},{\"@type\":\"ImageObject\",\"inLanguage\":\"pt-BR\",\"@id\":\"https:\/\/kmedia.co\/diseno-de-tiendas-virtuales-e-commerce\/#primaryimage\",\"url\":\"https:\/\/kmedia.co\/wp-content\/uploads\/2021\/04\/icon-desarrollo-woocommerce-1.png\",\"contentUrl\":\"https:\/\/kmedia.co\/wp-content\/uploads\/2021\/04\/icon-desarrollo-woocommerce-1.png\",\"width\":150,\"height\":135,\"caption\":\"Desarrollo woocommerceDesarrollo de Woocommerce\"},{\"@type\":\"BreadcrumbList\",\"@id\":\"https:\/\/kmedia.co\/diseno-de-tiendas-virtuales-e-commerce\/#breadcrumb\",\"itemListElement\":[{\"@type\":\"ListItem\",\"position\":1,\"name\":\"Home\",\"item\":\"https:\/\/kmedia.co\/\"},{\"@type\":\"ListItem\",\"position\":2,\"name\":\"Dise\u00f1o de Tiendas Virtuales E-Commerce\"}]},{\"@type\":\"WebSite\",\"@id\":\"https:\/\/kmedia.co\/#website\",\"url\":\"https:\/\/kmedia.co\/\",\"name\":\"kmedia\",\"description\":\"Planee y desarrolle su  estrategia digital con KMEDIA. PBX :702 2000\",\"potentialAction\":[{\"@type\":\"SearchAction\",\"target\":{\"@type\":\"EntryPoint\",\"urlTemplate\":\"https:\/\/kmedia.co\/?s={search_term_string}\"},\"query-input\":{\"@type\":\"PropertyValueSpecification\",\"valueRequired\":true,\"valueName\":\"search_term_string\"}}],\"inLanguage\":\"pt-BR\"}]}<\/script>\n<!-- \/ Yoast SEO plugin. -->","yoast_head_json":{"title":"Design de Loja Virtual de E-Commerce - kmedia","description":"N\u00f3s impulsionamos suas vendas online com plataformas seguras que garantem transa\u00e7\u00f5es online r\u00e1pidas e f\u00e1ceis de gerenciar.","robots":{"index":"index","follow":"follow","max-snippet":"max-snippet:-1","max-image-preview":"max-image-preview:large","max-video-preview":"max-video-preview:-1"},"canonical":"https:\/\/kmedia.co\/pt\/diseno-de-tiendas-virtuales-e-commerce\/","og_locale":"pt_BR","og_type":"article","og_title":"Dise\u00f1o de Tiendas Virtuales E-Commerce - kmedia","og_description":"Impulsamos sus ventas online con plataformas seguras que le garantizan operaciones en l\u00ednea r\u00e1pidas,y de f\u00e1cil administraci\u00f3n.","og_url":"https:\/\/kmedia.co\/pt\/diseno-de-tiendas-virtuales-e-commerce\/","og_site_name":"kmedia","og_image":[{"width":150,"height":135,"url":"https:\/\/kmedia.co\/wp-content\/uploads\/2021\/04\/icon-desarrollo-woocommerce-1.png","type":"image\/png"}],"twitter_card":"summary_large_image","twitter_misc":{"Est. tempo de leitura":"9 minutos"},"schema":{"@context":"https:\/\/schema.org","@graph":[{"@type":"WebPage","@id":"https:\/\/kmedia.co\/diseno-de-tiendas-virtuales-e-commerce\/","url":"https:\/\/kmedia.co\/diseno-de-tiendas-virtuales-e-commerce\/","name":"Design de Loja Virtual de E-Commerce - kmedia","isPartOf":{"@id":"https:\/\/kmedia.co\/#website"},"primaryImageOfPage":{"@id":"https:\/\/kmedia.co\/diseno-de-tiendas-virtuales-e-commerce\/#primaryimage"},"image":{"@id":"https:\/\/kmedia.co\/diseno-de-tiendas-virtuales-e-commerce\/#primaryimage"},"thumbnailUrl":"https:\/\/kmedia.co\/wp-content\/uploads\/2021\/04\/icon-desarrollo-woocommerce-1.png","datePublished":"2021-04-21T14:43:17+00:00","description":"N\u00f3s impulsionamos suas vendas online com plataformas seguras que garantem transa\u00e7\u00f5es online r\u00e1pidas e f\u00e1ceis de gerenciar.","breadcrumb":{"@id":"https:\/\/kmedia.co\/diseno-de-tiendas-virtuales-e-commerce\/#breadcrumb"},"inLanguage":"pt-BR","potentialAction":[{"@type":"ReadAction","target":["https:\/\/kmedia.co\/diseno-de-tiendas-virtuales-e-commerce\/"]}]},{"@type":"ImageObject","inLanguage":"pt-BR","@id":"https:\/\/kmedia.co\/diseno-de-tiendas-virtuales-e-commerce\/#primaryimage","url":"https:\/\/kmedia.co\/wp-content\/uploads\/2021\/04\/icon-desarrollo-woocommerce-1.png","contentUrl":"https:\/\/kmedia.co\/wp-content\/uploads\/2021\/04\/icon-desarrollo-woocommerce-1.png","width":150,"height":135,"caption":"Desarrollo woocommerceDesarrollo de Woocommerce"},{"@type":"BreadcrumbList","@id":"https:\/\/kmedia.co\/diseno-de-tiendas-virtuales-e-commerce\/#breadcrumb","itemListElement":[{"@type":"ListItem","position":1,"name":"Home","item":"https:\/\/kmedia.co\/"},{"@type":"ListItem","position":2,"name":"Dise\u00f1o de Tiendas Virtuales E-Commerce"}]},{"@type":"WebSite","@id":"https:\/\/kmedia.co\/#website","url":"https:\/\/kmedia.co\/","name":"kmedia","description":"Planeje e desenvolva sua estrat\u00e9gia digital com a KMEDIA. PABX: 702 2000","potentialAction":[{"@type":"SearchAction","target":{"@type":"EntryPoint","urlTemplate":"https:\/\/kmedia.co\/?s={search_term_string}"},"query-input":{"@type":"PropertyValueSpecification","valueRequired":true,"valueName":"search_term_string"}}],"inLanguage":"pt-BR"}]}},"_links":{"self":[{"href":"https:\/\/kmedia.co\/pt\/wp-json\/wp\/v2\/pages\/7397","targetHints":{"allow":["GET"]}}],"collection":[{"href":"https:\/\/kmedia.co\/pt\/wp-json\/wp\/v2\/pages"}],"about":[{"href":"https:\/\/kmedia.co\/pt\/wp-json\/wp\/v2\/types\/page"}],"author":[{"embeddable":true,"href":"https:\/\/kmedia.co\/pt\/wp-json\/wp\/v2\/users\/1"}],"replies":[{"embeddable":true,"href":"https:\/\/kmedia.co\/pt\/wp-json\/wp\/v2\/comments?post=7397"}],"version-history":[{"count":0,"href":"https:\/\/kmedia.co\/pt\/wp-json\/wp\/v2\/pages\/7397\/revisions"}],"wp:featuredmedia":[{"embeddable":true,"href":"https:\/\/kmedia.co\/pt\/wp-json\/wp\/v2\/media\/6117"}],"wp:attachment":[{"href":"https:\/\/kmedia.co\/pt\/wp-json\/wp\/v2\/media?parent=7397"}],"curies":[{"name":"wp","href":"https:\/\/api.w.org\/{rel}","templated":true}]}}