{"id":7688,"date":"2021-04-23T14:04:55","date_gmt":"2021-04-23T19:04:55","guid":{"rendered":"https:\/\/kmedia.co\/?page_id=7688"},"modified":"2021-04-23T14:04:55","modified_gmt":"2021-04-23T19:04:55","slug":"consultoria-de-canales-digitales-por-demanda","status":"publish","type":"page","link":"https:\/\/kmedia.co\/pt\/consultoria-de-canales-digitales-por-demanda\/","title":{"rendered":"Consultoria de Canal Digital"},"content":{"rendered":"<div data-elementor-type=\"wp-page\" data-elementor-id=\"7688\" class=\"elementor elementor-7688\" data-elementor-post-type=\"page\">\n\t\t\t\t\t\t<section class=\"elementor-section elementor-top-section elementor-element elementor-element-b503208 elementor-section-content-middle elementor-section-boxed elementor-section-height-default elementor-section-height-default\" data-id=\"b503208\" data-element_type=\"section\">\n\t\t\t\t\t\t<div class=\"elementor-container elementor-column-gap-extended\">\n\t\t\t\t\t<div class=\"elementor-column elementor-col-100 elementor-top-column elementor-element elementor-element-1178744d ot-flex-column-vertical\" data-id=\"1178744d\" data-element_type=\"column\">\n\t\t\t<div class=\"elementor-widget-wrap elementor-element-populated\">\n\t\t\t\t\t\t<section class=\"elementor-section elementor-inner-section elementor-element elementor-element-57471246 elementor-section-full_width elementor-section-height-default elementor-section-height-default\" data-id=\"57471246\" data-element_type=\"section\">\n\t\t\t\t\t\t<div class=\"elementor-container elementor-column-gap-extended\">\n\t\t\t\t\t<div class=\"elementor-column elementor-col-100 elementor-inner-column elementor-element elementor-element-75d60edb ot-flex-column-vertical\" data-id=\"75d60edb\" data-element_type=\"column\">\n\t\t\t<div class=\"elementor-widget-wrap elementor-element-populated\">\n\t\t\t\t\t\t<div class=\"elementor-element elementor-element-77898db0 elementor-widget elementor-widget-iheading\" data-id=\"77898db0\" data-element_type=\"widget\" data-widget_type=\"iheading.default\">\n\t\t\t\t<div class=\"elementor-widget-container\">\n\t\t\t\t\t\t\t<div class=\"ot-heading center-align\">\r\n\t\t\t\r\n\t\t\t\t\r\n\r\n\t        \t            <h6 class=\"sub-heading\"><span>Solu\u00e7\u00f5es<\/span><\/h6>\r\n\t         \r\n\r\n\t        \t        \t<h2 class=\"main-heading\">Consultoria de Canal Digital<\/h2>\r\n\t        \t    <\/div>\r\n\t    \t\t\t\t<\/div>\n\t\t\t\t<\/div>\n\t\t\t\t<div class=\"elementor-element elementor-element-59fd45ae elementor-widget elementor-widget-text-editor\" data-id=\"59fd45ae\" data-element_type=\"widget\" data-widget_type=\"text-editor.default\">\n\t\t\t\t<div class=\"elementor-widget-container\">\n\t\t\t\t\t\t\t\t\t<p class=\"font22\">Quando voc\u00ea tem d\u00favidas sobre como resolver problemas em seus canais digitais \u2014 sejam eles t\u00e9cnicos ou estrat\u00e9gicos, como atingir seu p\u00fablico, mensurar seus resultados ou muitos outros t\u00f3picos relacionados \u00e0 gest\u00e3o digital da sua empresa \u2014 voc\u00ea precisa de uma solu\u00e7\u00e3o confi\u00e1vel e r\u00e1pida.<\/p>\t\t\t\t\t\t\t\t<\/div>\n\t\t\t\t<\/div>\n\t\t\t\t\t<\/div>\n\t\t<\/div>\n\t\t\t\t\t<\/div>\n\t\t<\/section>\n\t\t\t\t\t<\/div>\n\t\t<\/div>\n\t\t\t\t\t<\/div>\n\t\t<\/section>\n\t\t\t\t<section class=\"elementor-section elementor-top-section elementor-element elementor-element-0a8619c elementor-section-content-middle elementor-section-boxed elementor-section-height-default elementor-section-height-default\" data-id=\"0a8619c\" data-element_type=\"section\">\n\t\t\t\t\t\t<div class=\"elementor-container elementor-column-gap-extended\">\n\t\t\t\t\t<div class=\"elementor-column elementor-col-100 elementor-top-column elementor-element elementor-element-c6ae8fa ot-flex-column-vertical\" data-id=\"c6ae8fa\" data-element_type=\"column\">\n\t\t\t<div class=\"elementor-widget-wrap elementor-element-populated\">\n\t\t\t\t\t\t<section class=\"elementor-section elementor-inner-section elementor-element elementor-element-837de89 elementor-section-full_width elementor-section-height-default elementor-section-height-default\" data-id=\"837de89\" data-element_type=\"section\">\n\t\t\t\t\t\t<div class=\"elementor-container elementor-column-gap-extended\">\n\t\t\t\t\t<div class=\"elementor-column elementor-col-33 elementor-inner-column elementor-element elementor-element-0b2a5c9 ot-flex-column-vertical\" data-id=\"0b2a5c9\" data-element_type=\"column\">\n\t\t\t<div class=\"elementor-widget-wrap elementor-element-populated\">\n\t\t\t\t\t\t<div class=\"elementor-element elementor-element-59ee192 elementor-widget elementor-widget-text-editor\" data-id=\"59ee192\" data-element_type=\"widget\" data-widget_type=\"text-editor.default\">\n\t\t\t\t<div class=\"elementor-widget-container\">\n\t\t\t\t\t\t\t\t\t<p class=\"font22\">N\u00f3s temos um <strong>equipe de especialistas em cada \u00e1rea<\/strong> que pode aconselh\u00e1-lo em sess\u00f5es virtuais ou presenciais, e voc\u00ea pagar\u00e1 apenas pelo tempo necess\u00e1rio para resolver suas preocupa\u00e7\u00f5es. Voc\u00ea tamb\u00e9m receber\u00e1 um relat\u00f3rio detalhado como resultado.<br \/><br \/><strong>\u00c1reas de consultoria:<\/strong><\/p>\t\t\t\t\t\t\t\t<\/div>\n\t\t\t\t<\/div>\n\t\t\t\t\t<\/div>\n\t\t<\/div>\n\t\t\t\t<div class=\"elementor-column elementor-col-33 elementor-inner-column elementor-element elementor-element-a609f9f ot-flex-column-vertical\" data-id=\"a609f9f\" data-element_type=\"column\">\n\t\t\t<div class=\"elementor-widget-wrap elementor-element-populated\">\n\t\t\t\t\t\t<div class=\"elementor-element elementor-element-3cc12be elementor-widget elementor-widget-iiconbox\" data-id=\"3cc12be\" data-element_type=\"widget\" data-widget_type=\"iiconbox.default\">\n\t\t\t\t<div class=\"elementor-widget-container\">\n\t\t\t\t\t\t\t<div class=\"icon-box s1\">\r\n\t\t\t<div class=\"bg-s3\"><\/div>\r\n\t\t\t<div class=\"bg-before\"><\/div>\r\n\t\t\t<div class=\"bg-after\"><\/div>\r\n\t\t\t<div class=\"icon-main\">\r\n\t\t        \t\t\t    \r\n\t\t\t    <img decoding=\"async\" src=\"https:\/\/kmedia.co\/wp-content\/uploads\/2023\/10\/digital-transformation-01.svg\" title=\"transforma\u00e7\u00e3o-digital-01\" alt=\"digital-transformation-01\" loading=\"lazy\" \/>\t\t        \t        <\/div>\r\n\t        <div class=\"content-box\">\r\n\t            <h5 class=\"box-title\">Transforma\u00e7\u00e3o Digital<\/h5>\r\n\t            <p><\/p>\r\n\t        <\/div>\r\n\t        \t\r\n\t    <\/div>\r\n\t    \t\t\t\t<\/div>\n\t\t\t\t<\/div>\n\t\t\t\t<div class=\"elementor-element elementor-element-e93ac41 elementor-widget elementor-widget-iiconbox\" data-id=\"e93ac41\" data-element_type=\"widget\" data-widget_type=\"iiconbox.default\">\n\t\t\t\t<div class=\"elementor-widget-container\">\n\t\t\t\t\t\t\t<div class=\"icon-box s1\">\r\n\t\t\t<div class=\"bg-s3\"><\/div>\r\n\t\t\t<div class=\"bg-before\"><\/div>\r\n\t\t\t<div class=\"bg-after\"><\/div>\r\n\t\t\t<div class=\"icon-main\">\r\n\t\t        \t\t\t    \r\n\t\t\t    <img decoding=\"async\" src=\"https:\/\/kmedia.co\/wp-content\/uploads\/2021\/04\/consultoria-en-marketing-digital.svg\" title=\"Consultoria em marketing digital\" alt=\"Consultor\u00eda en marketing digital\" loading=\"lazy\" \/>\t\t        \t        <\/div>\r\n\t        <div class=\"content-box\">\r\n\t            <h5 class=\"box-title\">Plano de marketing digital<\/h5>\r\n\t            <p><\/p>\r\n\t        <\/div>\r\n\t        \t\r\n\t    <\/div>\r\n\t    \t\t\t\t<\/div>\n\t\t\t\t<\/div>\n\t\t\t\t<div class=\"elementor-element elementor-element-84ae0dd elementor-widget elementor-widget-iiconbox\" data-id=\"84ae0dd\" data-element_type=\"widget\" data-widget_type=\"iiconbox.default\">\n\t\t\t\t<div class=\"elementor-widget-container\">\n\t\t\t\t\t\t\t<div class=\"icon-box s1\">\r\n\t\t\t<div class=\"bg-s3\"><\/div>\r\n\t\t\t<div class=\"bg-before\"><\/div>\r\n\t\t\t<div class=\"bg-after\"><\/div>\r\n\t\t\t<div class=\"icon-main\">\r\n\t\t        \t\t\t    \r\n\t\t\t    <img decoding=\"async\" src=\"https:\/\/kmedia.co\/wp-content\/uploads\/2021\/04\/monitorizacion-redes-sociales.svg\" title=\"Monitoramento de m\u00eddia social\" alt=\"Monitorizacio\u0301n redes sociales\" loading=\"lazy\" \/>\t\t        \t        <\/div>\r\n\t        <div class=\"content-box\">\r\n\t            <h5 class=\"box-title\">Redes sociais e comunidades<\/h5>\r\n\t            <p><\/p>\r\n\t        <\/div>\r\n\t        \t\r\n\t    <\/div>\r\n\t    \t\t\t\t<\/div>\n\t\t\t\t<\/div>\n\t\t\t\t<div class=\"elementor-element elementor-element-21bfda1 elementor-widget elementor-widget-iiconbox\" data-id=\"21bfda1\" data-element_type=\"widget\" data-widget_type=\"iiconbox.default\">\n\t\t\t\t<div class=\"elementor-widget-container\">\n\t\t\t\t\t\t\t<div class=\"icon-box s1\">\r\n\t\t\t<div class=\"bg-s3\"><\/div>\r\n\t\t\t<div class=\"bg-before\"><\/div>\r\n\t\t\t<div class=\"bg-after\"><\/div>\r\n\t\t\t<div class=\"icon-main\">\r\n\t\t        \t\t\t    \r\n\t\t\t    <img decoding=\"async\" src=\"https:\/\/kmedia.co\/wp-content\/uploads\/2021\/04\/campanas-promocion-medios-digitales.svg\" title=\"Campanhas \u2013 promo\u00e7\u00e3o em m\u00eddia digital\" alt=\"Campa\u00f1as - promoci\u00f3n medios digitales\" loading=\"lazy\" \/>\t\t        \t        <\/div>\r\n\t        <div class=\"content-box\">\r\n\t            <h5 class=\"box-title\">Campanhas publicit\u00e1rias<\/h5>\r\n\t            <p><\/p>\r\n\t        <\/div>\r\n\t        \t\r\n\t    <\/div>\r\n\t    \t\t\t\t<\/div>\n\t\t\t\t<\/div>\n\t\t\t\t<div class=\"elementor-element elementor-element-b030055 elementor-widget elementor-widget-iiconbox\" data-id=\"b030055\" data-element_type=\"widget\" data-widget_type=\"iiconbox.default\">\n\t\t\t\t<div class=\"elementor-widget-container\">\n\t\t\t\t\t\t\t<div class=\"icon-box s1\">\r\n\t\t\t<div class=\"bg-s3\"><\/div>\r\n\t\t\t<div class=\"bg-before\"><\/div>\r\n\t\t\t<div class=\"bg-after\"><\/div>\r\n\t\t\t<div class=\"icon-main\">\r\n\t\t        \t\t\t    \r\n\t\t\t    <img decoding=\"async\" src=\"https:\/\/kmedia.co\/wp-content\/uploads\/2021\/04\/keyword.svg\" title=\"Palavra-chave\" alt=\"Keyword\" loading=\"lazy\" \/>\t\t        \t        <\/div>\r\n\t        <div class=\"content-box\">\r\n\t            <h5 class=\"box-title\">SEO<\/h5>\r\n\t            <p><\/p>\r\n\t        <\/div>\r\n\t        \t\r\n\t    <\/div>\r\n\t    \t\t\t\t<\/div>\n\t\t\t\t<\/div>\n\t\t\t\t\t<\/div>\n\t\t<\/div>\n\t\t\t\t<div class=\"elementor-column elementor-col-33 elementor-inner-column elementor-element elementor-element-b1d2fcf ot-flex-column-vertical\" data-id=\"b1d2fcf\" data-element_type=\"column\">\n\t\t\t<div class=\"elementor-widget-wrap elementor-element-populated\">\n\t\t\t\t\t\t<div class=\"elementor-element elementor-element-5a30a19 elementor-widget elementor-widget-iiconbox\" data-id=\"5a30a19\" data-element_type=\"widget\" data-widget_type=\"iiconbox.default\">\n\t\t\t\t<div class=\"elementor-widget-container\">\n\t\t\t\t\t\t\t<div class=\"icon-box s1\">\r\n\t\t\t<div class=\"bg-s3\"><\/div>\r\n\t\t\t<div class=\"bg-before\"><\/div>\r\n\t\t\t<div class=\"bg-after\"><\/div>\r\n\t\t\t<div class=\"icon-main\">\r\n\t\t        \t\t\t    \r\n\t\t\t    <img decoding=\"async\" src=\"https:\/\/kmedia.co\/wp-content\/uploads\/2023\/10\/resolucion-de-problemas-01.svg\" title=\"resolu\u00e7\u00e3o de problemas-01\" alt=\"resolucion-de-problemas-01\" loading=\"lazy\" \/>\t\t        \t        <\/div>\r\n\t        <div class=\"content-box\">\r\n\t            <h5 class=\"box-title\">Estrat\u00e9gia<\/h5>\r\n\t            <p><\/p>\r\n\t        <\/div>\r\n\t        \t\r\n\t    <\/div>\r\n\t    \t\t\t\t<\/div>\n\t\t\t\t<\/div>\n\t\t\t\t<div class=\"elementor-element elementor-element-5ee28d8 elementor-widget elementor-widget-iiconbox\" data-id=\"5ee28d8\" data-element_type=\"widget\" data-widget_type=\"iiconbox.default\">\n\t\t\t\t<div class=\"elementor-widget-container\">\n\t\t\t\t\t\t\t<div class=\"icon-box s1\">\r\n\t\t\t<div class=\"bg-s3\"><\/div>\r\n\t\t\t<div class=\"bg-before\"><\/div>\r\n\t\t\t<div class=\"bg-after\"><\/div>\r\n\t\t\t<div class=\"icon-main\">\r\n\t\t        \t\t\t    \r\n\t\t\t    <img decoding=\"async\" src=\"https:\/\/kmedia.co\/wp-content\/uploads\/2021\/04\/tiendas-virtuales-optimas-2.svg\" title=\"Lojas virtuais ideais\" alt=\"Tiendas virtuales optimas\" loading=\"lazy\" \/>\t\t        \t        <\/div>\r\n\t        <div class=\"content-box\">\r\n\t            <h5 class=\"box-title\">Sites WordPress - woocommerce<\/h5>\r\n\t            <p><\/p>\r\n\t        <\/div>\r\n\t        \t\r\n\t    <\/div>\r\n\t    \t\t\t\t<\/div>\n\t\t\t\t<\/div>\n\t\t\t\t<div class=\"elementor-element elementor-element-8088582 elementor-widget elementor-widget-iiconbox\" data-id=\"8088582\" data-element_type=\"widget\" data-widget_type=\"iiconbox.default\">\n\t\t\t\t<div class=\"elementor-widget-container\">\n\t\t\t\t\t\t\t<div class=\"icon-box s1\">\r\n\t\t\t<div class=\"bg-s3\"><\/div>\r\n\t\t\t<div class=\"bg-before\"><\/div>\r\n\t\t\t<div class=\"bg-after\"><\/div>\r\n\t\t\t<div class=\"icon-main\">\r\n\t\t        \t\t\t    \r\n\t\t\t    <img decoding=\"async\" src=\"https:\/\/kmedia.co\/wp-content\/uploads\/2021\/04\/optimizacion-canales-digitales.svg\" title=\"Otimiza\u00e7\u00e3o de canais digitais\" alt=\"Optimizaci\u00f3n de canales digitales\" loading=\"lazy\" \/>\t\t        \t        <\/div>\r\n\t        <div class=\"content-box\">\r\n\t            <h5 class=\"box-title\">Marketing <\/br>de conte\u00fado<\/h5>\r\n\t            <p><\/p>\r\n\t        <\/div>\r\n\t        \t\r\n\t    <\/div>\r\n\t    \t\t\t\t<\/div>\n\t\t\t\t<\/div>\n\t\t\t\t<div class=\"elementor-element elementor-element-b1262f1 elementor-widget elementor-widget-iiconbox\" data-id=\"b1262f1\" data-element_type=\"widget\" data-widget_type=\"iiconbox.default\">\n\t\t\t\t<div class=\"elementor-widget-container\">\n\t\t\t\t\t\t\t<div class=\"icon-box s1\">\r\n\t\t\t<div class=\"bg-s3\"><\/div>\r\n\t\t\t<div class=\"bg-before\"><\/div>\r\n\t\t\t<div class=\"bg-after\"><\/div>\r\n\t\t\t<div class=\"icon-main\">\r\n\t\t        \t\t\t    \r\n\t\t\t    <img decoding=\"async\" src=\"https:\/\/kmedia.co\/wp-content\/uploads\/2021\/04\/creatividad.svg\" title=\"Criatividade\" alt=\"Creatividad\" loading=\"lazy\" \/>\t\t        \t        <\/div>\r\n\t        <div class=\"content-box\">\r\n\t            <h5 class=\"box-title\">Produ\u00e7\u00e3o <\/br>de conte\u00fado<\/h5>\r\n\t            <p><\/p>\r\n\t        <\/div>\r\n\t        \t\r\n\t    <\/div>\r\n\t    \t\t\t\t<\/div>\n\t\t\t\t<\/div>\n\t\t\t\t\t<\/div>\n\t\t<\/div>\n\t\t\t\t\t<\/div>\n\t\t<\/section>\n\t\t\t\t\t<\/div>\n\t\t<\/div>\n\t\t\t\t\t<\/div>\n\t\t<\/section>\n\t\t\t\t<section class=\"elementor-section elementor-top-section elementor-element elementor-element-d64ff58 elementor-section-boxed elementor-section-height-default elementor-section-height-default\" data-id=\"d64ff58\" data-element_type=\"section\" data-settings=\"{&quot;background_background&quot;:&quot;classic&quot;}\">\n\t\t\t\t\t\t<div class=\"elementor-container elementor-column-gap-extended\">\n\t\t\t\t\t<div class=\"elementor-column elementor-col-100 elementor-top-column elementor-element elementor-element-25a05bc ot-flex-column-vertical\" data-id=\"25a05bc\" data-element_type=\"column\">\n\t\t\t<div class=\"elementor-widget-wrap elementor-element-populated\">\n\t\t\t\t\t\t<section class=\"elementor-section elementor-inner-section elementor-element elementor-element-f239e54 elementor-section-full_width elementor-section-height-default elementor-section-height-default\" data-id=\"f239e54\" data-element_type=\"section\">\n\t\t\t\t\t\t<div class=\"elementor-container elementor-column-gap-default\">\n\t\t\t\t\t<div class=\"elementor-column elementor-col-100 elementor-inner-column elementor-element elementor-element-4ea04e8 ot-flex-column-vertical\" data-id=\"4ea04e8\" data-element_type=\"column\">\n\t\t\t<div class=\"elementor-widget-wrap elementor-element-populated\">\n\t\t\t\t\t\t<section class=\"elementor-section elementor-inner-section elementor-element elementor-element-400801f elementor-section-full_width elementor-section-height-default elementor-section-height-default\" data-id=\"400801f\" data-element_type=\"section\" data-settings=\"{&quot;background_background&quot;:&quot;classic&quot;}\">\n\t\t\t\t\t\t<div class=\"elementor-container elementor-column-gap-default\">\n\t\t\t\t\t<div class=\"elementor-column elementor-col-100 elementor-inner-column elementor-element elementor-element-921b053 ot-flex-column-vertical\" data-id=\"921b053\" data-element_type=\"column\">\n\t\t\t<div class=\"elementor-widget-wrap elementor-element-populated\">\n\t\t\t\t\t\t<div class=\"elementor-element elementor-element-6c318f7 elementor-widget elementor-widget-heading\" data-id=\"6c318f7\" data-element_type=\"widget\" data-widget_type=\"heading.default\">\n\t\t\t\t<div class=\"elementor-widget-container\">\n\t\t\t\t\t<h2 class=\"elementor-heading-title elementor-size-default\">Voc\u00ea quer mais informa\u00e7\u00f5es sobre <\/br>do Nosso Servi\u00e7o<\/h2>\t\t\t\t<\/div>\n\t\t\t\t<\/div>\n\t\t\t\t<div class=\"elementor-element elementor-element-bc5aa5b elementor-tablet-align-center elementor-align-center elementor-widget elementor-widget-ibutton\" data-id=\"bc5aa5b\" data-element_type=\"widget\" data-widget_type=\"ibutton.default\">\n\t\t\t\t<div class=\"elementor-widget-container\">\n\t\t\t\t\t\t\t<div class=\"ot-button\">\r\n\t\t\t<a href=\"https:\/\/kmedia.co\/pt\/landing\/\" class=\"octf-btn octf-btn-primary octf-btn-icon\"><span>Vamos come\u00e7ar aqui<i class=\"flaticon-right-arrow-1\"><\/i><\/span> \r\n\t\t\t\t\t\t\t<\/a>\r\n\t    <\/div>\r\n\t    \t\t\t\t<\/div>\n\t\t\t\t<\/div>\n\t\t\t\t\t<\/div>\n\t\t<\/div>\n\t\t\t\t\t<\/div>\n\t\t<\/section>\n\t\t\t\t\t<\/div>\n\t\t<\/div>\n\t\t\t\t\t<\/div>\n\t\t<\/section>\n\t\t\t\t\t<\/div>\n\t\t<\/div>\n\t\t\t\t\t<\/div>\n\t\t<\/section>\n\t\t\t\t<\/div>","protected":false},"excerpt":{"rendered":"<p>Solu\u00e7\u00f5es de Consultoria para Canais Digitais Quando voc\u00ea tiver d\u00favidas sobre como solucionar problemas com seus canais digitais, sejam eles t\u00e9cnicos, estrat\u00e9gicos, relacionados ao alcance do seu p\u00fablico, \u00e0 mensura\u00e7\u00e3o de resultados ou a muitos outros aspectos da gest\u00e3o digital da sua empresa, voc\u00ea precisa de uma solu\u00e7\u00e3o confi\u00e1vel e \u00e1gil. Nossa equipe de especialistas [\u2026]<\/p>","protected":false},"author":1,"featured_media":0,"parent":0,"menu_order":0,"comment_status":"closed","ping_status":"closed","template":"","meta":{"_eb_attr":"","footnotes":""},"class_list":["post-7688","page","type-page","status-publish","hentry"],"yoast_head":"<!-- This site is optimized with the Yoast SEO plugin v26.5 - https:\/\/yoast.com\/wordpress\/plugins\/seo\/ -->\n<title>Consultor\u00eda de Canales Digitales - kmedia<\/title>\n<meta name=\"description\" content=\"Asesoria en sesiones virtuales o presenciales cuando su empresa necesite una soluci\u00f3n confiable y oportuna para alg\u00fan canal digital.\" \/>\n<meta name=\"robots\" content=\"index, follow, max-snippet:-1, max-image-preview:large, max-video-preview:-1\" \/>\n<link rel=\"canonical\" href=\"https:\/\/kmedia.co\/pt\/consultoria-de-canales-digitales-por-demanda\/\" \/>\n<meta property=\"og:locale\" content=\"pt_BR\" \/>\n<meta property=\"og:type\" content=\"article\" \/>\n<meta property=\"og:title\" content=\"Consultor\u00eda de Canales Digitales - kmedia\" \/>\n<meta property=\"og:description\" content=\"Asesoria en sesiones virtuales o presenciales cuando su empresa necesite una soluci\u00f3n confiable y oportuna para alg\u00fan canal digital.\" \/>\n<meta property=\"og:url\" content=\"https:\/\/kmedia.co\/pt\/consultoria-de-canales-digitales-por-demanda\/\" \/>\n<meta property=\"og:site_name\" content=\"kmedia\" \/>\n<meta property=\"og:image\" content=\"https:\/\/kmedia.co\/wp-content\/uploads\/2023\/10\/digital-transformation-01.svg\" \/>\n<meta name=\"twitter:card\" content=\"summary_large_image\" \/>\n<meta name=\"twitter:label1\" content=\"Est. tempo de leitura\" \/>\n\t<meta name=\"twitter:data1\" content=\"3 minutos\" \/>\n<script type=\"application\/ld+json\" class=\"yoast-schema-graph\">{\"@context\":\"https:\/\/schema.org\",\"@graph\":[{\"@type\":\"WebPage\",\"@id\":\"https:\/\/kmedia.co\/consultoria-de-canales-digitales-por-demanda\/\",\"url\":\"https:\/\/kmedia.co\/consultoria-de-canales-digitales-por-demanda\/\",\"name\":\"Consultor\u00eda de Canales Digitales - kmedia\",\"isPartOf\":{\"@id\":\"https:\/\/kmedia.co\/#website\"},\"primaryImageOfPage\":{\"@id\":\"https:\/\/kmedia.co\/consultoria-de-canales-digitales-por-demanda\/#primaryimage\"},\"image\":{\"@id\":\"https:\/\/kmedia.co\/consultoria-de-canales-digitales-por-demanda\/#primaryimage\"},\"thumbnailUrl\":\"https:\/\/kmedia.co\/wp-content\/uploads\/2023\/10\/digital-transformation-01.svg\",\"datePublished\":\"2021-04-23T19:04:55+00:00\",\"description\":\"Asesoria en sesiones virtuales o presenciales cuando su empresa necesite una soluci\u00f3n confiable y oportuna para alg\u00fan canal digital.\",\"breadcrumb\":{\"@id\":\"https:\/\/kmedia.co\/consultoria-de-canales-digitales-por-demanda\/#breadcrumb\"},\"inLanguage\":\"pt-BR\",\"potentialAction\":[{\"@type\":\"ReadAction\",\"target\":[\"https:\/\/kmedia.co\/consultoria-de-canales-digitales-por-demanda\/\"]}]},{\"@type\":\"ImageObject\",\"inLanguage\":\"pt-BR\",\"@id\":\"https:\/\/kmedia.co\/consultoria-de-canales-digitales-por-demanda\/#primaryimage\",\"url\":\"https:\/\/kmedia.co\/wp-content\/uploads\/2023\/10\/digital-transformation-01.svg\",\"contentUrl\":\"https:\/\/kmedia.co\/wp-content\/uploads\/2023\/10\/digital-transformation-01.svg\"},{\"@type\":\"BreadcrumbList\",\"@id\":\"https:\/\/kmedia.co\/consultoria-de-canales-digitales-por-demanda\/#breadcrumb\",\"itemListElement\":[{\"@type\":\"ListItem\",\"position\":1,\"name\":\"Home\",\"item\":\"https:\/\/kmedia.co\/\"},{\"@type\":\"ListItem\",\"position\":2,\"name\":\"Consultor\u00eda de Canales Digitales\"}]},{\"@type\":\"WebSite\",\"@id\":\"https:\/\/kmedia.co\/#website\",\"url\":\"https:\/\/kmedia.co\/\",\"name\":\"kmedia\",\"description\":\"Planee y desarrolle su  estrategia digital con KMEDIA. PBX :702 2000\",\"potentialAction\":[{\"@type\":\"SearchAction\",\"target\":{\"@type\":\"EntryPoint\",\"urlTemplate\":\"https:\/\/kmedia.co\/?s={search_term_string}\"},\"query-input\":{\"@type\":\"PropertyValueSpecification\",\"valueRequired\":true,\"valueName\":\"search_term_string\"}}],\"inLanguage\":\"pt-BR\"}]}<\/script>\n<!-- \/ Yoast SEO plugin. -->","yoast_head_json":{"title":"Consultoria em Canais Digitais - kmia","description":"Servi\u00e7os de consultoria em sess\u00f5es virtuais ou presenciais, quando sua empresa precisa de uma solu\u00e7\u00e3o confi\u00e1vel e \u00e1gil para qualquer canal digital.","robots":{"index":"index","follow":"follow","max-snippet":"max-snippet:-1","max-image-preview":"max-image-preview:large","max-video-preview":"max-video-preview:-1"},"canonical":"https:\/\/kmedia.co\/pt\/consultoria-de-canales-digitales-por-demanda\/","og_locale":"pt_BR","og_type":"article","og_title":"Consultor\u00eda de Canales Digitales - kmedia","og_description":"Asesoria en sesiones virtuales o presenciales cuando su empresa necesite una soluci\u00f3n confiable y oportuna para alg\u00fan canal digital.","og_url":"https:\/\/kmedia.co\/pt\/consultoria-de-canales-digitales-por-demanda\/","og_site_name":"kmedia","og_image":[{"url":"https:\/\/kmedia.co\/wp-content\/uploads\/2023\/10\/digital-transformation-01.svg","type":"","width":"","height":""}],"twitter_card":"summary_large_image","twitter_misc":{"Est. tempo de leitura":"3 minutos"},"schema":{"@context":"https:\/\/schema.org","@graph":[{"@type":"WebPage","@id":"https:\/\/kmedia.co\/consultoria-de-canales-digitales-por-demanda\/","url":"https:\/\/kmedia.co\/consultoria-de-canales-digitales-por-demanda\/","name":"Consultoria em Canais Digitais - kmia","isPartOf":{"@id":"https:\/\/kmedia.co\/#website"},"primaryImageOfPage":{"@id":"https:\/\/kmedia.co\/consultoria-de-canales-digitales-por-demanda\/#primaryimage"},"image":{"@id":"https:\/\/kmedia.co\/consultoria-de-canales-digitales-por-demanda\/#primaryimage"},"thumbnailUrl":"https:\/\/kmedia.co\/wp-content\/uploads\/2023\/10\/digital-transformation-01.svg","datePublished":"2021-04-23T19:04:55+00:00","description":"Servi\u00e7os de consultoria em sess\u00f5es virtuais ou presenciais, quando sua empresa precisa de uma solu\u00e7\u00e3o confi\u00e1vel e \u00e1gil para qualquer canal digital.","breadcrumb":{"@id":"https:\/\/kmedia.co\/consultoria-de-canales-digitales-por-demanda\/#breadcrumb"},"inLanguage":"pt-BR","potentialAction":[{"@type":"ReadAction","target":["https:\/\/kmedia.co\/consultoria-de-canales-digitales-por-demanda\/"]}]},{"@type":"ImageObject","inLanguage":"pt-BR","@id":"https:\/\/kmedia.co\/consultoria-de-canales-digitales-por-demanda\/#primaryimage","url":"https:\/\/kmedia.co\/wp-content\/uploads\/2023\/10\/digital-transformation-01.svg","contentUrl":"https:\/\/kmedia.co\/wp-content\/uploads\/2023\/10\/digital-transformation-01.svg"},{"@type":"BreadcrumbList","@id":"https:\/\/kmedia.co\/consultoria-de-canales-digitales-por-demanda\/#breadcrumb","itemListElement":[{"@type":"ListItem","position":1,"name":"Home","item":"https:\/\/kmedia.co\/"},{"@type":"ListItem","position":2,"name":"Consultor\u00eda de Canales Digitales"}]},{"@type":"WebSite","@id":"https:\/\/kmedia.co\/#website","url":"https:\/\/kmedia.co\/","name":"kmedia","description":"Planeje e desenvolva sua estrat\u00e9gia digital com a KMEDIA. PABX: 702 2000","potentialAction":[{"@type":"SearchAction","target":{"@type":"EntryPoint","urlTemplate":"https:\/\/kmedia.co\/?s={search_term_string}"},"query-input":{"@type":"PropertyValueSpecification","valueRequired":true,"valueName":"search_term_string"}}],"inLanguage":"pt-BR"}]}},"_links":{"self":[{"href":"https:\/\/kmedia.co\/pt\/wp-json\/wp\/v2\/pages\/7688","targetHints":{"allow":["GET"]}}],"collection":[{"href":"https:\/\/kmedia.co\/pt\/wp-json\/wp\/v2\/pages"}],"about":[{"href":"https:\/\/kmedia.co\/pt\/wp-json\/wp\/v2\/types\/page"}],"author":[{"embeddable":true,"href":"https:\/\/kmedia.co\/pt\/wp-json\/wp\/v2\/users\/1"}],"replies":[{"embeddable":true,"href":"https:\/\/kmedia.co\/pt\/wp-json\/wp\/v2\/comments?post=7688"}],"version-history":[{"count":0,"href":"https:\/\/kmedia.co\/pt\/wp-json\/wp\/v2\/pages\/7688\/revisions"}],"wp:attachment":[{"href":"https:\/\/kmedia.co\/pt\/wp-json\/wp\/v2\/media?parent=7688"}],"curies":[{"name":"wp","href":"https:\/\/api.w.org\/{rel}","templated":true}]}}