{"id":8773,"date":"2021-06-15T10:07:37","date_gmt":"2021-06-15T15:07:37","guid":{"rendered":"https:\/\/kmedia.co\/?page_id=8773"},"modified":"2021-06-15T10:07:37","modified_gmt":"2021-06-15T15:07:37","slug":"servicios","status":"publish","type":"page","link":"https:\/\/kmedia.co\/pt\/servicios\/","title":{"rendered":"Servi\u00e7os"},"content":{"rendered":"<div data-elementor-type=\"wp-page\" data-elementor-id=\"8773\" class=\"elementor elementor-8773\" data-elementor-post-type=\"page\">\n\t\t\t\t\t\t<section class=\"elementor-section elementor-top-section elementor-element elementor-element-c206be1 elementor-section-boxed elementor-section-height-default elementor-section-height-default\" data-id=\"c206be1\" data-element_type=\"section\" data-settings=\"{&quot;background_background&quot;:&quot;classic&quot;}\">\n\t\t\t\t\t\t<div class=\"elementor-container elementor-column-gap-default\">\n\t\t\t\t\t<div class=\"elementor-column elementor-col-100 elementor-top-column elementor-element elementor-element-2db4aa7 ot-flex-column-vertical\" data-id=\"2db4aa7\" data-element_type=\"column\">\n\t\t\t<div class=\"elementor-widget-wrap elementor-element-populated\">\n\t\t\t\t\t\t<div class=\"elementor-element elementor-element-4f9b6b4 elementor-widget elementor-widget-iheading\" data-id=\"4f9b6b4\" data-element_type=\"widget\" data-widget_type=\"iheading.default\">\n\t\t\t\t<div class=\"elementor-widget-container\">\n\t\t\t\t\t\t\t<div class=\"ot-heading center-align\">\r\n\t\t\t\r\n\t\t\t\t\r\n\r\n\t        \t            <h6 class=\"sub-heading\"><span>servi\u00e7os<\/span><\/h6>\r\n\t         \r\n\r\n\t        \t        \t<h2 class=\"main-heading\">N\u00f3s preparamos sua empresa <br>\npara a Era Digital<\/h2>\r\n\t        \t    <\/div>\r\n\t    \t\t\t\t<\/div>\n\t\t\t\t<\/div>\n\t\t\t\t<section class=\"elementor-section elementor-inner-section elementor-element elementor-element-4b32be5 elementor-section-full_width elementor-section-height-default elementor-section-height-default\" data-id=\"4b32be5\" data-element_type=\"section\">\n\t\t\t\t\t\t<div class=\"elementor-container elementor-column-gap-extended\">\n\t\t\t\t\t<div class=\"elementor-column elementor-col-33 elementor-inner-column elementor-element elementor-element-8f16931 ot-flex-column-vertical\" data-id=\"8f16931\" data-element_type=\"column\">\n\t\t\t<div class=\"elementor-widget-wrap elementor-element-populated\">\n\t\t\t\t\t\t<div class=\"elementor-element elementor-element-ceea0a1 elementor-widget elementor-widget-iiconbox\" data-id=\"ceea0a1\" data-element_type=\"widget\" data-widget_type=\"iiconbox.default\">\n\t\t\t\t<div class=\"elementor-widget-container\">\n\t\t\t\t\t\t\t<div class=\"icon-box s3 box-hover-gradient\">\r\n\t\t\t<div class=\"bg-s3\"><\/div>\r\n\t\t\t<div class=\"bg-before\"><\/div>\r\n\t\t\t<div class=\"bg-after\"><\/div>\r\n\t\t\t<div class=\"icon-main\">\r\n\t\t        \t\t\t    \r\n\t\t\t    <img decoding=\"async\" src=\"https:\/\/kmedia.co\/wp-content\/uploads\/2021\/04\/estrategia-digital.png\" title=\"Estrat\u00e9gia Digital\" alt=\"Estrategia Digital\" loading=\"lazy\" \/>\t\t        \t        <\/div>\r\n\t        <div class=\"content-box\">\r\n\t            <h5 class=\"box-title\"><a href=\"https:\/\/kmedia.co\/pt\/estrategia-digital\/\">Estrat\u00e9gia Digital<\/a><\/h5>\r\n\t            <p>Apoiamos as equipes de marketing e vendas dos nossos clientes na execu\u00e7\u00e3o de seus planos de marketing digital por meio do modelo de inbound marketing.\n<\/p>\r\n\t        <\/div>\r\n\t                \t<div class=\"action-box\">\r\n        \t\t<a href=\"https:\/\/kmedia.co\/pt\/estrategia-digital\/\" class=\"octf-btn octf-btn-icon octf-btn-white\">Saber mais<i class=\"flaticon-right-arrow-1\"><\/i><\/a>\r\n        \t<\/div>\r\n\t        \t\r\n\t    <\/div>\r\n\t    \t\t\t\t<\/div>\n\t\t\t\t<\/div>\n\t\t\t\t\t<\/div>\n\t\t<\/div>\n\t\t\t\t<div class=\"elementor-column elementor-col-33 elementor-inner-column elementor-element elementor-element-76ae4a6 ot-flex-column-vertical\" data-id=\"76ae4a6\" data-element_type=\"column\">\n\t\t\t<div class=\"elementor-widget-wrap elementor-element-populated\">\n\t\t\t\t\t\t<div class=\"elementor-element elementor-element-cf3632e elementor-widget elementor-widget-iiconbox\" data-id=\"cf3632e\" data-element_type=\"widget\" data-widget_type=\"iiconbox.default\">\n\t\t\t\t<div class=\"elementor-widget-container\">\n\t\t\t\t\t\t\t<div class=\"icon-box s3 box-hover-gradient\">\r\n\t\t\t<div class=\"bg-s3\"><\/div>\r\n\t\t\t<div class=\"bg-before\"><\/div>\r\n\t\t\t<div class=\"bg-after\"><\/div>\r\n\t\t\t<div class=\"icon-main\">\r\n\t\t        \t\t\t    \r\n\t\t\t    <img decoding=\"async\" src=\"https:\/\/kmedia.co\/wp-content\/uploads\/2021\/06\/icono-social-media-creacion-contenido.png\" title=\"cria\u00e7\u00e3o de conte\u00fado para \u00edcones de m\u00eddia social\" alt=\"icono-social-media-creacion-contenido\" loading=\"lazy\" \/>\t\t        \t        <\/div>\r\n\t        <div class=\"content-box\">\r\n\t            <h5 class=\"box-title\"><a href=\"https:\/\/kmedia.co\/pt\/social-media-y-produccion-de-contenido\/\">M\u00eddias Sociais e Produ\u00e7\u00e3o de Conte\u00fado<\/a><\/h5>\r\n\t            <p>Melhores pr\u00e1ticas de marketing de m\u00eddia social para suas necessidades de SMO (otimiza\u00e7\u00e3o de m\u00eddia social)\n<\/p>\r\n\t        <\/div>\r\n\t                \t<div class=\"action-box\">\r\n        \t\t<a href=\"https:\/\/kmedia.co\/pt\/social-media-y-produccion-de-contenido\/\" class=\"octf-btn octf-btn-icon octf-btn-white\">Saber mais<i class=\"flaticon-right-arrow-1\"><\/i><\/a>\r\n        \t<\/div>\r\n\t        \t\r\n\t    <\/div>\r\n\t    \t\t\t\t<\/div>\n\t\t\t\t<\/div>\n\t\t\t\t\t<\/div>\n\t\t<\/div>\n\t\t\t\t<div class=\"elementor-column elementor-col-33 elementor-inner-column elementor-element elementor-element-de94e0c ot-flex-column-vertical\" data-id=\"de94e0c\" data-element_type=\"column\">\n\t\t\t<div class=\"elementor-widget-wrap elementor-element-populated\">\n\t\t\t\t\t\t<div class=\"elementor-element elementor-element-b517dd4 elementor-widget elementor-widget-iiconbox\" data-id=\"b517dd4\" data-element_type=\"widget\" data-widget_type=\"iiconbox.default\">\n\t\t\t\t<div class=\"elementor-widget-container\">\n\t\t\t\t\t\t\t<div class=\"icon-box s3 box-hover-gradient\">\r\n\t\t\t<div class=\"bg-s3\"><\/div>\r\n\t\t\t<div class=\"bg-before\"><\/div>\r\n\t\t\t<div class=\"bg-after\"><\/div>\r\n\t\t\t<div class=\"icon-main\">\r\n\t\t        \t\t\t    \r\n\t\t\t    <img decoding=\"async\" src=\"https:\/\/kmedia.co\/wp-content\/uploads\/2021\/03\/icon-desarrollo-web-1.png\" title=\"Desenvolvimento web\" alt=\"Desarrollo web\" loading=\"lazy\" \/>\t\t        \t        <\/div>\r\n\t        <div class=\"content-box\">\r\n\t            <h5 class=\"box-title\"><a href=\"https:\/\/kmedia.co\/pt\/desarrollo-web-seo-y-hosting\/\">Desenvolvimento Web, SEO e Hospedagem<\/a><\/h5>\r\n\t            <p>Sites para gera\u00e7\u00e3o de leads, sites corporativos, e-commerce, plataformas gerenci\u00e1veis.\n<\/p>\r\n\t        <\/div>\r\n\t                \t<div class=\"action-box\">\r\n        \t\t<a href=\"https:\/\/kmedia.co\/pt\/desarrollo-web-seo-y-hosting\/\" class=\"octf-btn octf-btn-icon octf-btn-white\">Saber mais<i class=\"flaticon-right-arrow-1\"><\/i><\/a>\r\n        \t<\/div>\r\n\t        \t\r\n\t    <\/div>\r\n\t    \t\t\t\t<\/div>\n\t\t\t\t<\/div>\n\t\t\t\t\t<\/div>\n\t\t<\/div>\n\t\t\t\t\t<\/div>\n\t\t<\/section>\n\t\t\t\t<section class=\"elementor-section elementor-inner-section elementor-element elementor-element-65fdb06 elementor-section-full_width elementor-section-height-default elementor-section-height-default\" data-id=\"65fdb06\" data-element_type=\"section\">\n\t\t\t\t\t\t<div class=\"elementor-container elementor-column-gap-extended\">\n\t\t\t\t\t<div class=\"elementor-column elementor-col-33 elementor-inner-column elementor-element elementor-element-7f18f49 ot-flex-column-vertical\" data-id=\"7f18f49\" data-element_type=\"column\">\n\t\t\t<div class=\"elementor-widget-wrap elementor-element-populated\">\n\t\t\t\t\t\t<div class=\"elementor-element elementor-element-43a0f32 elementor-widget elementor-widget-iiconbox\" data-id=\"43a0f32\" data-element_type=\"widget\" data-widget_type=\"iiconbox.default\">\n\t\t\t\t<div class=\"elementor-widget-container\">\n\t\t\t\t\t\t\t<div class=\"icon-box s3 box-hover-gradient\">\r\n\t\t\t<div class=\"bg-s3\"><\/div>\r\n\t\t\t<div class=\"bg-before\"><\/div>\r\n\t\t\t<div class=\"bg-after\"><\/div>\r\n\t\t\t<div class=\"icon-main\">\r\n\t\t        \t\t\t    \r\n\t\t\t    <img decoding=\"async\" src=\"https:\/\/kmedia.co\/wp-content\/uploads\/2021\/06\/icono-creatividad-diseno.png\" title=\"\u00edcone-criatividade-design\" alt=\"icono-creatividad-diseno\" loading=\"lazy\" \/>\t\t        \t        <\/div>\r\n\t        <div class=\"content-box\">\r\n\t            <h5 class=\"box-title\"><a href=\"https:\/\/kmedia.co\/pt\/creatividad-y-diseno\/\">Criatividade e Design<\/a><\/h5>\r\n\t            <p>Campanhas e pe\u00e7as publicit\u00e1rias para todos os seus canais. Integramos tudo isso \u00e0s suas campanhas para garantir a efic\u00e1cia do seu planejamento estrat\u00e9gico.\n\n<\/p>\r\n\t        <\/div>\r\n\t                \t<div class=\"action-box\">\r\n        \t\t<a href=\"https:\/\/kmedia.co\/pt\/creatividad-y-diseno\/\" class=\"octf-btn octf-btn-icon octf-btn-white\">Saber mais<i class=\"flaticon-right-arrow-1\"><\/i><\/a>\r\n        \t<\/div>\r\n\t        \t\r\n\t    <\/div>\r\n\t    \t\t\t\t<\/div>\n\t\t\t\t<\/div>\n\t\t\t\t\t<\/div>\n\t\t<\/div>\n\t\t\t\t<div class=\"elementor-column elementor-col-33 elementor-inner-column elementor-element elementor-element-ca3d868 ot-flex-column-vertical\" data-id=\"ca3d868\" data-element_type=\"column\">\n\t\t\t<div class=\"elementor-widget-wrap elementor-element-populated\">\n\t\t\t\t\t\t<div class=\"elementor-element elementor-element-00fdc8a elementor-widget elementor-widget-iiconbox\" data-id=\"00fdc8a\" data-element_type=\"widget\" data-widget_type=\"iiconbox.default\">\n\t\t\t\t<div class=\"elementor-widget-container\">\n\t\t\t\t\t\t\t<div class=\"icon-box s3 box-hover-gradient\">\r\n\t\t\t<div class=\"bg-s3\"><\/div>\r\n\t\t\t<div class=\"bg-before\"><\/div>\r\n\t\t\t<div class=\"bg-after\"><\/div>\r\n\t\t\t<div class=\"icon-main\">\r\n\t\t        \t\t\t    \r\n\t\t\t    <img decoding=\"async\" src=\"https:\/\/kmedia.co\/wp-content\/uploads\/2021\/04\/e-mail-marketing-envio-1.png\" title=\"Marketing por e-mail enviado\" alt=\"email marketing\" loading=\"lazy\" \/>\t\t        \t        <\/div>\r\n\t        <div class=\"content-box\">\r\n\t            <h5 class=\"box-title\"><a href=\"https:\/\/kmedia.co\/pt\/campanas-de-pauta-en-medios-digitales\/\">Campanhas publicit\u00e1rias em m\u00eddia digital<\/a><\/h5>\r\n\t            <p>Como parte do nosso trabalho, temos uma equipe criativa capaz de criar campanhas eficazes de publicidade paga por clique em mecanismos de busca que direcionam tr\u00e1fego qualificado para sites.\n<\/p>\r\n\t        <\/div>\r\n\t                \t<div class=\"action-box\">\r\n        \t\t<a href=\"https:\/\/kmedia.co\/pt\/campanas-de-pauta-en-medios-digitales\/\" class=\"octf-btn octf-btn-icon octf-btn-white\">Saber mais<i class=\"flaticon-right-arrow-1\"><\/i><\/a>\r\n        \t<\/div>\r\n\t        \t\r\n\t    <\/div>\r\n\t    \t\t\t\t<\/div>\n\t\t\t\t<\/div>\n\t\t\t\t\t<\/div>\n\t\t<\/div>\n\t\t\t\t<div class=\"elementor-column elementor-col-33 elementor-inner-column elementor-element elementor-element-1d2b381 ot-flex-column-vertical\" data-id=\"1d2b381\" data-element_type=\"column\">\n\t\t\t<div class=\"elementor-widget-wrap elementor-element-populated\">\n\t\t\t\t\t\t<div class=\"elementor-element elementor-element-daf0f1c elementor-widget elementor-widget-iiconbox\" data-id=\"daf0f1c\" data-element_type=\"widget\" data-widget_type=\"iiconbox.default\">\n\t\t\t\t<div class=\"elementor-widget-container\">\n\t\t\t\t\t\t\t<div class=\"icon-box s3 box-hover-gradient\">\r\n\t\t\t<div class=\"bg-s3\"><\/div>\r\n\t\t\t<div class=\"bg-before\"><\/div>\r\n\t\t\t<div class=\"bg-after\"><\/div>\r\n\t\t\t<div class=\"icon-main\">\r\n\t\t        \t\t\t    \r\n\t\t\t    <img decoding=\"async\" src=\"https:\/\/kmedia.co\/wp-content\/uploads\/2021\/04\/icon-entrenamiento-equipos-de-trabajo.png\" title=\"Treinamento de equipes de trabalho\" alt=\"Entrenamiento equipos de trabajo\" loading=\"lazy\" \/>\t\t        \t        <\/div>\r\n\t        <div class=\"content-box\">\r\n\t            <h5 class=\"box-title\"><a href=\"https:\/\/kmedia.co\/pt\/transformacion-digital\/\">Transforma\u00e7\u00e3o Digital<\/a><\/h5>\r\n\t            <p>Um modelo de abordagem que contempla todas as dimens\u00f5es corporativas e que ir\u00e1 melhorar gradativamente a experi\u00eancia do usu\u00e1rio em todos os espa\u00e7os virtuais.\n<\/p>\r\n\t        <\/div>\r\n\t                \t<div class=\"action-box\">\r\n        \t\t<a href=\"https:\/\/kmedia.co\/pt\/transformacion-digital\/\" class=\"octf-btn octf-btn-icon octf-btn-white\">Saber mais<i class=\"flaticon-right-arrow-1\"><\/i><\/a>\r\n        \t<\/div>\r\n\t        \t\r\n\t    <\/div>\r\n\t    \t\t\t\t<\/div>\n\t\t\t\t<\/div>\n\t\t\t\t\t<\/div>\n\t\t<\/div>\n\t\t\t\t\t<\/div>\n\t\t<\/section>\n\t\t\t\t\t<\/div>\n\t\t<\/div>\n\t\t\t\t\t<\/div>\n\t\t<\/section>\n\t\t\t\t<section class=\"elementor-section elementor-top-section elementor-element elementor-element-f2dd5f7 elementor-section-boxed elementor-section-height-default elementor-section-height-default\" data-id=\"f2dd5f7\" data-element_type=\"section\" data-settings=\"{&quot;background_background&quot;:&quot;classic&quot;}\">\n\t\t\t\t\t\t<div class=\"elementor-container elementor-column-gap-extended\">\n\t\t\t\t\t<div class=\"elementor-column elementor-col-100 elementor-top-column elementor-element elementor-element-de1eb32 ot-flex-column-vertical\" data-id=\"de1eb32\" data-element_type=\"column\">\n\t\t\t<div class=\"elementor-widget-wrap elementor-element-populated\">\n\t\t\t\t\t\t<section class=\"elementor-section elementor-inner-section elementor-element elementor-element-4e78083 elementor-section-full_width elementor-section-height-default elementor-section-height-default\" data-id=\"4e78083\" data-element_type=\"section\">\n\t\t\t\t\t\t<div class=\"elementor-container elementor-column-gap-default\">\n\t\t\t\t\t<div class=\"elementor-column elementor-col-100 elementor-inner-column elementor-element elementor-element-0633418 ot-flex-column-vertical\" data-id=\"0633418\" data-element_type=\"column\">\n\t\t\t<div class=\"elementor-widget-wrap elementor-element-populated\">\n\t\t\t\t\t\t<section class=\"elementor-section elementor-inner-section elementor-element elementor-element-477e9a1 elementor-section-full_width elementor-section-height-default elementor-section-height-default\" data-id=\"477e9a1\" data-element_type=\"section\" data-settings=\"{&quot;background_background&quot;:&quot;classic&quot;}\">\n\t\t\t\t\t\t<div class=\"elementor-container elementor-column-gap-default\">\n\t\t\t\t\t<div class=\"elementor-column elementor-col-100 elementor-inner-column elementor-element elementor-element-618b244 ot-flex-column-vertical\" data-id=\"618b244\" data-element_type=\"column\">\n\t\t\t<div class=\"elementor-widget-wrap elementor-element-populated\">\n\t\t\t\t\t\t<div class=\"elementor-element elementor-element-5f736b7 elementor-widget elementor-widget-heading\" data-id=\"5f736b7\" data-element_type=\"widget\" data-widget_type=\"heading.default\">\n\t\t\t\t<div class=\"elementor-widget-container\">\n\t\t\t\t\t<h2 class=\"elementor-heading-title elementor-size-default\">Voc\u00ea quer mais informa\u00e7\u00f5es sobre<\/h2>\t\t\t\t<\/div>\n\t\t\t\t<\/div>\n\t\t\t\t<div class=\"elementor-element elementor-element-e70d208 elementor-widget elementor-widget-heading\" data-id=\"e70d208\" data-element_type=\"widget\" data-widget_type=\"heading.default\">\n\t\t\t\t<div class=\"elementor-widget-container\">\n\t\t\t\t\t<h2 class=\"elementor-heading-title elementor-size-default\">Nossos servi\u00e7os?<\/h2>\t\t\t\t<\/div>\n\t\t\t\t<\/div>\n\t\t\t\t<div class=\"elementor-element elementor-element-ab61bdd elementor-tablet-align-center elementor-align-center elementor-widget elementor-widget-ibutton\" data-id=\"ab61bdd\" data-element_type=\"widget\" data-widget_type=\"ibutton.default\">\n\t\t\t\t<div class=\"elementor-widget-container\">\n\t\t\t\t\t\t\t<div class=\"ot-button\">\r\n\t\t\t<a href=\"https:\/\/kmedia.co\/pt\/landing\/\" class=\"octf-btn octf-btn-primary octf-btn-icon\"><span>Vamos come\u00e7ar aqui<i class=\"flaticon-right-arrow-1\"><\/i><\/span> \r\n\t\t\t\t\t\t\t<\/a>\r\n\t    <\/div>\r\n\t    \t\t\t\t<\/div>\n\t\t\t\t<\/div>\n\t\t\t\t\t<\/div>\n\t\t<\/div>\n\t\t\t\t\t<\/div>\n\t\t<\/section>\n\t\t\t\t\t<\/div>\n\t\t<\/div>\n\t\t\t\t\t<\/div>\n\t\t<\/section>\n\t\t\t\t\t<\/div>\n\t\t<\/div>\n\t\t\t\t\t<\/div>\n\t\t<\/section>\n\t\t\t\t<\/div>","protected":false},"excerpt":{"rendered":"<p>Servi\u00e7os: Preparamos sua empresa para a era digital. Estrat\u00e9gia Digital: Apoiamos as equipes de marketing e vendas de nossos clientes na execu\u00e7\u00e3o de seus planos de marketing digital por meio do modelo de Inbound Marketing. Saiba mais. M\u00eddias Sociais e Produ\u00e7\u00e3o de Conte\u00fado: As melhores pr\u00e1ticas em marketing de m\u00eddias sociais para suas necessidades de SMO (Marketing de M\u00eddias Sociais) [\u2026]<\/p>","protected":false},"author":1,"featured_media":6862,"parent":0,"menu_order":0,"comment_status":"closed","ping_status":"closed","template":"","meta":{"_eb_attr":"","footnotes":""},"class_list":["post-8773","page","type-page","status-publish","has-post-thumbnail","hentry"],"yoast_head":"<!-- This site is optimized with the Yoast SEO plugin v26.5 - https:\/\/yoast.com\/wordpress\/plugins\/seo\/ -->\n<title>Servicios - kmedia<\/title>\n<meta name=\"description\" content=\"Preparamos su Empresa para la era Digital\" \/>\n<meta name=\"robots\" content=\"index, follow, max-snippet:-1, max-image-preview:large, max-video-preview:-1\" \/>\n<link rel=\"canonical\" href=\"https:\/\/kmedia.co\/pt\/servicios\/\" \/>\n<meta property=\"og:locale\" content=\"pt_BR\" \/>\n<meta property=\"og:type\" content=\"article\" \/>\n<meta property=\"og:title\" content=\"Servicios - kmedia\" \/>\n<meta property=\"og:description\" content=\"Preparamos su Empresa para la era Digital\" \/>\n<meta property=\"og:url\" content=\"https:\/\/kmedia.co\/pt\/servicios\/\" \/>\n<meta property=\"og:site_name\" content=\"kmedia\" \/>\n<meta property=\"og:image\" content=\"https:\/\/kmedia.co\/wp-content\/uploads\/2021\/04\/servicio-estrategia-digital-3.png\" \/>\n\t<meta property=\"og:image:width\" content=\"615\" \/>\n\t<meta property=\"og:image:height\" content=\"559\" \/>\n\t<meta property=\"og:image:type\" content=\"image\/png\" \/>\n<meta name=\"twitter:card\" content=\"summary_large_image\" \/>\n<meta name=\"twitter:label1\" content=\"Est. tempo de leitura\" \/>\n\t<meta name=\"twitter:data1\" content=\"2 minutos\" \/>\n<script type=\"application\/ld+json\" class=\"yoast-schema-graph\">{\"@context\":\"https:\/\/schema.org\",\"@graph\":[{\"@type\":\"WebPage\",\"@id\":\"https:\/\/kmedia.co\/servicios\/\",\"url\":\"https:\/\/kmedia.co\/servicios\/\",\"name\":\"Servicios - kmedia\",\"isPartOf\":{\"@id\":\"https:\/\/kmedia.co\/#website\"},\"primaryImageOfPage\":{\"@id\":\"https:\/\/kmedia.co\/servicios\/#primaryimage\"},\"image\":{\"@id\":\"https:\/\/kmedia.co\/servicios\/#primaryimage\"},\"thumbnailUrl\":\"https:\/\/kmedia.co\/wp-content\/uploads\/2021\/04\/servicio-estrategia-digital-3.png\",\"datePublished\":\"2021-06-15T15:07:37+00:00\",\"description\":\"Preparamos su Empresa para la era Digital\",\"breadcrumb\":{\"@id\":\"https:\/\/kmedia.co\/servicios\/#breadcrumb\"},\"inLanguage\":\"pt-BR\",\"potentialAction\":[{\"@type\":\"ReadAction\",\"target\":[\"https:\/\/kmedia.co\/servicios\/\"]}]},{\"@type\":\"ImageObject\",\"inLanguage\":\"pt-BR\",\"@id\":\"https:\/\/kmedia.co\/servicios\/#primaryimage\",\"url\":\"https:\/\/kmedia.co\/wp-content\/uploads\/2021\/04\/servicio-estrategia-digital-3.png\",\"contentUrl\":\"https:\/\/kmedia.co\/wp-content\/uploads\/2021\/04\/servicio-estrategia-digital-3.png\",\"width\":615,\"height\":559,\"caption\":\"estrategia digital\"},{\"@type\":\"BreadcrumbList\",\"@id\":\"https:\/\/kmedia.co\/servicios\/#breadcrumb\",\"itemListElement\":[{\"@type\":\"ListItem\",\"position\":1,\"name\":\"Home\",\"item\":\"https:\/\/kmedia.co\/\"},{\"@type\":\"ListItem\",\"position\":2,\"name\":\"Servicios\"}]},{\"@type\":\"WebSite\",\"@id\":\"https:\/\/kmedia.co\/#website\",\"url\":\"https:\/\/kmedia.co\/\",\"name\":\"kmedia\",\"description\":\"Planee y desarrolle su  estrategia digital con KMEDIA. PBX :702 2000\",\"potentialAction\":[{\"@type\":\"SearchAction\",\"target\":{\"@type\":\"EntryPoint\",\"urlTemplate\":\"https:\/\/kmedia.co\/?s={search_term_string}\"},\"query-input\":{\"@type\":\"PropertyValueSpecification\",\"valueRequired\":true,\"valueName\":\"search_term_string\"}}],\"inLanguage\":\"pt-BR\"}]}<\/script>\n<!-- \/ Yoast SEO plugin. -->","yoast_head_json":{"title":"Servi\u00e7os - Kmedia","description":"Preparamos a sua empresa para a era digital.","robots":{"index":"index","follow":"follow","max-snippet":"max-snippet:-1","max-image-preview":"max-image-preview:large","max-video-preview":"max-video-preview:-1"},"canonical":"https:\/\/kmedia.co\/pt\/servicios\/","og_locale":"pt_BR","og_type":"article","og_title":"Servicios - kmedia","og_description":"Preparamos su Empresa para la era Digital","og_url":"https:\/\/kmedia.co\/pt\/servicios\/","og_site_name":"kmedia","og_image":[{"width":615,"height":559,"url":"https:\/\/kmedia.co\/wp-content\/uploads\/2021\/04\/servicio-estrategia-digital-3.png","type":"image\/png"}],"twitter_card":"summary_large_image","twitter_misc":{"Est. tempo de leitura":"2 minutos"},"schema":{"@context":"https:\/\/schema.org","@graph":[{"@type":"WebPage","@id":"https:\/\/kmedia.co\/servicios\/","url":"https:\/\/kmedia.co\/servicios\/","name":"Servi\u00e7os - Kmedia","isPartOf":{"@id":"https:\/\/kmedia.co\/#website"},"primaryImageOfPage":{"@id":"https:\/\/kmedia.co\/servicios\/#primaryimage"},"image":{"@id":"https:\/\/kmedia.co\/servicios\/#primaryimage"},"thumbnailUrl":"https:\/\/kmedia.co\/wp-content\/uploads\/2021\/04\/servicio-estrategia-digital-3.png","datePublished":"2021-06-15T15:07:37+00:00","description":"Preparamos a sua empresa para a era digital.","breadcrumb":{"@id":"https:\/\/kmedia.co\/servicios\/#breadcrumb"},"inLanguage":"pt-BR","potentialAction":[{"@type":"ReadAction","target":["https:\/\/kmedia.co\/servicios\/"]}]},{"@type":"ImageObject","inLanguage":"pt-BR","@id":"https:\/\/kmedia.co\/servicios\/#primaryimage","url":"https:\/\/kmedia.co\/wp-content\/uploads\/2021\/04\/servicio-estrategia-digital-3.png","contentUrl":"https:\/\/kmedia.co\/wp-content\/uploads\/2021\/04\/servicio-estrategia-digital-3.png","width":615,"height":559,"caption":"estrategia digital"},{"@type":"BreadcrumbList","@id":"https:\/\/kmedia.co\/servicios\/#breadcrumb","itemListElement":[{"@type":"ListItem","position":1,"name":"Home","item":"https:\/\/kmedia.co\/"},{"@type":"ListItem","position":2,"name":"Servicios"}]},{"@type":"WebSite","@id":"https:\/\/kmedia.co\/#website","url":"https:\/\/kmedia.co\/","name":"kmedia","description":"Planeje e desenvolva sua estrat\u00e9gia digital com a KMEDIA. PABX: 702 2000","potentialAction":[{"@type":"SearchAction","target":{"@type":"EntryPoint","urlTemplate":"https:\/\/kmedia.co\/?s={search_term_string}"},"query-input":{"@type":"PropertyValueSpecification","valueRequired":true,"valueName":"search_term_string"}}],"inLanguage":"pt-BR"}]}},"_links":{"self":[{"href":"https:\/\/kmedia.co\/pt\/wp-json\/wp\/v2\/pages\/8773","targetHints":{"allow":["GET"]}}],"collection":[{"href":"https:\/\/kmedia.co\/pt\/wp-json\/wp\/v2\/pages"}],"about":[{"href":"https:\/\/kmedia.co\/pt\/wp-json\/wp\/v2\/types\/page"}],"author":[{"embeddable":true,"href":"https:\/\/kmedia.co\/pt\/wp-json\/wp\/v2\/users\/1"}],"replies":[{"embeddable":true,"href":"https:\/\/kmedia.co\/pt\/wp-json\/wp\/v2\/comments?post=8773"}],"version-history":[{"count":0,"href":"https:\/\/kmedia.co\/pt\/wp-json\/wp\/v2\/pages\/8773\/revisions"}],"wp:featuredmedia":[{"embeddable":true,"href":"https:\/\/kmedia.co\/pt\/wp-json\/wp\/v2\/media\/6862"}],"wp:attachment":[{"href":"https:\/\/kmedia.co\/pt\/wp-json\/wp\/v2\/media?parent=8773"}],"curies":[{"name":"wp","href":"https:\/\/api.w.org\/{rel}","templated":true}]}}